{"id":166366,"date":"2026-02-13T21:23:16","date_gmt":"2026-02-13T19:23:16","guid":{"rendered":"https:\/\/exlibris.ee\/toode\/kompetent-dafz-unterrichten-grundlagenwissen-fur-sprachlehrkrafte-in-deutsch-als-fremd-und-zweitsprache-digitale-ausgabe\/"},"modified":"2026-04-18T17:23:21","modified_gmt":"2026-04-18T14:23:21","slug":"kompetent-dafz-unterrichten-grundlagenwissen-fur-sprachlehrkrafte-in-deutsch-als-fremd-und-zweitsprache-digitale-ausgabe","status":"publish","type":"product","link":"https:\/\/exlibris.ee\/ru\/produkt\/kompetent-dafz-unterrichten-grundlagenwissen-fur-sprachlehrkrafte-in-deutsch-als-fremd-und-zweitsprache-digitale-ausgabe\/","title":{"rendered":"Kompetent DaFZ unterrichten\/Grundlagenwissen f\u00fcr Sprachlehrkr\u00e4fte in Deutsch als Fremd- und Zweitsprache \/ Digitale Ausgabe"},"content":{"rendered":"<p>Kompetent DaFZ unterrichten steht als digitaler Reader auf der Plattform Hueber interaktiv zur Verf\u00fcgung. Das Buch richtet sich an Personen aus der ganzen Welt, die sich f\u00fcr die Vermittlung der deutschen Sprache qualifizieren m\u00f6chten, unabh\u00e4ngig von ihrem Aufenthaltsort.Voraussetzung sind Deutschkenntnisse auf mindestens Sprachniveau C1. Kompetent DaFZ unterrichten ist das perfekte praxisorientierte Arbeits- und Nachschlagewerk f\u00fcr angehende und erfahrene Lehrkr\u00e4fte, die sich systematisch in den Bereichen Sprachvermittlung, Plurikulturalit\u00e4t und Unterrichtsgestaltung weiterbilden m\u00f6chten.Der Reader wurde als Begleitmaterial des Weiterbildenden Studiums Deutsch als Fremd- und Zweitsprache der Johannes Gutenberg-Universit\u00e4t Mainz konzipiert.<\/p>\n","protected":false},"excerpt":{"rendered":"<p>Kompetent DaFZ unterrichten steht als digitaler Reader auf der Plattform Hueber interaktiv zur Verf\u00fcgung. Das Buch richtet sich an Personen aus der ganzen Welt, die sich f\u00fcr die Vermittlung der deutschen Sprache qualifizieren m\u00f6chten, unabh\u00e4ngig von ihrem Aufenthaltsort.Voraussetzung sind Deutschkenntnisse&#8230;<\/p>\n","protected":false},"featured_media":338905,"template":"","meta":{"_acf_changed":false,"inline_featured_image":false},"product_brand":[],"product_cat":[886],"product_tag":[],"series":[],"publisher":[{"id":497,"name":"Hueber Verlag","slug":"hueber-verlag"}],"class_list":{"0":"post-166366","1":"product","2":"type-product","3":"status-publish","4":"has-post-thumbnail","6":"product_cat-methodik","7":"publisher-hueber-verlag","9":"first","10":"onbackorder","11":"taxable","12":"shipping-taxable","13":"purchasable","14":"product-type-simple"},"acf":[],"_links":{"self":[{"href":"https:\/\/exlibris.ee\/ru\/wp-json\/wp\/v2\/product\/166366","targetHints":{"allow":["GET"]}}],"collection":[{"href":"https:\/\/exlibris.ee\/ru\/wp-json\/wp\/v2\/product"}],"about":[{"href":"https:\/\/exlibris.ee\/ru\/wp-json\/wp\/v2\/types\/product"}],"wp:featuredmedia":[{"embeddable":true,"href":"https:\/\/exlibris.ee\/ru\/wp-json\/wp\/v2\/media\/338905"}],"wp:attachment":[{"href":"https:\/\/exlibris.ee\/ru\/wp-json\/wp\/v2\/media?parent=166366"}],"wp:term":[{"taxonomy":"product_brand","embeddable":true,"href":"https:\/\/exlibris.ee\/ru\/wp-json\/wp\/v2\/product_brand?post=166366"},{"taxonomy":"product_cat","embeddable":true,"href":"https:\/\/exlibris.ee\/ru\/wp-json\/wp\/v2\/product_cat?post=166366"},{"taxonomy":"product_tag","embeddable":true,"href":"https:\/\/exlibris.ee\/ru\/wp-json\/wp\/v2\/product_tag?post=166366"},{"taxonomy":"series","embeddable":true,"href":"https:\/\/exlibris.ee\/ru\/wp-json\/wp\/v2\/series?post=166366"},{"taxonomy":"publisher","embeddable":true,"href":"https:\/\/exlibris.ee\/ru\/wp-json\/wp\/v2\/publisher?post=166366"}],"curies":[{"name":"wp","href":"https:\/\/api.w.org\/{rel}","templated":true}]}}