{"id":166383,"date":"2026-02-13T21:24:12","date_gmt":"2026-02-13T19:24:12","guid":{"rendered":"https:\/\/exlibris.ee\/toode\/gute-idee-b1-kursbuch-interaktive-version\/"},"modified":"2026-04-17T17:37:17","modified_gmt":"2026-04-17T14:37:17","slug":"gute-idee-b1-kursbuch-interaktive-version","status":"publish","type":"product","link":"https:\/\/exlibris.ee\/ru\/produkt\/gute-idee-b1-kursbuch-interaktive-version\/","title":{"rendered":"Gute Idee! B1  Kursbuch &#8212; interaktive Version"},"content":{"rendered":"<p>Gute Idee! ist ein DaF-Lehrwerk f\u00fcr Jugendliche mit einem handlungsorientierten, kommunikativen Ansatz. Emotional ber\u00fchrende und ausgefallene Texte und Themen motivieren die Heranwachsenden f\u00fcr den Deutschunterricht. Die interaktive Version (rein digitales Produkt) enth\u00e4lt:alle H\u00f6rdateien und Filme des Buches, direkt bei der jeweiligen Aufgabe abrufbar,interaktiv umgesetzte Kursbuch\u00fcbungen zum Einsatz im Unterricht oder zum individuellen Wiederholen der Kursinhalte, eine umfangreiche Toolbar mit vielseitigen Funktionen f\u00fcr den Einsatz am Whiteboard (u. a. markieren, Notizen, Schreibwerkzeuge u.v.m.)<\/p>\n","protected":false},"excerpt":{"rendered":"<p>Gute Idee! ist ein DaF-Lehrwerk f\u00fcr Jugendliche mit einem handlungsorientierten, kommunikativen Ansatz. Emotional ber\u00fchrende und ausgefallene Texte und Themen motivieren die Heranwachsenden f\u00fcr den Deutschunterricht. Die interaktive Version (rein digitales Produkt) enth\u00e4lt:alle H\u00f6rdateien und Filme des Buches, direkt bei der&#8230;<\/p>\n","protected":false},"featured_media":321995,"template":"","meta":{"_acf_changed":false,"inline_featured_image":false},"product_brand":[],"product_cat":[1127],"product_tag":[],"series":[{"id":1188,"name":"Gute Idee!","slug":"gute-idee"}],"publisher":[{"id":497,"name":"Hueber Verlag","slug":"hueber-verlag"}],"class_list":{"0":"post-166383","1":"product","2":"type-product","3":"status-publish","4":"has-post-thumbnail","6":"product_cat-deutsch-fur-jugendliche","7":"series-gute-idee","8":"publisher-hueber-verlag","10":"first","11":"onbackorder","12":"taxable","13":"shipping-taxable","14":"purchasable","15":"product-type-simple"},"acf":[],"_links":{"self":[{"href":"https:\/\/exlibris.ee\/ru\/wp-json\/wp\/v2\/product\/166383","targetHints":{"allow":["GET"]}}],"collection":[{"href":"https:\/\/exlibris.ee\/ru\/wp-json\/wp\/v2\/product"}],"about":[{"href":"https:\/\/exlibris.ee\/ru\/wp-json\/wp\/v2\/types\/product"}],"wp:featuredmedia":[{"embeddable":true,"href":"https:\/\/exlibris.ee\/ru\/wp-json\/wp\/v2\/media\/321995"}],"wp:attachment":[{"href":"https:\/\/exlibris.ee\/ru\/wp-json\/wp\/v2\/media?parent=166383"}],"wp:term":[{"taxonomy":"product_brand","embeddable":true,"href":"https:\/\/exlibris.ee\/ru\/wp-json\/wp\/v2\/product_brand?post=166383"},{"taxonomy":"product_cat","embeddable":true,"href":"https:\/\/exlibris.ee\/ru\/wp-json\/wp\/v2\/product_cat?post=166383"},{"taxonomy":"product_tag","embeddable":true,"href":"https:\/\/exlibris.ee\/ru\/wp-json\/wp\/v2\/product_tag?post=166383"},{"taxonomy":"series","embeddable":true,"href":"https:\/\/exlibris.ee\/ru\/wp-json\/wp\/v2\/series?post=166383"},{"taxonomy":"publisher","embeddable":true,"href":"https:\/\/exlibris.ee\/ru\/wp-json\/wp\/v2\/publisher?post=166383"}],"curies":[{"name":"wp","href":"https:\/\/api.w.org\/{rel}","templated":true}]}}