{"id":169964,"date":"2026-02-17T19:09:35","date_gmt":"2026-02-17T17:09:35","guid":{"rendered":"https:\/\/exlibris.ee\/toode\/%d0%b2%d1%80%d0%b5%d0%bc%d1%8f-%d0%bf%d0%b5%d1%81%d0%be%d1%87%d0%bd%d1%8b%d1%85-%d1%87%d0%b0%d1%81%d0%be%d0%b2\/"},"modified":"2026-04-03T13:25:53","modified_gmt":"2026-04-03T10:25:53","slug":"%d0%b2%d1%80%d0%b5%d0%bc%d1%8f-%d0%bf%d0%b5%d1%81%d0%be%d1%87%d0%bd%d1%8b%d1%85-%d1%87%d0%b0%d1%81%d0%be%d0%b2","status":"publish","type":"product","link":"https:\/\/exlibris.ee\/ru\/produkt\/%d0%b2%d1%80%d0%b5%d0%bc%d1%8f-%d0%bf%d0%b5%d1%81%d0%be%d1%87%d0%bd%d1%8b%d1%85-%d1%87%d0%b0%d1%81%d0%be%d0%b2\/","title":{"rendered":"\u0412\u0440\u0435\u043c\u044f \u043f\u0435\u0441\u043e\u0447\u043d\u044b\u0445 \u0447\u0430\u0441\u043e\u0432"},"content":{"rendered":"<p>\u00ab\u0412\u0440\u0435\u043c\u044f \u043f\u0435\u0441\u043e\u0447\u043d\u044b\u0445 \u0447\u0430\u0441\u043e\u0432\u00bb \u2014 \u0441\u0431\u043e\u0440\u043d\u0438\u043a \u043f\u0440\u043e\u0437\u044b \u0410\u043d\u0434\u0440\u0435\u0439 \u0418\u0432\u0430\u043d\u043e\u0432, \u0432\u044b\u0448\u0435\u0434\u0448\u0438\u0439 \u0432 2026 \u0433\u043e\u0434\u0443. \u0412 \u043a\u043d\u0438\u0433\u0443 \u0432\u043e\u0448\u043b\u0438 \u043e\u0434\u043d\u043e\u0438\u043c\u0451\u043d\u043d\u0430\u044f \u043f\u043e\u0432\u0435\u0441\u0442\u044c, \u0440\u0430\u0441\u0441\u043a\u0430\u0437\u044b \u00ab\u041d\u043e\u0447\u044c\u00bb, \u00ab\u041e\u0434\u043d\u0430\u0436\u0434\u044b \u0432\u0441\u0451 \u043f\u043e\u043b\u0443\u0447\u0438\u0442\u0441\u044f\u00bb, \u00ab\u0422\u0443\u043c\u0430\u043d\u00bb \u0438 \u044d\u0441\u0441\u0435 \u00abGare du L\u00b4Est\u00bb.<br \/>\n\u0418\u0437\u0434\u0430\u043d\u0438\u0435 \u0437\u0430\u0432\u0435\u0440\u0448\u0430\u0435\u0442 \u0446\u0438\u043a\u043b, \u0441\u0432\u044f\u0437\u0430\u043d\u043d\u044b\u0439 \u0441 \u0440\u043e\u043c\u0430\u043d\u043e\u043c Untermensch: \u043c\u043e\u044f \u0440\u0430\u0437\u043e\u0440\u0432\u0430\u043d\u043d\u0430\u044f \u0447\u0430\u0441\u0442\u044c, \u0438 \u043f\u0440\u043e\u0434\u043e\u043b\u0436\u0430\u0435\u0442 \u0438\u0441\u0441\u043b\u0435\u0434\u043e\u0432\u0430\u043d\u0438\u0435 \u0442\u0435\u043c \u043f\u0430\u043c\u044f\u0442\u0438, \u043f\u0440\u043e\u0448\u043b\u043e\u0433\u043e \u0438 \u0441\u0430\u043c\u043e\u0438\u0434\u0435\u043d\u0442\u0438\u0444\u0438\u043a\u0430\u0446\u0438\u0438.<br \/>\n\u042d\u0442\u043e \u0438\u043d\u0442\u0435\u043b\u043b\u0435\u043a\u0442\u0443\u0430\u043b\u044c\u043d\u0430\u044f \u043f\u0440\u043e\u0437\u0430 \u043e \u0442\u043e\u043c, \u043a\u0430\u043a \u043b\u0438\u0447\u043d\u0430\u044f \u0438 \u0438\u0441\u0442\u043e\u0440\u0438\u0447\u0435\u0441\u043a\u0430\u044f \u043f\u0430\u043c\u044f\u0442\u044c \u0444\u043e\u0440\u043c\u0438\u0440\u0443\u044e\u0442 \u0447\u0435\u043b\u043e\u0432\u0435\u043a\u0430 \u0438 \u0435\u0433\u043e \u043e\u0449\u0443\u0449\u0435\u043d\u0438\u0435 \u0432\u0440\u0435\u043c\u0435\u043d\u0438. \u041a\u043d\u0438\u0433\u0430 \u0430\u0434\u0440\u0435\u0441\u043e\u0432\u0430\u043d\u0430 \u0447\u0438\u0442\u0430\u0442\u0435\u043b\u044f\u043c \u0441\u043e\u0432\u0440\u0435\u043c\u0435\u043d\u043d\u043e\u0439 \u0444\u0438\u043b\u043e\u0441\u043e\u0444\u0441\u043a\u043e\u0439 \u043b\u0438\u0442\u0435\u0440\u0430\u0442\u0443\u0440\u044b, \u0446\u0435\u043d\u044f\u0449\u0438\u043c \u0433\u043b\u0443\u0431\u043e\u043a\u043e\u0435, \u0432\u0434\u0443\u043c\u0447\u0438\u0432\u043e\u0435 \u0447\u0442\u0435\u043d\u0438\u0435.<\/p>\n<p>\u201e\u0412\u0440\u0435\u043c\u044f \u043f\u0435\u0441\u043e\u0447\u043d\u044b\u0445 \u0447\u0430\u0441\u043e\u0432\u201c on 2026. aastal ilmunud proosakogumik, mille autor on \u0410\u043d\u0434\u0440\u0435\u0439 \u0418\u0432\u0430\u043d\u043e\u0432. Raamatusse kuuluvad samanimeline jutustus, lood \u201e\u041d\u043e\u0447\u044c\u201c, \u201e\u041e\u0434\u043d\u0430\u0436\u0434\u044b \u0432\u0441\u0451 \u043f\u043e\u043b\u0443\u0447\u0438\u0442\u0441\u044f\u201c, \u201e\u0422\u0443\u043c\u0430\u043d\u201c ning essee \u201eGare du L\u00b4Est\u201c.<br \/>\nTeos l\u00f5petab romaaniga Untermensch: \u043c\u043e\u044f \u0440\u0430\u0437\u043e\u0440\u0432\u0430\u043d\u043d\u0430\u044f \u0447\u0430\u0441\u0442\u044c seotud ts\u00fckli ning k\u00e4sitleb m\u00e4lu, mineviku ja identiteedi teemasid.<br \/>\nSee on kaasaegne intellektuaalne proosa ajast, isiklikust ja ajaloolisest m\u00e4lust ning inimese enesetunnetusest. Raamat on m\u00f5eldud lugejatele, kes hindavad s\u00fcvenemist ja m\u00f5tlikku lugemiskogemust.<\/p>\n","protected":false},"excerpt":{"rendered":"<p>\u00ab\u0412\u0440\u0435\u043c\u044f \u043f\u0435\u0441\u043e\u0447\u043d\u044b\u0445 \u0447\u0430\u0441\u043e\u0432\u00bb \u2014 \u0441\u0431\u043e\u0440\u043d\u0438\u043a \u043f\u0440\u043e\u0437\u044b \u0410\u043d\u0434\u0440\u0435\u0439 \u0418\u0432\u0430\u043d\u043e\u0432, \u0432\u044b\u0448\u0435\u0434\u0448\u0438\u0439 \u0432 2026 \u0433\u043e\u0434\u0443. \u0412 \u043a\u043d\u0438\u0433\u0443 \u0432\u043e\u0448\u043b\u0438 \u043e\u0434\u043d\u043e\u0438\u043c\u0451\u043d\u043d\u0430\u044f \u043f\u043e\u0432\u0435\u0441\u0442\u044c, \u0440\u0430\u0441\u0441\u043a\u0430\u0437\u044b \u00ab\u041d\u043e\u0447\u044c\u00bb, \u00ab\u041e\u0434\u043d\u0430\u0436\u0434\u044b \u0432\u0441\u0451 \u043f\u043e\u043b\u0443\u0447\u0438\u0442\u0441\u044f\u00bb, \u00ab\u0422\u0443\u043c\u0430\u043d\u00bb \u0438 \u044d\u0441\u0441\u0435 \u00abGare du L\u00b4Est\u00bb. \u0418\u0437\u0434\u0430\u043d\u0438\u0435 \u0437\u0430\u0432\u0435\u0440\u0448\u0430\u0435\u0442 \u0446\u0438\u043a\u043b, \u0441\u0432\u044f\u0437\u0430\u043d\u043d\u044b\u0439 \u0441 \u0440\u043e\u043c\u0430\u043d\u043e\u043c Untermensch: \u043c\u043e\u044f \u0440\u0430\u0437\u043e\u0440\u0432\u0430\u043d\u043d\u0430\u044f \u0447\u0430\u0441\u0442\u044c, \u0438 \u043f\u0440\u043e\u0434\u043e\u043b\u0436\u0430\u0435\u0442&#8230;<\/p>\n","protected":false},"featured_media":170033,"template":"","meta":{"_acf_changed":false,"inline_featured_image":false},"product_brand":[],"product_cat":[2431],"product_tag":[],"series":[],"publisher":[{"id":2049,"name":"Avenarius","slug":"avenarius"}],"class_list":{"0":"post-169964","1":"product","2":"type-product","3":"status-publish","4":"has-post-thumbnail","6":"product_cat-rpro-vene","7":"publisher-avenarius","9":"first","10":"instock","11":"taxable","12":"shipping-taxable","13":"purchasable","14":"product-type-simple"},"acf":[],"_links":{"self":[{"href":"https:\/\/exlibris.ee\/ru\/wp-json\/wp\/v2\/product\/169964","targetHints":{"allow":["GET"]}}],"collection":[{"href":"https:\/\/exlibris.ee\/ru\/wp-json\/wp\/v2\/product"}],"about":[{"href":"https:\/\/exlibris.ee\/ru\/wp-json\/wp\/v2\/types\/product"}],"wp:featuredmedia":[{"embeddable":true,"href":"https:\/\/exlibris.ee\/ru\/wp-json\/wp\/v2\/media\/170033"}],"wp:attachment":[{"href":"https:\/\/exlibris.ee\/ru\/wp-json\/wp\/v2\/media?parent=169964"}],"wp:term":[{"taxonomy":"product_brand","embeddable":true,"href":"https:\/\/exlibris.ee\/ru\/wp-json\/wp\/v2\/product_brand?post=169964"},{"taxonomy":"product_cat","embeddable":true,"href":"https:\/\/exlibris.ee\/ru\/wp-json\/wp\/v2\/product_cat?post=169964"},{"taxonomy":"product_tag","embeddable":true,"href":"https:\/\/exlibris.ee\/ru\/wp-json\/wp\/v2\/product_tag?post=169964"},{"taxonomy":"series","embeddable":true,"href":"https:\/\/exlibris.ee\/ru\/wp-json\/wp\/v2\/series?post=169964"},{"taxonomy":"publisher","embeddable":true,"href":"https:\/\/exlibris.ee\/ru\/wp-json\/wp\/v2\/publisher?post=169964"}],"curies":[{"name":"wp","href":"https:\/\/api.w.org\/{rel}","templated":true}]}}