{"id":171013,"date":"2026-03-04T17:16:24","date_gmt":"2026-03-04T15:16:24","guid":{"rendered":"https:\/\/exlibris.ee\/toode\/menschen-im-beruf-pflege-b1-kursbuch-mit-audio-cd\/"},"modified":"2026-04-13T23:43:37","modified_gmt":"2026-04-13T20:43:37","slug":"menschen-im-beruf-pflege-b1-kursbuch-mit-audio-cd","status":"publish","type":"product","link":"https:\/\/exlibris.ee\/ru\/produkt\/menschen-im-beruf-pflege-b1-kursbuch-mit-audio-cd\/","title":{"rendered":"Menschen im Beruf &#8212; Pflege B1 Kursbuch mit Audio-CD"},"content":{"rendered":"<p>Das Lehrwerk konzentriert sich auf sprachliche Situationen, die in Kliniken, Altenheimen und der h\u00e4uslichen Pflege typisch sind. Dazu geh\u00f6ren:<br \/>\nPatientengespr\u00e4che \u2014 Beschwerden aufnehmen, Symptome erfragen, Anweisungen geben.<br \/>\nKommunikation im Team \u2014 Informationen weitergeben, \u00dcbergaben, kurze Absprachen.<br \/>\nAlltagsaufgaben in der Pflege \u2014 Vitalwerte, Pflegehandlungen, organisatorische Abl\u00e4ufe.<br \/>\nH\u00f6fliche und klare Redemittel \u2014 besonders wichtig f\u00fcr sensible Situationen.<\/p>\n","protected":false},"excerpt":{"rendered":"<p>Das Lehrwerk konzentriert sich auf sprachliche Situationen, die in Kliniken, Altenheimen und der h\u00e4uslichen Pflege typisch sind. Dazu geh\u00f6ren: Patientengespr\u00e4che \u2014 Beschwerden aufnehmen, Symptome erfragen, Anweisungen geben. Kommunikation im Team \u2014 Informationen weitergeben, \u00dcbergaben, kurze Absprachen. Alltagsaufgaben in der Pflege&#8230;<\/p>\n","protected":false},"featured_media":252993,"template":"","meta":{"_acf_changed":false,"inline_featured_image":false},"product_brand":[],"product_cat":[885],"product_tag":[],"series":[],"publisher":[{"id":497,"name":"Hueber Verlag","slug":"hueber-verlag"}],"class_list":{"0":"post-171013","1":"product","2":"type-product","3":"status-publish","4":"has-post-thumbnail","6":"product_cat-berufssprache","7":"publisher-hueber-verlag","9":"first","10":"instock","11":"taxable","12":"shipping-taxable","13":"purchasable","14":"product-type-simple"},"acf":[],"_links":{"self":[{"href":"https:\/\/exlibris.ee\/ru\/wp-json\/wp\/v2\/product\/171013","targetHints":{"allow":["GET"]}}],"collection":[{"href":"https:\/\/exlibris.ee\/ru\/wp-json\/wp\/v2\/product"}],"about":[{"href":"https:\/\/exlibris.ee\/ru\/wp-json\/wp\/v2\/types\/product"}],"wp:featuredmedia":[{"embeddable":true,"href":"https:\/\/exlibris.ee\/ru\/wp-json\/wp\/v2\/media\/252993"}],"wp:attachment":[{"href":"https:\/\/exlibris.ee\/ru\/wp-json\/wp\/v2\/media?parent=171013"}],"wp:term":[{"taxonomy":"product_brand","embeddable":true,"href":"https:\/\/exlibris.ee\/ru\/wp-json\/wp\/v2\/product_brand?post=171013"},{"taxonomy":"product_cat","embeddable":true,"href":"https:\/\/exlibris.ee\/ru\/wp-json\/wp\/v2\/product_cat?post=171013"},{"taxonomy":"product_tag","embeddable":true,"href":"https:\/\/exlibris.ee\/ru\/wp-json\/wp\/v2\/product_tag?post=171013"},{"taxonomy":"series","embeddable":true,"href":"https:\/\/exlibris.ee\/ru\/wp-json\/wp\/v2\/series?post=171013"},{"taxonomy":"publisher","embeddable":true,"href":"https:\/\/exlibris.ee\/ru\/wp-json\/wp\/v2\/publisher?post=171013"}],"curies":[{"name":"wp","href":"https:\/\/api.w.org\/{rel}","templated":true}]}}