{"id":171028,"date":"2026-03-04T21:11:16","date_gmt":"2026-03-04T19:11:16","guid":{"rendered":"https:\/\/exlibris.ee\/toode\/kontext-c1-testheft-digitaler-testdaf-students-blinklearning\/"},"modified":"2026-04-16T21:41:31","modified_gmt":"2026-04-16T18:41:31","slug":"kontext-c1-testheft-digitaler-testdaf-students-blinklearning","status":"publish","type":"product","link":"https:\/\/exlibris.ee\/ru\/produkt\/kontext-c1-testheft-digitaler-testdaf-students-blinklearning\/","title":{"rendered":"Kontext C1, Testheft Digitaler TestDaF \/ Students \/ BlinkLearning"},"content":{"rendered":"<p>Diese digitale Ausgabe mit interaktiven \u00dcbungen steht Ihnen im Learning Management System (LMS) BlinkLearning zur Verf\u00fcgung. Interaktive \u00dcbungen \u2013 das besondere Extra. Mit abwechslungsreichen \u00dcbungstypen lernen: Zuordnen, L\u00fcckentexte, Multiple Choice u.v.m. Ergebnisse direkt sehen und auswerten lassen Dank transparentem Punktesystem den Lernfortschritt immer im Blick haben Ihre digitalen Vorteile: Nutzen Sie die digitale Ausgabe auf Ihrem Tablet, Laptop oder PC \u2013 online oder offline. Arbeiten Sie mit praktischen Werkzeugen: Notizen und Textfelder einf\u00fcgen, Inhalte markieren, unterstreichen u.v.m. Im Klassenverband k\u00f6nnen Sie direkt mit Ihrem Kursleiter\/Ihrer Kursleiterin und mit anderen Teilnehmer\/-innen kommunizieren. Lizenzcode (Lernende, 14 Monate).<\/p>\n","protected":false},"excerpt":{"rendered":"<p>Diese digitale Ausgabe mit interaktiven \u00dcbungen steht Ihnen im Learning Management System (LMS) BlinkLearning zur Verf\u00fcgung. Interaktive \u00dcbungen \u2013 das besondere Extra. Mit abwechslungsreichen \u00dcbungstypen lernen: Zuordnen, L\u00fcckentexte, Multiple Choice u.v.m. Ergebnisse direkt sehen und auswerten lassen Dank transparentem Punktesystem&#8230;<\/p>\n","protected":false},"featured_media":307655,"template":"","meta":{"_acf_changed":false,"inline_featured_image":false},"product_brand":[],"product_cat":[538],"product_tag":[],"series":[{"id":1435,"name":"Kontext","slug":"kontext"}],"publisher":[{"id":473,"name":"Klett Verlag","slug":"klett-verlag"}],"class_list":{"0":"post-171028","1":"product","2":"type-product","3":"status-publish","4":"has-post-thumbnail","6":"product_cat-lehrwerke-fur-erwachsene","7":"series-kontext","8":"publisher-klett-verlag","10":"first","11":"onbackorder","12":"taxable","13":"shipping-taxable","14":"purchasable","15":"product-type-simple"},"acf":[],"_links":{"self":[{"href":"https:\/\/exlibris.ee\/ru\/wp-json\/wp\/v2\/product\/171028","targetHints":{"allow":["GET"]}}],"collection":[{"href":"https:\/\/exlibris.ee\/ru\/wp-json\/wp\/v2\/product"}],"about":[{"href":"https:\/\/exlibris.ee\/ru\/wp-json\/wp\/v2\/types\/product"}],"wp:featuredmedia":[{"embeddable":true,"href":"https:\/\/exlibris.ee\/ru\/wp-json\/wp\/v2\/media\/307655"}],"wp:attachment":[{"href":"https:\/\/exlibris.ee\/ru\/wp-json\/wp\/v2\/media?parent=171028"}],"wp:term":[{"taxonomy":"product_brand","embeddable":true,"href":"https:\/\/exlibris.ee\/ru\/wp-json\/wp\/v2\/product_brand?post=171028"},{"taxonomy":"product_cat","embeddable":true,"href":"https:\/\/exlibris.ee\/ru\/wp-json\/wp\/v2\/product_cat?post=171028"},{"taxonomy":"product_tag","embeddable":true,"href":"https:\/\/exlibris.ee\/ru\/wp-json\/wp\/v2\/product_tag?post=171028"},{"taxonomy":"series","embeddable":true,"href":"https:\/\/exlibris.ee\/ru\/wp-json\/wp\/v2\/series?post=171028"},{"taxonomy":"publisher","embeddable":true,"href":"https:\/\/exlibris.ee\/ru\/wp-json\/wp\/v2\/publisher?post=171028"}],"curies":[{"name":"wp","href":"https:\/\/api.w.org\/{rel}","templated":true}]}}