{"id":172961,"date":"2026-03-31T07:28:01","date_gmt":"2026-03-31T04:28:01","guid":{"rendered":"https:\/\/exlibris.ee\/toode\/grundstufen-grammatik-fur-daf\/"},"modified":"2026-04-26T11:38:37","modified_gmt":"2026-04-26T08:38:37","slug":"grundstufen-grammatik-fur-daf","status":"publish","type":"product","link":"https:\/\/exlibris.ee\/ru\/produkt\/grundstufen-grammatik-fur-daf\/","title":{"rendered":"Grundstufen-Grammatik f\u00fcr DaF"},"content":{"rendered":"<p>GSG. Grundstufengrammatik DaF ist eine klar und \u00fcbersichtlich aufgebaute Grundgrammatik der deutschen Sprache.<br \/>\nSie eignet sich hervorragend zum Lernen, Wiederholen und Vertiefen zentraler morpho\u2011syntaktischer Strukturen.<br \/>\nDas Buch enth\u00e4lt zahlreiche \u00dcbungen bis zum Niveau B1 und bietet kompakte, leicht verst\u00e4ndliche Erkl\u00e4rungen.<\/p>\n","protected":false},"excerpt":{"rendered":"<p>GSG. Grundstufengrammatik DaF ist eine klar und \u00fcbersichtlich aufgebaute Grundgrammatik der deutschen Sprache. Sie eignet sich hervorragend zum Lernen, Wiederholen und Vertiefen zentraler morpho\u2011syntaktischer Strukturen. Das Buch enth\u00e4lt zahlreiche \u00dcbungen bis zum Niveau B1 und bietet kompakte, leicht verst\u00e4ndliche Erkl\u00e4rungen.<\/p>\n","protected":false},"featured_media":0,"template":"","meta":{"_acf_changed":false,"inline_featured_image":false},"product_brand":[],"product_cat":[470],"product_tag":[],"series":[],"publisher":[{"id":497,"name":"Hueber Verlag","slug":"hueber-verlag"}],"class_list":{"0":"post-172961","1":"product","2":"type-product","3":"status-publish","5":"product_cat-saksa-keel","6":"publisher-hueber-verlag","8":"first","9":"instock","10":"taxable","11":"shipping-taxable","12":"purchasable","13":"product-type-simple"},"acf":[],"_links":{"self":[{"href":"https:\/\/exlibris.ee\/ru\/wp-json\/wp\/v2\/product\/172961","targetHints":{"allow":["GET"]}}],"collection":[{"href":"https:\/\/exlibris.ee\/ru\/wp-json\/wp\/v2\/product"}],"about":[{"href":"https:\/\/exlibris.ee\/ru\/wp-json\/wp\/v2\/types\/product"}],"wp:attachment":[{"href":"https:\/\/exlibris.ee\/ru\/wp-json\/wp\/v2\/media?parent=172961"}],"wp:term":[{"taxonomy":"product_brand","embeddable":true,"href":"https:\/\/exlibris.ee\/ru\/wp-json\/wp\/v2\/product_brand?post=172961"},{"taxonomy":"product_cat","embeddable":true,"href":"https:\/\/exlibris.ee\/ru\/wp-json\/wp\/v2\/product_cat?post=172961"},{"taxonomy":"product_tag","embeddable":true,"href":"https:\/\/exlibris.ee\/ru\/wp-json\/wp\/v2\/product_tag?post=172961"},{"taxonomy":"series","embeddable":true,"href":"https:\/\/exlibris.ee\/ru\/wp-json\/wp\/v2\/series?post=172961"},{"taxonomy":"publisher","embeddable":true,"href":"https:\/\/exlibris.ee\/ru\/wp-json\/wp\/v2\/publisher?post=172961"}],"curies":[{"name":"wp","href":"https:\/\/api.w.org\/{rel}","templated":true}]}}