{"id":172964,"date":"2026-03-31T07:28:02","date_gmt":"2026-03-31T04:28:02","guid":{"rendered":"https:\/\/exlibris.ee\/toode\/em-neu-bruckenkurs\/"},"modified":"2026-04-22T09:42:24","modified_gmt":"2026-04-22T06:42:24","slug":"em-neu-bruckenkurs","status":"publish","type":"product","link":"https:\/\/exlibris.ee\/ru\/produkt\/em-neu-bruckenkurs\/","title":{"rendered":"Em neu Br\u00fcckenkurs"},"content":{"rendered":"<p>Em Neu: Br\u00fcckenkurs Deutsch als Fremdsprache ist ein Lehrwerk f\u00fcr Lernende der Mittelstufe und f\u00fchrt gezielt zum Niveau B1.<br \/>\nDer Kurs steht zwischen em Hauptkurs und em Abschlusskurs und wurde in der Neubearbeitung umfassend aktualisiert: Viele Texte und \u00dcbungen wurden ersetzt, sodass alte und neue Ausgabe nicht parallel verwendet werden k\u00f6nnen.<\/p>\n","protected":false},"excerpt":{"rendered":"<p>Em Neu: Br\u00fcckenkurs Deutsch als Fremdsprache ist ein Lehrwerk f\u00fcr Lernende der Mittelstufe und f\u00fchrt gezielt zum Niveau B1. Der Kurs steht zwischen em Hauptkurs und em Abschlusskurs und wurde in der Neubearbeitung umfassend aktualisiert: Viele Texte und \u00dcbungen wurden&#8230;<\/p>\n","protected":false},"featured_media":0,"template":"","meta":{"_acf_changed":false,"inline_featured_image":false},"product_brand":[],"product_cat":[470],"product_tag":[],"series":[],"publisher":[{"id":497,"name":"Hueber Verlag","slug":"hueber-verlag"}],"class_list":{"0":"post-172964","1":"product","2":"type-product","3":"status-publish","5":"product_cat-saksa-keel","6":"publisher-hueber-verlag","8":"first","9":"instock","10":"taxable","11":"shipping-taxable","12":"purchasable","13":"product-type-simple"},"acf":[],"_links":{"self":[{"href":"https:\/\/exlibris.ee\/ru\/wp-json\/wp\/v2\/product\/172964","targetHints":{"allow":["GET"]}}],"collection":[{"href":"https:\/\/exlibris.ee\/ru\/wp-json\/wp\/v2\/product"}],"about":[{"href":"https:\/\/exlibris.ee\/ru\/wp-json\/wp\/v2\/types\/product"}],"wp:attachment":[{"href":"https:\/\/exlibris.ee\/ru\/wp-json\/wp\/v2\/media?parent=172964"}],"wp:term":[{"taxonomy":"product_brand","embeddable":true,"href":"https:\/\/exlibris.ee\/ru\/wp-json\/wp\/v2\/product_brand?post=172964"},{"taxonomy":"product_cat","embeddable":true,"href":"https:\/\/exlibris.ee\/ru\/wp-json\/wp\/v2\/product_cat?post=172964"},{"taxonomy":"product_tag","embeddable":true,"href":"https:\/\/exlibris.ee\/ru\/wp-json\/wp\/v2\/product_tag?post=172964"},{"taxonomy":"series","embeddable":true,"href":"https:\/\/exlibris.ee\/ru\/wp-json\/wp\/v2\/series?post=172964"},{"taxonomy":"publisher","embeddable":true,"href":"https:\/\/exlibris.ee\/ru\/wp-json\/wp\/v2\/publisher?post=172964"}],"curies":[{"name":"wp","href":"https:\/\/api.w.org\/{rel}","templated":true}]}}