{"id":172965,"date":"2026-03-31T07:28:02","date_gmt":"2026-03-31T04:28:02","guid":{"rendered":"https:\/\/exlibris.ee\/toode\/ene-a2-kursbuch-arbeitsbuch-2-audio-cds\/"},"modified":"2026-04-24T01:37:00","modified_gmt":"2026-04-23T22:37:00","slug":"ene-a2-kursbuch-arbeitsbuch-2-audio-cds","status":"publish","type":"product","link":"https:\/\/exlibris.ee\/ru\/produkt\/ene-a2-kursbuch-arbeitsbuch-2-audio-cds\/","title":{"rendered":"e\u00f1e A2. Kursbuch + Arbeitsbuch + 2 Audio-CDs"},"content":{"rendered":"<p>e\u00f1e A2. Kursbuch + Arbeitsbuch + 2 Audio-CDs. e\u00f1e A2 corresponde al nivel A2 del Marco Com\u00fan Europeo de Referencia para las Lenguas y prepara espec\u00edficamente para el examen telc Espa\u00f1ol A2. El curso incluye: 9 unidades  Juegos de repaso para consolidar los contenidos  Pruebas y listas de control para la autoevaluaci\u00f3n  Los audios completos en CD El material est\u00e1 pensado para aproximadamente tres semestres, con unas 30 horas lectivas por semestre, y es adecuado tanto para el aula como para el estudio aut\u00f3nomo.<\/p>\n","protected":false},"excerpt":{"rendered":"<p>e\u00f1e A2. Kursbuch + Arbeitsbuch + 2 Audio-CDs. e\u00f1e A2 corresponde al nivel A2 del Marco Com\u00fan Europeo de Referencia para las Lenguas y prepara espec\u00edficamente para el examen telc Espa\u00f1ol A2. El curso incluye: 9 unidades Juegos de repaso&#8230;<\/p>\n","protected":false},"featured_media":430052,"template":"","meta":{"_acf_changed":false,"inline_featured_image":false},"product_brand":[],"product_cat":[889],"product_tag":[],"series":[],"publisher":[{"id":497,"name":"Hueber Verlag","slug":"hueber-verlag"}],"class_list":{"0":"post-172965","1":"product","2":"type-product","3":"status-publish","4":"has-post-thumbnail","6":"product_cat-hispaania-keel","7":"publisher-hueber-verlag","9":"first","10":"instock","11":"taxable","12":"shipping-taxable","13":"purchasable","14":"product-type-simple"},"acf":[],"_links":{"self":[{"href":"https:\/\/exlibris.ee\/ru\/wp-json\/wp\/v2\/product\/172965","targetHints":{"allow":["GET"]}}],"collection":[{"href":"https:\/\/exlibris.ee\/ru\/wp-json\/wp\/v2\/product"}],"about":[{"href":"https:\/\/exlibris.ee\/ru\/wp-json\/wp\/v2\/types\/product"}],"wp:featuredmedia":[{"embeddable":true,"href":"https:\/\/exlibris.ee\/ru\/wp-json\/wp\/v2\/media\/430052"}],"wp:attachment":[{"href":"https:\/\/exlibris.ee\/ru\/wp-json\/wp\/v2\/media?parent=172965"}],"wp:term":[{"taxonomy":"product_brand","embeddable":true,"href":"https:\/\/exlibris.ee\/ru\/wp-json\/wp\/v2\/product_brand?post=172965"},{"taxonomy":"product_cat","embeddable":true,"href":"https:\/\/exlibris.ee\/ru\/wp-json\/wp\/v2\/product_cat?post=172965"},{"taxonomy":"product_tag","embeddable":true,"href":"https:\/\/exlibris.ee\/ru\/wp-json\/wp\/v2\/product_tag?post=172965"},{"taxonomy":"series","embeddable":true,"href":"https:\/\/exlibris.ee\/ru\/wp-json\/wp\/v2\/series?post=172965"},{"taxonomy":"publisher","embeddable":true,"href":"https:\/\/exlibris.ee\/ru\/wp-json\/wp\/v2\/publisher?post=172965"}],"curies":[{"name":"wp","href":"https:\/\/api.w.org\/{rel}","templated":true}]}}