{"id":20793,"date":"2023-02-27T13:40:23","date_gmt":"2023-02-27T11:40:23","guid":{"rendered":"https:\/\/exlibris.ee\/toode\/logisch-neu-a2-1-arbeitsbuch-mit-audios-zum-download\/"},"modified":"2026-04-04T03:09:30","modified_gmt":"2026-04-04T00:09:30","slug":"logisch-neu-a2-1-arbeitsbuch-mit-audios-zum-download","status":"publish","type":"product","link":"https:\/\/exlibris.ee\/ru\/produkt\/logisch-neu-a2-1-arbeitsbuch-mit-audios-zum-download\/","title":{"rendered":"Logisch neu, A2.1, AB m. MP3 z. Download"},"content":{"rendered":"<p>Logisch! neu f\u00fcr Jugendliche ab 10 Jahren Auch geeignet f\u00fcr Unterricht mit geringer Wochenstundenzahl Einfache Orientierung Einfache Progression und Aufgabenstruktur Pr\u00fcfungsvorbereitung (Fit neu, Kid, DSD I) Eine Clique begleitet die SuS mit jugendgerechten Geschichten durchs ganze Buch Filmclips.<\/p>\n","protected":false},"excerpt":{"rendered":"<p>Logisch! neu f\u00fcr Jugendliche ab 10 Jahren Auch geeignet f\u00fcr Unterricht mit geringer Wochenstundenzahl Einfache Orientierung Einfache Progression und Aufgabenstruktur Pr\u00fcfungsvorbereitung (Fit neu, Kid, DSD I) Eine Clique begleitet die SuS mit jugendgerechten Geschichten durchs ganze Buch Filmclips.<\/p>\n","protected":false},"featured_media":80730,"template":"","meta":{"_acf_changed":false,"inline_featured_image":false},"product_brand":[],"product_cat":[477],"product_tag":[],"series":[{"id":487,"name":"Logisch Neu! A2.1","slug":"logisch-neu-a2-1"}],"publisher":[{"id":473,"name":"Klett Verlag","slug":"klett-verlag"}],"class_list":{"0":"post-20793","1":"product","2":"type-product","3":"status-publish","4":"has-post-thumbnail","6":"product_cat-lehrwerke-fur-jugendliche","7":"series-logisch-neu-a2-1","8":"publisher-klett-verlag","10":"first","11":"onbackorder","12":"taxable","13":"shipping-taxable","14":"purchasable","15":"product-type-simple"},"acf":[],"_links":{"self":[{"href":"https:\/\/exlibris.ee\/ru\/wp-json\/wp\/v2\/product\/20793","targetHints":{"allow":["GET"]}}],"collection":[{"href":"https:\/\/exlibris.ee\/ru\/wp-json\/wp\/v2\/product"}],"about":[{"href":"https:\/\/exlibris.ee\/ru\/wp-json\/wp\/v2\/types\/product"}],"wp:featuredmedia":[{"embeddable":true,"href":"https:\/\/exlibris.ee\/ru\/wp-json\/wp\/v2\/media\/80730"}],"wp:attachment":[{"href":"https:\/\/exlibris.ee\/ru\/wp-json\/wp\/v2\/media?parent=20793"}],"wp:term":[{"taxonomy":"product_brand","embeddable":true,"href":"https:\/\/exlibris.ee\/ru\/wp-json\/wp\/v2\/product_brand?post=20793"},{"taxonomy":"product_cat","embeddable":true,"href":"https:\/\/exlibris.ee\/ru\/wp-json\/wp\/v2\/product_cat?post=20793"},{"taxonomy":"product_tag","embeddable":true,"href":"https:\/\/exlibris.ee\/ru\/wp-json\/wp\/v2\/product_tag?post=20793"},{"taxonomy":"series","embeddable":true,"href":"https:\/\/exlibris.ee\/ru\/wp-json\/wp\/v2\/series?post=20793"},{"taxonomy":"publisher","embeddable":true,"href":"https:\/\/exlibris.ee\/ru\/wp-json\/wp\/v2\/publisher?post=20793"}],"curies":[{"name":"wp","href":"https:\/\/api.w.org\/{rel}","templated":true}]}}