{"id":20798,"date":"2023-02-27T13:40:24","date_gmt":"2023-02-27T11:40:24","guid":{"rendered":"https:\/\/exlibris.ee\/toode\/logisch-neu-b1-arbeitsbuch-mit-audios-zum-download\/"},"modified":"2026-04-16T16:04:27","modified_gmt":"2026-04-16T13:04:27","slug":"logisch-neu-b1-arbeitsbuch-mit-audios-zum-download","status":"publish","type":"product","link":"https:\/\/exlibris.ee\/ru\/produkt\/logisch-neu-b1-arbeitsbuch-mit-audios-zum-download\/","title":{"rendered":"Logisch neu, B1 Arbeitsbuch mit Audios zum Download"},"content":{"rendered":"<p>Ausf\u00fchrliche Darstellung des Lehrwerkskonzepts Erl\u00e4uterungen zu jeder Aufgabe im Kursbuch und zu ausgew\u00e4hlten \u00dcbungen im Arbeitsbuch Hinweise und Tipps zur Unterrichtsgestaltung Informationen zur Landeskunde in den deutschsprachigen L\u00e4ndern Kopiervorlagen mit \u00dcbungen, Spielen und Erweiterungen zum Kursangebot H\u00f6rtexte des Kursbuchs.<\/p>\n","protected":false},"excerpt":{"rendered":"<p>Ausf\u00fchrliche Darstellung des Lehrwerkskonzepts Erl\u00e4uterungen zu jeder Aufgabe im Kursbuch und zu ausgew\u00e4hlten \u00dcbungen im Arbeitsbuch Hinweise und Tipps zur Unterrichtsgestaltung Informationen zur Landeskunde in den deutschsprachigen L\u00e4ndern Kopiervorlagen mit \u00dcbungen, Spielen und Erweiterungen zum Kursangebot H\u00f6rtexte des Kursbuchs.<\/p>\n","protected":false},"featured_media":24771,"template":"","meta":{"_acf_changed":false,"inline_featured_image":false},"product_brand":[],"product_cat":[477],"product_tag":[],"series":[{"id":489,"name":"Logisch Neu! B1","slug":"logisch-neu-b1"}],"publisher":[{"id":473,"name":"Klett Verlag","slug":"klett-verlag"}],"class_list":{"0":"post-20798","1":"product","2":"type-product","3":"status-publish","4":"has-post-thumbnail","6":"product_cat-lehrwerke-fur-jugendliche","7":"series-logisch-neu-b1","8":"publisher-klett-verlag","10":"first","11":"onbackorder","12":"taxable","13":"shipping-taxable","14":"purchasable","15":"product-type-simple"},"acf":[],"_links":{"self":[{"href":"https:\/\/exlibris.ee\/ru\/wp-json\/wp\/v2\/product\/20798","targetHints":{"allow":["GET"]}}],"collection":[{"href":"https:\/\/exlibris.ee\/ru\/wp-json\/wp\/v2\/product"}],"about":[{"href":"https:\/\/exlibris.ee\/ru\/wp-json\/wp\/v2\/types\/product"}],"wp:featuredmedia":[{"embeddable":true,"href":"https:\/\/exlibris.ee\/ru\/wp-json\/wp\/v2\/media\/24771"}],"wp:attachment":[{"href":"https:\/\/exlibris.ee\/ru\/wp-json\/wp\/v2\/media?parent=20798"}],"wp:term":[{"taxonomy":"product_brand","embeddable":true,"href":"https:\/\/exlibris.ee\/ru\/wp-json\/wp\/v2\/product_brand?post=20798"},{"taxonomy":"product_cat","embeddable":true,"href":"https:\/\/exlibris.ee\/ru\/wp-json\/wp\/v2\/product_cat?post=20798"},{"taxonomy":"product_tag","embeddable":true,"href":"https:\/\/exlibris.ee\/ru\/wp-json\/wp\/v2\/product_tag?post=20798"},{"taxonomy":"series","embeddable":true,"href":"https:\/\/exlibris.ee\/ru\/wp-json\/wp\/v2\/series?post=20798"},{"taxonomy":"publisher","embeddable":true,"href":"https:\/\/exlibris.ee\/ru\/wp-json\/wp\/v2\/publisher?post=20798"}],"curies":[{"name":"wp","href":"https:\/\/api.w.org\/{rel}","templated":true}]}}