{"id":20800,"date":"2023-02-27T13:40:25","date_gmt":"2023-02-27T11:40:25","guid":{"rendered":"https:\/\/exlibris.ee\/toode\/landeskunde-der-fall-der-mauer-dvd\/"},"modified":"2026-04-04T01:28:33","modified_gmt":"2026-04-03T22:28:33","slug":"landeskunde-der-fall-der-mauer-dvd","status":"publish","type":"product","link":"https:\/\/exlibris.ee\/ru\/produkt\/landeskunde-der-fall-der-mauer-dvd\/","title":{"rendered":"Der Fall der Mauer, DVD"},"content":{"rendered":"<p>Vom Mauerbau zur Wiedervereinigung. Acht Videoreportagen zur Landeskunde mit Arbeitsbl\u00e4ttern zum H\u00f6r-Seh-Verstehen. Acht Videoreportagen beleuchten die Geschichte der Berliner Mauer:  von Stacheldraht und Mauerbau \u00fcber Fluchtversuche, markante politische Ereignisse und den Fall der Mauer bis zur deutschen Einheit. Zu jeder Reportage sind zwei bis drei Aufgabenvorschl\u00e4ge zum H\u00f6r-Seh-Verstehen integriert. Kursbegleitend zu allen Lehrwerken &#8212; f\u00fcr jugendliche und erwachsene Lernende ab dem Niveau B2.<\/p>\n","protected":false},"excerpt":{"rendered":"<p>Vom Mauerbau zur Wiedervereinigung. Acht Videoreportagen zur Landeskunde mit Arbeitsbl\u00e4ttern zum H\u00f6r-Seh-Verstehen. Acht Videoreportagen beleuchten die Geschichte der Berliner Mauer: von Stacheldraht und Mauerbau \u00fcber Fluchtversuche, markante politische Ereignisse und den Fall der Mauer bis zur deutschen Einheit. Zu jeder&#8230;<\/p>\n","protected":false},"featured_media":55099,"template":"","meta":{"_acf_changed":false,"inline_featured_image":false},"product_brand":[],"product_cat":[490],"product_tag":[],"series":[{"id":491,"name":"Landeskunde","slug":"landeskunde"}],"publisher":[{"id":473,"name":"Klett Verlag","slug":"klett-verlag"}],"class_list":{"0":"post-20800","1":"product","2":"type-product","3":"status-publish","4":"has-post-thumbnail","6":"product_cat-landeskunde","7":"series-landeskunde","8":"publisher-klett-verlag","10":"first","11":"onbackorder","12":"taxable","13":"shipping-taxable","14":"purchasable","15":"product-type-simple"},"acf":[],"_links":{"self":[{"href":"https:\/\/exlibris.ee\/ru\/wp-json\/wp\/v2\/product\/20800","targetHints":{"allow":["GET"]}}],"collection":[{"href":"https:\/\/exlibris.ee\/ru\/wp-json\/wp\/v2\/product"}],"about":[{"href":"https:\/\/exlibris.ee\/ru\/wp-json\/wp\/v2\/types\/product"}],"wp:featuredmedia":[{"embeddable":true,"href":"https:\/\/exlibris.ee\/ru\/wp-json\/wp\/v2\/media\/55099"}],"wp:attachment":[{"href":"https:\/\/exlibris.ee\/ru\/wp-json\/wp\/v2\/media?parent=20800"}],"wp:term":[{"taxonomy":"product_brand","embeddable":true,"href":"https:\/\/exlibris.ee\/ru\/wp-json\/wp\/v2\/product_brand?post=20800"},{"taxonomy":"product_cat","embeddable":true,"href":"https:\/\/exlibris.ee\/ru\/wp-json\/wp\/v2\/product_cat?post=20800"},{"taxonomy":"product_tag","embeddable":true,"href":"https:\/\/exlibris.ee\/ru\/wp-json\/wp\/v2\/product_tag?post=20800"},{"taxonomy":"series","embeddable":true,"href":"https:\/\/exlibris.ee\/ru\/wp-json\/wp\/v2\/series?post=20800"},{"taxonomy":"publisher","embeddable":true,"href":"https:\/\/exlibris.ee\/ru\/wp-json\/wp\/v2\/publisher?post=20800"}],"curies":[{"name":"wp","href":"https:\/\/api.w.org\/{rel}","templated":true}]}}