{"id":20817,"date":"2023-02-27T13:40:27","date_gmt":"2023-02-27T11:40:27","guid":{"rendered":"https:\/\/exlibris.ee\/toode\/berliner-platz-neu-sprachniveau-4-lehr-arbeitsbuch-2-cds\/"},"modified":"2026-04-27T05:15:41","modified_gmt":"2026-04-27T02:15:41","slug":"berliner-platz-neu-sprachniveau-4-lehr-arbeitsbuch-2-cds","status":"publish","type":"product","link":"https:\/\/exlibris.ee\/ru\/produkt\/berliner-platz-neu-sprachniveau-4-lehr-arbeitsbuch-2-cds\/","title":{"rendered":"Berliner Platz 4 NEU, Lehr-\/Arbeitsbuch+2 CDs"},"content":{"rendered":"<p>Das Lehr- und Arbeitsbuch zu Berliner Platz NEU B2 (Kapitel 1\u201312) erm\u00f6glicht eine intensive Vorbereitung auf den Alltag und das Berufsleben in den deutschsprachigen L\u00e4ndern traininert Fertigkeiten und Strategien, die im beruflichen Kontext relevant sind bereitet auf die Pr\u00fcfungen \u201eGoethe-Zertifikat B2\u201c, telc Deutsch B2\u201c, \u201etelc Deutsch B1+ Beruf\u201c und \u201eB2 Mittelstufe Deutsch-\u00d6SD\u201c vor erleichtert die Navigation zwischen Lehr- und Arbeitsbuchteil: Jede Aufgabe im Lehrbuch wird im Arbeitsbuch gespiegelt enth\u00e4lt zwei Audio-CDs zum Arbeitsbuchteil.<\/p>\n","protected":false},"excerpt":{"rendered":"<p>Das Lehr- und Arbeitsbuch zu Berliner Platz NEU B2 (Kapitel 1\u201312) erm\u00f6glicht eine intensive Vorbereitung auf den Alltag und das Berufsleben in den deutschsprachigen L\u00e4ndern traininert Fertigkeiten und Strategien, die im beruflichen Kontext relevant sind bereitet auf die Pr\u00fcfungen \u201eGoethe-Zertifikat&#8230;<\/p>\n","protected":false},"featured_media":24903,"template":"","meta":{"_acf_changed":false,"inline_featured_image":false},"product_brand":[],"product_cat":[538],"product_tag":[],"series":[{"id":495,"name":"Berliner Platz Neu Sprachniveau 4","slug":"berliner-platz-neu-sprachniveau-4"}],"publisher":[{"id":473,"name":"Klett Verlag","slug":"klett-verlag"}],"class_list":{"0":"post-20817","1":"product","2":"type-product","3":"status-publish","4":"has-post-thumbnail","6":"product_cat-lehrwerke-fur-erwachsene","7":"series-berliner-platz-neu-sprachniveau-4","8":"publisher-klett-verlag","10":"first","11":"onbackorder","12":"taxable","13":"shipping-taxable","14":"purchasable","15":"product-type-simple"},"acf":[],"_links":{"self":[{"href":"https:\/\/exlibris.ee\/ru\/wp-json\/wp\/v2\/product\/20817","targetHints":{"allow":["GET"]}}],"collection":[{"href":"https:\/\/exlibris.ee\/ru\/wp-json\/wp\/v2\/product"}],"about":[{"href":"https:\/\/exlibris.ee\/ru\/wp-json\/wp\/v2\/types\/product"}],"wp:featuredmedia":[{"embeddable":true,"href":"https:\/\/exlibris.ee\/ru\/wp-json\/wp\/v2\/media\/24903"}],"wp:attachment":[{"href":"https:\/\/exlibris.ee\/ru\/wp-json\/wp\/v2\/media?parent=20817"}],"wp:term":[{"taxonomy":"product_brand","embeddable":true,"href":"https:\/\/exlibris.ee\/ru\/wp-json\/wp\/v2\/product_brand?post=20817"},{"taxonomy":"product_cat","embeddable":true,"href":"https:\/\/exlibris.ee\/ru\/wp-json\/wp\/v2\/product_cat?post=20817"},{"taxonomy":"product_tag","embeddable":true,"href":"https:\/\/exlibris.ee\/ru\/wp-json\/wp\/v2\/product_tag?post=20817"},{"taxonomy":"series","embeddable":true,"href":"https:\/\/exlibris.ee\/ru\/wp-json\/wp\/v2\/series?post=20817"},{"taxonomy":"publisher","embeddable":true,"href":"https:\/\/exlibris.ee\/ru\/wp-json\/wp\/v2\/publisher?post=20817"}],"curies":[{"name":"wp","href":"https:\/\/api.w.org\/{rel}","templated":true}]}}