{"id":20820,"date":"2023-02-27T13:40:28","date_gmt":"2023-02-27T11:40:28","guid":{"rendered":"https:\/\/exlibris.ee\/toode\/genial-klick-a1-arbeitsbuch-dvd\/"},"modified":"2026-04-07T03:24:11","modified_gmt":"2026-04-07T00:24:11","slug":"genial-klick-a1-arbeitsbuch-dvd","status":"publish","type":"product","link":"https:\/\/exlibris.ee\/ru\/produkt\/genial-klick-a1-arbeitsbuch-dvd\/","title":{"rendered":"geni@l klick A1, Arbeitsbuch mit DVD-ROM"},"content":{"rendered":"<p>Deutsch als Fremdsprache f\u00fcr Jugendliche<br \/>\nArbeitsbuch mit DVD-ROM (Audio und Video).<br \/>\nDas Arbeitsbuch zu geni@l klick A1 (Kapitel 1\u201312) bietet zu jeder Doppelseite im Kursbuch eine passende Doppelseite mit vertiefenden \u00dcbungen regt die Lernenden zur selbstst\u00e4ndigen Wiederholung und zur Evaluation ihres Lernfortschritts an bereitet auf die Pr\u00fcfung \u201eFit in Deutsch 1\u201c vor enth\u00e4lt eine DVD-ROM zum Arbeitsbuch mit H\u00f6rtexten und Impulsen zur Ausspracheschulung im mp3-Format sowie dem 30-min\u00fctigen Video.<\/p>\n","protected":false},"excerpt":{"rendered":"<p>Deutsch als Fremdsprache f\u00fcr Jugendliche Arbeitsbuch mit DVD-ROM (Audio und Video). Das Arbeitsbuch zu geni@l klick A1 (Kapitel 1\u201312) bietet zu jeder Doppelseite im Kursbuch eine passende Doppelseite mit vertiefenden \u00dcbungen regt die Lernenden zur selbstst\u00e4ndigen Wiederholung und zur Evaluation&#8230;<\/p>\n","protected":false},"featured_media":55108,"template":"","meta":{"_acf_changed":false,"inline_featured_image":false},"product_brand":[],"product_cat":[477],"product_tag":[],"series":[{"id":496,"name":"Genial Klick A1","slug":"genial-klick-a1"}],"publisher":[{"id":497,"name":"Hueber Verlag","slug":"hueber-verlag"}],"class_list":{"0":"post-20820","1":"product","2":"type-product","3":"status-publish","4":"has-post-thumbnail","6":"product_cat-lehrwerke-fur-jugendliche","7":"series-genial-klick-a1","8":"publisher-hueber-verlag","10":"first","11":"instock","12":"taxable","13":"shipping-taxable","14":"purchasable","15":"product-type-simple"},"acf":[],"_links":{"self":[{"href":"https:\/\/exlibris.ee\/ru\/wp-json\/wp\/v2\/product\/20820","targetHints":{"allow":["GET"]}}],"collection":[{"href":"https:\/\/exlibris.ee\/ru\/wp-json\/wp\/v2\/product"}],"about":[{"href":"https:\/\/exlibris.ee\/ru\/wp-json\/wp\/v2\/types\/product"}],"wp:featuredmedia":[{"embeddable":true,"href":"https:\/\/exlibris.ee\/ru\/wp-json\/wp\/v2\/media\/55108"}],"wp:attachment":[{"href":"https:\/\/exlibris.ee\/ru\/wp-json\/wp\/v2\/media?parent=20820"}],"wp:term":[{"taxonomy":"product_brand","embeddable":true,"href":"https:\/\/exlibris.ee\/ru\/wp-json\/wp\/v2\/product_brand?post=20820"},{"taxonomy":"product_cat","embeddable":true,"href":"https:\/\/exlibris.ee\/ru\/wp-json\/wp\/v2\/product_cat?post=20820"},{"taxonomy":"product_tag","embeddable":true,"href":"https:\/\/exlibris.ee\/ru\/wp-json\/wp\/v2\/product_tag?post=20820"},{"taxonomy":"series","embeddable":true,"href":"https:\/\/exlibris.ee\/ru\/wp-json\/wp\/v2\/series?post=20820"},{"taxonomy":"publisher","embeddable":true,"href":"https:\/\/exlibris.ee\/ru\/wp-json\/wp\/v2\/publisher?post=20820"}],"curies":[{"name":"wp","href":"https:\/\/api.w.org\/{rel}","templated":true}]}}