{"id":20821,"date":"2023-02-27T13:40:28","date_gmt":"2023-02-27T11:40:28","guid":{"rendered":"https:\/\/exlibris.ee\/toode\/genial-klick-a1-lehrerhandbuch-mit-int-kb\/"},"modified":"2026-04-04T03:10:34","modified_gmt":"2026-04-04T00:10:34","slug":"genial-klick-a1-lehrerhandbuch-mit-int-kb","status":"publish","type":"product","link":"https:\/\/exlibris.ee\/ru\/produkt\/genial-klick-a1-lehrerhandbuch-mit-int-kb\/","title":{"rendered":"geni@l klick A1"},"content":{"rendered":"<p>Deutsch als Fremdsprache f\u00fcr Jugendliche<br \/>\nLehrerhandbuch mit integriertem Kursbuch.<br \/>\nDas Lehrerhandbuch zu geni@l klick A1 enth\u00e4lt: eine Einf\u00fchrung in das Lehrwerkskonzept konkrete Vorschl\u00e4ge f\u00fcr eine abwechslungsreiche Unterrichtsgestaltung das komplette Kursbuch Informationen zur Landeskunde Kopiervorlagen Transkripte der Audio- und Videomaterialien L\u00f6sungen zum Kurs- und Arbeitsbuch.<\/p>\n","protected":false},"excerpt":{"rendered":"<p>Deutsch als Fremdsprache f\u00fcr Jugendliche Lehrerhandbuch mit integriertem Kursbuch. Das Lehrerhandbuch zu geni@l klick A1 enth\u00e4lt: eine Einf\u00fchrung in das Lehrwerkskonzept konkrete Vorschl\u00e4ge f\u00fcr eine abwechslungsreiche Unterrichtsgestaltung das komplette Kursbuch Informationen zur Landeskunde Kopiervorlagen Transkripte der Audio- und Videomaterialien L\u00f6sungen&#8230;<\/p>\n","protected":false},"featured_media":55111,"template":"","meta":{"_acf_changed":false,"inline_featured_image":false},"product_brand":[],"product_cat":[477],"product_tag":[],"series":[{"id":496,"name":"Genial Klick A1","slug":"genial-klick-a1"}],"publisher":[{"id":497,"name":"Hueber Verlag","slug":"hueber-verlag"}],"class_list":{"0":"post-20821","1":"product","2":"type-product","3":"status-publish","4":"has-post-thumbnail","6":"product_cat-lehrwerke-fur-jugendliche","7":"series-genial-klick-a1","8":"publisher-hueber-verlag","10":"first","11":"instock","12":"taxable","13":"shipping-taxable","14":"purchasable","15":"product-type-simple"},"acf":[],"_links":{"self":[{"href":"https:\/\/exlibris.ee\/ru\/wp-json\/wp\/v2\/product\/20821","targetHints":{"allow":["GET"]}}],"collection":[{"href":"https:\/\/exlibris.ee\/ru\/wp-json\/wp\/v2\/product"}],"about":[{"href":"https:\/\/exlibris.ee\/ru\/wp-json\/wp\/v2\/types\/product"}],"wp:featuredmedia":[{"embeddable":true,"href":"https:\/\/exlibris.ee\/ru\/wp-json\/wp\/v2\/media\/55111"}],"wp:attachment":[{"href":"https:\/\/exlibris.ee\/ru\/wp-json\/wp\/v2\/media?parent=20821"}],"wp:term":[{"taxonomy":"product_brand","embeddable":true,"href":"https:\/\/exlibris.ee\/ru\/wp-json\/wp\/v2\/product_brand?post=20821"},{"taxonomy":"product_cat","embeddable":true,"href":"https:\/\/exlibris.ee\/ru\/wp-json\/wp\/v2\/product_cat?post=20821"},{"taxonomy":"product_tag","embeddable":true,"href":"https:\/\/exlibris.ee\/ru\/wp-json\/wp\/v2\/product_tag?post=20821"},{"taxonomy":"series","embeddable":true,"href":"https:\/\/exlibris.ee\/ru\/wp-json\/wp\/v2\/series?post=20821"},{"taxonomy":"publisher","embeddable":true,"href":"https:\/\/exlibris.ee\/ru\/wp-json\/wp\/v2\/publisher?post=20821"}],"curies":[{"name":"wp","href":"https:\/\/api.w.org\/{rel}","templated":true}]}}