{"id":20842,"date":"2023-02-27T13:40:43","date_gmt":"2023-02-27T11:40:43","guid":{"rendered":"https:\/\/exlibris.ee\/toode\/landeskunde-60-stunden-deutschland-kb-ub-cd\/"},"modified":"2026-04-07T21:18:33","modified_gmt":"2026-04-07T18:18:33","slug":"landeskunde-60-stunden-deutschland-kb-ub-cd","status":"publish","type":"product","link":"https:\/\/exlibris.ee\/ru\/produkt\/landeskunde-60-stunden-deutschland-kb-ub-cd\/","title":{"rendered":"60 Stunden Deutschland, K\u00dcB + CD"},"content":{"rendered":"<p>F\u00fcr alle Orientierungskurse: ist auf das aktuelle Curriculum des Bundesamtes f\u00fcr Migration und Fl\u00fcchtlinge abgestimmt; fasst die wichtigsten Informationen auf \u00dcberblicksseiten zusammen; enth\u00e4lt ein Glossar mit Schl\u00fcsselbegriffen sowie L\u00f6sungen.<\/p>\n","protected":false},"excerpt":{"rendered":"<p>F\u00fcr alle Orientierungskurse: ist auf das aktuelle Curriculum des Bundesamtes f\u00fcr Migration und Fl\u00fcchtlinge abgestimmt; fasst die wichtigsten Informationen auf \u00dcberblicksseiten zusammen; enth\u00e4lt ein Glossar mit Schl\u00fcsselbegriffen sowie L\u00f6sungen.<\/p>\n","protected":false},"featured_media":55255,"template":"","meta":{"_acf_changed":false,"inline_featured_image":false},"product_brand":[],"product_cat":[490],"product_tag":[],"series":[{"id":491,"name":"Landeskunde","slug":"landeskunde"}],"publisher":[{"id":473,"name":"Klett Verlag","slug":"klett-verlag"}],"class_list":{"0":"post-20842","1":"product","2":"type-product","3":"status-publish","4":"has-post-thumbnail","6":"product_cat-landeskunde","7":"series-landeskunde","8":"publisher-klett-verlag","10":"first","11":"onbackorder","12":"taxable","13":"shipping-taxable","14":"purchasable","15":"product-type-simple"},"acf":[],"_links":{"self":[{"href":"https:\/\/exlibris.ee\/ru\/wp-json\/wp\/v2\/product\/20842","targetHints":{"allow":["GET"]}}],"collection":[{"href":"https:\/\/exlibris.ee\/ru\/wp-json\/wp\/v2\/product"}],"about":[{"href":"https:\/\/exlibris.ee\/ru\/wp-json\/wp\/v2\/types\/product"}],"wp:featuredmedia":[{"embeddable":true,"href":"https:\/\/exlibris.ee\/ru\/wp-json\/wp\/v2\/media\/55255"}],"wp:attachment":[{"href":"https:\/\/exlibris.ee\/ru\/wp-json\/wp\/v2\/media?parent=20842"}],"wp:term":[{"taxonomy":"product_brand","embeddable":true,"href":"https:\/\/exlibris.ee\/ru\/wp-json\/wp\/v2\/product_brand?post=20842"},{"taxonomy":"product_cat","embeddable":true,"href":"https:\/\/exlibris.ee\/ru\/wp-json\/wp\/v2\/product_cat?post=20842"},{"taxonomy":"product_tag","embeddable":true,"href":"https:\/\/exlibris.ee\/ru\/wp-json\/wp\/v2\/product_tag?post=20842"},{"taxonomy":"series","embeddable":true,"href":"https:\/\/exlibris.ee\/ru\/wp-json\/wp\/v2\/series?post=20842"},{"taxonomy":"publisher","embeddable":true,"href":"https:\/\/exlibris.ee\/ru\/wp-json\/wp\/v2\/publisher?post=20842"}],"curies":[{"name":"wp","href":"https:\/\/api.w.org\/{rel}","templated":true}]}}