{"id":20846,"date":"2023-02-27T13:40:44","date_gmt":"2023-02-27T11:40:44","guid":{"rendered":"https:\/\/exlibris.ee\/toode\/mit-erfolg-zum-start-deutsch-1ub-tbcd\/"},"modified":"2026-04-03T09:13:39","modified_gmt":"2026-04-03T06:13:39","slug":"mit-erfolg-zum-start-deutsch-1ub-tbcd","status":"publish","type":"product","link":"https:\/\/exlibris.ee\/ru\/produkt\/mit-erfolg-zum-start-deutsch-1ub-tbcd\/","title":{"rendered":"Mit Erfolg zu Start Deutsch 1 + CD"},"content":{"rendered":"<p>Gezielte Pr\u00fcfungsvorbereitung f\u00fcr Start Deutsch 1. Detaillierte Informationen zum Pr\u00fcfungsablauf, Beschreibung der vier Pr\u00fcfungsteile mit L\u00f6sungswegen, Nach jedem Pr\u00fcfungsteil passende \u00dcbungen zum Training von Wortschatz und Sprachstrukturen, Zwei Modelltests zur Pr\u00fcfungssimulation, L\u00f6sungen und Transkriptionen zur Selbstkontrolle.<\/p>\n","protected":false},"excerpt":{"rendered":"<p>Gezielte Pr\u00fcfungsvorbereitung f\u00fcr Start Deutsch 1. Detaillierte Informationen zum Pr\u00fcfungsablauf, Beschreibung der vier Pr\u00fcfungsteile mit L\u00f6sungswegen, Nach jedem Pr\u00fcfungsteil passende \u00dcbungen zum Training von Wortschatz und Sprachstrukturen, Zwei Modelltests zur Pr\u00fcfungssimulation, L\u00f6sungen und Transkriptionen zur Selbstkontrolle.<\/p>\n","protected":false},"featured_media":71098,"template":"","meta":{"_acf_changed":false,"inline_featured_image":false},"product_brand":[],"product_cat":[507],"product_tag":[],"series":[{"id":508,"name":"Mit Erfolg zum...","slug":"mit-erfolg-zum"}],"publisher":[{"id":473,"name":"Klett Verlag","slug":"klett-verlag"}],"class_list":{"0":"post-20846","1":"product","2":"type-product","3":"status-publish","4":"has-post-thumbnail","6":"product_cat-prufungsvorbereitung","7":"series-mit-erfolg-zum","8":"publisher-klett-verlag","10":"first","11":"instock","12":"taxable","13":"shipping-taxable","14":"purchasable","15":"product-type-simple"},"acf":[],"_links":{"self":[{"href":"https:\/\/exlibris.ee\/ru\/wp-json\/wp\/v2\/product\/20846","targetHints":{"allow":["GET"]}}],"collection":[{"href":"https:\/\/exlibris.ee\/ru\/wp-json\/wp\/v2\/product"}],"about":[{"href":"https:\/\/exlibris.ee\/ru\/wp-json\/wp\/v2\/types\/product"}],"wp:featuredmedia":[{"embeddable":true,"href":"https:\/\/exlibris.ee\/ru\/wp-json\/wp\/v2\/media\/71098"}],"wp:attachment":[{"href":"https:\/\/exlibris.ee\/ru\/wp-json\/wp\/v2\/media?parent=20846"}],"wp:term":[{"taxonomy":"product_brand","embeddable":true,"href":"https:\/\/exlibris.ee\/ru\/wp-json\/wp\/v2\/product_brand?post=20846"},{"taxonomy":"product_cat","embeddable":true,"href":"https:\/\/exlibris.ee\/ru\/wp-json\/wp\/v2\/product_cat?post=20846"},{"taxonomy":"product_tag","embeddable":true,"href":"https:\/\/exlibris.ee\/ru\/wp-json\/wp\/v2\/product_tag?post=20846"},{"taxonomy":"series","embeddable":true,"href":"https:\/\/exlibris.ee\/ru\/wp-json\/wp\/v2\/series?post=20846"},{"taxonomy":"publisher","embeddable":true,"href":"https:\/\/exlibris.ee\/ru\/wp-json\/wp\/v2\/publisher?post=20846"}],"curies":[{"name":"wp","href":"https:\/\/api.w.org\/{rel}","templated":true}]}}