{"id":20853,"date":"2023-02-27T13:40:45","date_gmt":"2023-02-27T11:40:45","guid":{"rendered":"https:\/\/exlibris.ee\/toode\/so-gehts-zu-a2-b1-ubungsbuch\/"},"modified":"2026-04-06T09:09:17","modified_gmt":"2026-04-06T06:09:17","slug":"so-gehts-zu-a2-b1-ubungsbuch","status":"publish","type":"product","link":"https:\/\/exlibris.ee\/ru\/produkt\/so-gehts-zu-a2-b1-ubungsbuch\/","title":{"rendered":"So geht\u00b4s zu A2-B1, \u00dcbungsbuch"},"content":{"rendered":"<p>Gezielte Vorbereitung auf das Goethe-\/\u00d6SD-Zertifikat B1 f\u00fcr Ihren Deutschkurs und f\u00fcr Selbstlerner.<\/p>\n","protected":false},"excerpt":{"rendered":"<p>Gezielte Vorbereitung auf das Goethe-\/\u00d6SD-Zertifikat B1 f\u00fcr Ihren Deutschkurs und f\u00fcr Selbstlerner.<\/p>\n","protected":false},"featured_media":25017,"template":"","meta":{"_acf_changed":false,"inline_featured_image":false},"product_brand":[],"product_cat":[507],"product_tag":[],"series":[{"id":509,"name":"So Geht\u00b4s","slug":"so-gehts"}],"publisher":[{"id":473,"name":"Klett Verlag","slug":"klett-verlag"}],"class_list":{"0":"post-20853","1":"product","2":"type-product","3":"status-publish","4":"has-post-thumbnail","6":"product_cat-prufungsvorbereitung","7":"series-so-gehts","8":"publisher-klett-verlag","10":"first","11":"instock","12":"taxable","13":"shipping-taxable","14":"purchasable","15":"product-type-simple"},"acf":[],"_links":{"self":[{"href":"https:\/\/exlibris.ee\/ru\/wp-json\/wp\/v2\/product\/20853","targetHints":{"allow":["GET"]}}],"collection":[{"href":"https:\/\/exlibris.ee\/ru\/wp-json\/wp\/v2\/product"}],"about":[{"href":"https:\/\/exlibris.ee\/ru\/wp-json\/wp\/v2\/types\/product"}],"wp:featuredmedia":[{"embeddable":true,"href":"https:\/\/exlibris.ee\/ru\/wp-json\/wp\/v2\/media\/25017"}],"wp:attachment":[{"href":"https:\/\/exlibris.ee\/ru\/wp-json\/wp\/v2\/media?parent=20853"}],"wp:term":[{"taxonomy":"product_brand","embeddable":true,"href":"https:\/\/exlibris.ee\/ru\/wp-json\/wp\/v2\/product_brand?post=20853"},{"taxonomy":"product_cat","embeddable":true,"href":"https:\/\/exlibris.ee\/ru\/wp-json\/wp\/v2\/product_cat?post=20853"},{"taxonomy":"product_tag","embeddable":true,"href":"https:\/\/exlibris.ee\/ru\/wp-json\/wp\/v2\/product_tag?post=20853"},{"taxonomy":"series","embeddable":true,"href":"https:\/\/exlibris.ee\/ru\/wp-json\/wp\/v2\/series?post=20853"},{"taxonomy":"publisher","embeddable":true,"href":"https:\/\/exlibris.ee\/ru\/wp-json\/wp\/v2\/publisher?post=20853"}],"curies":[{"name":"wp","href":"https:\/\/api.w.org\/{rel}","templated":true}]}}