{"id":20872,"date":"2023-02-27T13:40:48","date_gmt":"2023-02-27T11:40:48","guid":{"rendered":"https:\/\/exlibris.ee\/toode\/so-gehts-zum-dsd-i-ubgs-testb\/"},"modified":"2026-04-14T19:17:23","modified_gmt":"2026-04-14T16:17:23","slug":"so-gehts-zum-dsd-i-ubgs-testb","status":"publish","type":"product","link":"https:\/\/exlibris.ee\/ru\/produkt\/so-gehts-zum-dsd-i-ubgs-testb\/","title":{"rendered":"So geht\u2019s zum DSD I \u00dcbungs- und Testbuch mit Audios"},"content":{"rendered":"<p>So geht\u00b4s zum DSD I (A2\/B1) &#8212; \u00dcbungsbuch &#8212; F\u00fcr das Deutsche Sprachdiplom der Kultusministerkonferenz, Stufe 1, &#8212; Thematische Kapitel bereiten Schritt f\u00fcr Schritt auf alle Pr\u00fcfungsteile vor,  -Intensives Schreib- und Wortschatztraining, &#8212; Extra-Kapitel &#171;M\u00fcndliche Kommunikation&#187;, &#8212; Ein Modelltest zur Simulation der schriftlichen Pr\u00fcfung.<\/p>\n","protected":false},"excerpt":{"rendered":"<p>So geht\u00b4s zum DSD I (A2\/B1) &#8212; \u00dcbungsbuch &#8212; F\u00fcr das Deutsche Sprachdiplom der Kultusministerkonferenz, Stufe 1, &#8212; Thematische Kapitel bereiten Schritt f\u00fcr Schritt auf alle Pr\u00fcfungsteile vor, -Intensives Schreib- und Wortschatztraining, &#8212; Extra-Kapitel &#171;M\u00fcndliche Kommunikation&#187;, &#8212; Ein Modelltest zur&#8230;<\/p>\n","protected":false},"featured_media":55321,"template":"","meta":{"_acf_changed":false,"inline_featured_image":false},"product_brand":[],"product_cat":[507],"product_tag":[],"series":[{"id":509,"name":"So Geht\u00b4s","slug":"so-gehts"}],"publisher":[{"id":473,"name":"Klett Verlag","slug":"klett-verlag"}],"class_list":{"0":"post-20872","1":"product","2":"type-product","3":"status-publish","4":"has-post-thumbnail","6":"product_cat-prufungsvorbereitung","7":"series-so-gehts","8":"publisher-klett-verlag","10":"first","11":"instock","12":"taxable","13":"shipping-taxable","14":"purchasable","15":"product-type-simple"},"acf":[],"_links":{"self":[{"href":"https:\/\/exlibris.ee\/ru\/wp-json\/wp\/v2\/product\/20872","targetHints":{"allow":["GET"]}}],"collection":[{"href":"https:\/\/exlibris.ee\/ru\/wp-json\/wp\/v2\/product"}],"about":[{"href":"https:\/\/exlibris.ee\/ru\/wp-json\/wp\/v2\/types\/product"}],"wp:featuredmedia":[{"embeddable":true,"href":"https:\/\/exlibris.ee\/ru\/wp-json\/wp\/v2\/media\/55321"}],"wp:attachment":[{"href":"https:\/\/exlibris.ee\/ru\/wp-json\/wp\/v2\/media?parent=20872"}],"wp:term":[{"taxonomy":"product_brand","embeddable":true,"href":"https:\/\/exlibris.ee\/ru\/wp-json\/wp\/v2\/product_brand?post=20872"},{"taxonomy":"product_cat","embeddable":true,"href":"https:\/\/exlibris.ee\/ru\/wp-json\/wp\/v2\/product_cat?post=20872"},{"taxonomy":"product_tag","embeddable":true,"href":"https:\/\/exlibris.ee\/ru\/wp-json\/wp\/v2\/product_tag?post=20872"},{"taxonomy":"series","embeddable":true,"href":"https:\/\/exlibris.ee\/ru\/wp-json\/wp\/v2\/series?post=20872"},{"taxonomy":"publisher","embeddable":true,"href":"https:\/\/exlibris.ee\/ru\/wp-json\/wp\/v2\/publisher?post=20872"}],"curies":[{"name":"wp","href":"https:\/\/api.w.org\/{rel}","templated":true}]}}