{"id":20889,"date":"2023-02-27T13:40:52","date_gmt":"2023-02-27T11:40:52","guid":{"rendered":"https:\/\/exlibris.ee\/toode\/magnet-neu-a2-testheft-cd\/"},"modified":"2026-04-06T09:09:45","modified_gmt":"2026-04-06T06:09:45","slug":"magnet-neu-a2-testheft-cd","status":"publish","type":"product","link":"https:\/\/exlibris.ee\/ru\/produkt\/magnet-neu-a2-testheft-cd\/","title":{"rendered":"Magnet neu A2, Testheft + CD (Goethe-Zert. Fit in Deutsch)"},"content":{"rendered":"<p>Das Testheft mit Audio-CD beinhaltet passend zu den Lektionen 1-10 Tests zu Wortschatz, Grammatik, Kommunikation, Lesen, H\u00f6ren, Schreiben und Sprechen. Im Testheft befindet sich auch ein Fit in Deutsch 1 Modelltest, sowie L\u00f6sungen und die Transkription der H\u00f6rtexte.<\/p>\n","protected":false},"excerpt":{"rendered":"<p>Das Testheft mit Audio-CD beinhaltet passend zu den Lektionen 1-10 Tests zu Wortschatz, Grammatik, Kommunikation, Lesen, H\u00f6ren, Schreiben und Sprechen. Im Testheft befindet sich auch ein Fit in Deutsch 1 Modelltest, sowie L\u00f6sungen und die Transkription der H\u00f6rtexte.<\/p>\n","protected":false},"featured_media":81064,"template":"","meta":{"_acf_changed":false,"inline_featured_image":false},"product_brand":[],"product_cat":[477],"product_tag":[],"series":[{"id":514,"name":"Magnet Neu A2","slug":"magnet-neu-a2"}],"publisher":[{"id":473,"name":"Klett Verlag","slug":"klett-verlag"}],"class_list":{"0":"post-20889","1":"product","2":"type-product","3":"status-publish","4":"has-post-thumbnail","6":"product_cat-lehrwerke-fur-jugendliche","7":"series-magnet-neu-a2","8":"publisher-klett-verlag","10":"first","11":"onbackorder","12":"taxable","13":"shipping-taxable","14":"purchasable","15":"product-type-simple"},"acf":[],"_links":{"self":[{"href":"https:\/\/exlibris.ee\/ru\/wp-json\/wp\/v2\/product\/20889","targetHints":{"allow":["GET"]}}],"collection":[{"href":"https:\/\/exlibris.ee\/ru\/wp-json\/wp\/v2\/product"}],"about":[{"href":"https:\/\/exlibris.ee\/ru\/wp-json\/wp\/v2\/types\/product"}],"wp:featuredmedia":[{"embeddable":true,"href":"https:\/\/exlibris.ee\/ru\/wp-json\/wp\/v2\/media\/81064"}],"wp:attachment":[{"href":"https:\/\/exlibris.ee\/ru\/wp-json\/wp\/v2\/media?parent=20889"}],"wp:term":[{"taxonomy":"product_brand","embeddable":true,"href":"https:\/\/exlibris.ee\/ru\/wp-json\/wp\/v2\/product_brand?post=20889"},{"taxonomy":"product_cat","embeddable":true,"href":"https:\/\/exlibris.ee\/ru\/wp-json\/wp\/v2\/product_cat?post=20889"},{"taxonomy":"product_tag","embeddable":true,"href":"https:\/\/exlibris.ee\/ru\/wp-json\/wp\/v2\/product_tag?post=20889"},{"taxonomy":"series","embeddable":true,"href":"https:\/\/exlibris.ee\/ru\/wp-json\/wp\/v2\/series?post=20889"},{"taxonomy":"publisher","embeddable":true,"href":"https:\/\/exlibris.ee\/ru\/wp-json\/wp\/v2\/publisher?post=20889"}],"curies":[{"name":"wp","href":"https:\/\/api.w.org\/{rel}","templated":true}]}}