{"id":20899,"date":"2023-02-27T13:40:54","date_gmt":"2023-02-27T11:40:54","guid":{"rendered":"https:\/\/exlibris.ee\/toode\/deutsch-echt-einfach-a2-ubungsbuch-mp3\/"},"modified":"2026-04-05T15:24:21","modified_gmt":"2026-04-05T12:24:21","slug":"deutsch-echt-einfach-a2-ubungsbuch-mp3","status":"publish","type":"product","link":"https:\/\/exlibris.ee\/ru\/produkt\/deutsch-echt-einfach-a2-ubungsbuch-mp3\/","title":{"rendered":"Deutsch echt einfach! A2, \u00dcbungsbuch + MP3"},"content":{"rendered":"<p>Deutsch einfach und sicher lernen: Das \u00dcbungsbuch zum Kursbuch Deutsch echt einfach A2 f\u00fcr Jugendliche. Die passenden H\u00f6rdateien k\u00f6nnen online angeh\u00f6rt oder heruntergeladen werden (Link im Buch).<\/p>\n","protected":false},"excerpt":{"rendered":"<p>Deutsch einfach und sicher lernen: Das \u00dcbungsbuch zum Kursbuch Deutsch echt einfach A2 f\u00fcr Jugendliche. Die passenden H\u00f6rdateien k\u00f6nnen online angeh\u00f6rt oder heruntergeladen werden (Link im Buch).<\/p>\n","protected":false},"featured_media":24936,"template":"","meta":{"_acf_changed":false,"inline_featured_image":false},"product_brand":[],"product_cat":[477],"product_tag":[],"series":[{"id":518,"name":"Deutsch echt einfach! A2","slug":"deutsch-echt-einfach-a2"}],"publisher":[{"id":497,"name":"Hueber Verlag","slug":"hueber-verlag"}],"class_list":{"0":"post-20899","1":"product","2":"type-product","3":"status-publish","4":"has-post-thumbnail","6":"product_cat-lehrwerke-fur-jugendliche","7":"series-deutsch-echt-einfach-a2","8":"publisher-hueber-verlag","10":"first","11":"onbackorder","12":"taxable","13":"shipping-taxable","14":"purchasable","15":"product-type-simple"},"acf":[],"_links":{"self":[{"href":"https:\/\/exlibris.ee\/ru\/wp-json\/wp\/v2\/product\/20899","targetHints":{"allow":["GET"]}}],"collection":[{"href":"https:\/\/exlibris.ee\/ru\/wp-json\/wp\/v2\/product"}],"about":[{"href":"https:\/\/exlibris.ee\/ru\/wp-json\/wp\/v2\/types\/product"}],"wp:featuredmedia":[{"embeddable":true,"href":"https:\/\/exlibris.ee\/ru\/wp-json\/wp\/v2\/media\/24936"}],"wp:attachment":[{"href":"https:\/\/exlibris.ee\/ru\/wp-json\/wp\/v2\/media?parent=20899"}],"wp:term":[{"taxonomy":"product_brand","embeddable":true,"href":"https:\/\/exlibris.ee\/ru\/wp-json\/wp\/v2\/product_brand?post=20899"},{"taxonomy":"product_cat","embeddable":true,"href":"https:\/\/exlibris.ee\/ru\/wp-json\/wp\/v2\/product_cat?post=20899"},{"taxonomy":"product_tag","embeddable":true,"href":"https:\/\/exlibris.ee\/ru\/wp-json\/wp\/v2\/product_tag?post=20899"},{"taxonomy":"series","embeddable":true,"href":"https:\/\/exlibris.ee\/ru\/wp-json\/wp\/v2\/series?post=20899"},{"taxonomy":"publisher","embeddable":true,"href":"https:\/\/exlibris.ee\/ru\/wp-json\/wp\/v2\/publisher?post=20899"}],"curies":[{"name":"wp","href":"https:\/\/api.w.org\/{rel}","templated":true}]}}