{"id":20901,"date":"2023-02-27T13:40:54","date_gmt":"2023-02-27T11:40:54","guid":{"rendered":"https:\/\/exlibris.ee\/toode\/deutsch-echt-einfach-b1-kursbuch-mp3\/"},"modified":"2026-04-04T03:13:51","modified_gmt":"2026-04-04T00:13:51","slug":"deutsch-echt-einfach-b1-kursbuch-mp3","status":"publish","type":"product","link":"https:\/\/exlibris.ee\/ru\/produkt\/deutsch-echt-einfach-b1-kursbuch-mp3\/","title":{"rendered":"Deutsch echt einfach! B1, Kursbuch"},"content":{"rendered":"<p>Deutsch einfach und sicher lernen: klare und einfache Lektionsstruktur intensives Fertigkeitentraining kleinschrittige Grammatikvermittlung mit vielen \u00dcbungen gezielte Vorbereitung auf die Pr\u00fcfungen Goethe-Zertifikat A1: Fit in Deutsch 1, Goethe-Zertifikat A2: Fit in Deutsch und Goethe-Zertifikat B1 f\u00fcr Jugendliche originelle Illustrationen und jugendgerechte Themen didaktisierte Videos zu Alltagssituationen.<\/p>\n","protected":false},"excerpt":{"rendered":"<p>Deutsch einfach und sicher lernen: klare und einfache Lektionsstruktur intensives Fertigkeitentraining kleinschrittige Grammatikvermittlung mit vielen \u00dcbungen gezielte Vorbereitung auf die Pr\u00fcfungen Goethe-Zertifikat A1: Fit in Deutsch 1, Goethe-Zertifikat A2: Fit in Deutsch und Goethe-Zertifikat B1 f\u00fcr Jugendliche originelle Illustrationen und&#8230;<\/p>\n","protected":false},"featured_media":24942,"template":"","meta":{"_acf_changed":false,"inline_featured_image":false},"product_brand":[],"product_cat":[477],"product_tag":[],"series":[{"id":519,"name":"Deutsch echt einfach! B1","slug":"deutsch-echt-einfach-b1"}],"publisher":[{"id":497,"name":"Hueber Verlag","slug":"hueber-verlag"}],"class_list":{"0":"post-20901","1":"product","2":"type-product","3":"status-publish","4":"has-post-thumbnail","6":"product_cat-lehrwerke-fur-jugendliche","7":"series-deutsch-echt-einfach-b1","8":"publisher-hueber-verlag","10":"first","11":"onbackorder","12":"taxable","13":"shipping-taxable","14":"purchasable","15":"product-type-simple"},"acf":[],"_links":{"self":[{"href":"https:\/\/exlibris.ee\/ru\/wp-json\/wp\/v2\/product\/20901","targetHints":{"allow":["GET"]}}],"collection":[{"href":"https:\/\/exlibris.ee\/ru\/wp-json\/wp\/v2\/product"}],"about":[{"href":"https:\/\/exlibris.ee\/ru\/wp-json\/wp\/v2\/types\/product"}],"wp:featuredmedia":[{"embeddable":true,"href":"https:\/\/exlibris.ee\/ru\/wp-json\/wp\/v2\/media\/24942"}],"wp:attachment":[{"href":"https:\/\/exlibris.ee\/ru\/wp-json\/wp\/v2\/media?parent=20901"}],"wp:term":[{"taxonomy":"product_brand","embeddable":true,"href":"https:\/\/exlibris.ee\/ru\/wp-json\/wp\/v2\/product_brand?post=20901"},{"taxonomy":"product_cat","embeddable":true,"href":"https:\/\/exlibris.ee\/ru\/wp-json\/wp\/v2\/product_cat?post=20901"},{"taxonomy":"product_tag","embeddable":true,"href":"https:\/\/exlibris.ee\/ru\/wp-json\/wp\/v2\/product_tag?post=20901"},{"taxonomy":"series","embeddable":true,"href":"https:\/\/exlibris.ee\/ru\/wp-json\/wp\/v2\/series?post=20901"},{"taxonomy":"publisher","embeddable":true,"href":"https:\/\/exlibris.ee\/ru\/wp-json\/wp\/v2\/publisher?post=20901"}],"curies":[{"name":"wp","href":"https:\/\/api.w.org\/{rel}","templated":true}]}}