{"id":20905,"date":"2023-02-27T13:40:55","date_gmt":"2023-02-27T11:40:55","guid":{"rendered":"https:\/\/exlibris.ee\/toode\/deutsch-echt-einfach-a2-testheft\/"},"modified":"2026-04-05T15:24:22","modified_gmt":"2026-04-05T12:24:22","slug":"deutsch-echt-einfach-a2-testheft","status":"publish","type":"product","link":"https:\/\/exlibris.ee\/ru\/produkt\/deutsch-echt-einfach-a2-testheft\/","title":{"rendered":"Deutsch echt einfach! A2, Testheft"},"content":{"rendered":"<p>Das Testheft zum Lehrwerk Deutsch echt einfach A2 mit Audios online enth\u00e4lt Tests zu jeder Lektion, au\u00dferdem vier H\u00f6rverstehenstests sowie die Transkriptionen der H\u00f6rtexte und L\u00f6sungen.<\/p>\n","protected":false},"excerpt":{"rendered":"<p>Das Testheft zum Lehrwerk Deutsch echt einfach A2 mit Audios online enth\u00e4lt Tests zu jeder Lektion, au\u00dferdem vier H\u00f6rverstehenstests sowie die Transkriptionen der H\u00f6rtexte und L\u00f6sungen.<\/p>\n","protected":false},"featured_media":55396,"template":"","meta":{"_acf_changed":false,"inline_featured_image":false},"product_brand":[],"product_cat":[477],"product_tag":[],"series":[{"id":518,"name":"Deutsch echt einfach! A2","slug":"deutsch-echt-einfach-a2"}],"publisher":[{"id":497,"name":"Hueber Verlag","slug":"hueber-verlag"}],"class_list":{"0":"post-20905","1":"product","2":"type-product","3":"status-publish","4":"has-post-thumbnail","6":"product_cat-lehrwerke-fur-jugendliche","7":"series-deutsch-echt-einfach-a2","8":"publisher-hueber-verlag","10":"first","11":"instock","12":"taxable","13":"shipping-taxable","14":"purchasable","15":"product-type-simple"},"acf":[],"_links":{"self":[{"href":"https:\/\/exlibris.ee\/ru\/wp-json\/wp\/v2\/product\/20905","targetHints":{"allow":["GET"]}}],"collection":[{"href":"https:\/\/exlibris.ee\/ru\/wp-json\/wp\/v2\/product"}],"about":[{"href":"https:\/\/exlibris.ee\/ru\/wp-json\/wp\/v2\/types\/product"}],"wp:featuredmedia":[{"embeddable":true,"href":"https:\/\/exlibris.ee\/ru\/wp-json\/wp\/v2\/media\/55396"}],"wp:attachment":[{"href":"https:\/\/exlibris.ee\/ru\/wp-json\/wp\/v2\/media?parent=20905"}],"wp:term":[{"taxonomy":"product_brand","embeddable":true,"href":"https:\/\/exlibris.ee\/ru\/wp-json\/wp\/v2\/product_brand?post=20905"},{"taxonomy":"product_cat","embeddable":true,"href":"https:\/\/exlibris.ee\/ru\/wp-json\/wp\/v2\/product_cat?post=20905"},{"taxonomy":"product_tag","embeddable":true,"href":"https:\/\/exlibris.ee\/ru\/wp-json\/wp\/v2\/product_tag?post=20905"},{"taxonomy":"series","embeddable":true,"href":"https:\/\/exlibris.ee\/ru\/wp-json\/wp\/v2\/series?post=20905"},{"taxonomy":"publisher","embeddable":true,"href":"https:\/\/exlibris.ee\/ru\/wp-json\/wp\/v2\/publisher?post=20905"}],"curies":[{"name":"wp","href":"https:\/\/api.w.org\/{rel}","templated":true}]}}