{"id":20921,"date":"2023-02-27T13:40:57","date_gmt":"2023-02-27T11:40:57","guid":{"rendered":"https:\/\/exlibris.ee\/toode\/mit-erfolg-zum-goethe-osd-zertifikat-b1-fur-jugendliche-testbuch-mp3-cd\/"},"modified":"2026-04-04T03:14:51","modified_gmt":"2026-04-04T00:14:51","slug":"mit-erfolg-zum-goethe-osd-zertifikat-b1-fur-jugendliche-testbuch-mp3-cd","status":"publish","type":"product","link":"https:\/\/exlibris.ee\/ru\/produkt\/mit-erfolg-zum-goethe-osd-zertifikat-b1-fur-jugendliche-testbuch-mp3-cd\/","title":{"rendered":"Mit Erfolg zum Goethe-\/\u00d6SD-Zertifikat B1 f\u00fcr Jugendliche, Testbuch + MP3-CD"},"content":{"rendered":"<p>Gezielte Vorbereitung auf die B1-Pr\u00fcfung von Goethe-Institut und \u00d6SD \u2013 f\u00fcr Ihren Deutschkurs und f\u00fcr Selbstlerner. Das Testbuch enth\u00e4lt: f\u00fcnf komplette Modelltests f\u00fcr Jugendliche zur Pr\u00fcfungssimulation, eine \u00dcbersicht \u00fcber die Pr\u00fcfung und \u00fcber die Themen der Modelltests, L\u00f6sungen zur Selbstkontrolle und Transkriptionen der H\u00f6rtexte.<\/p>\n","protected":false},"excerpt":{"rendered":"<p>Gezielte Vorbereitung auf die B1-Pr\u00fcfung von Goethe-Institut und \u00d6SD \u2013 f\u00fcr Ihren Deutschkurs und f\u00fcr Selbstlerner. Das Testbuch enth\u00e4lt: f\u00fcnf komplette Modelltests f\u00fcr Jugendliche zur Pr\u00fcfungssimulation, eine \u00dcbersicht \u00fcber die Pr\u00fcfung und \u00fcber die Themen der Modelltests, L\u00f6sungen zur Selbstkontrolle&#8230;<\/p>\n","protected":false},"featured_media":71302,"template":"","meta":{"_acf_changed":false,"inline_featured_image":false},"product_brand":[],"product_cat":[507],"product_tag":[],"series":[{"id":508,"name":"Mit Erfolg zum...","slug":"mit-erfolg-zum"}],"publisher":[{"id":473,"name":"Klett Verlag","slug":"klett-verlag"}],"class_list":{"0":"post-20921","1":"product","2":"type-product","3":"status-publish","4":"has-post-thumbnail","6":"product_cat-prufungsvorbereitung","7":"series-mit-erfolg-zum","8":"publisher-klett-verlag","10":"first","11":"onbackorder","12":"taxable","13":"shipping-taxable","14":"purchasable","15":"product-type-simple"},"acf":[],"_links":{"self":[{"href":"https:\/\/exlibris.ee\/ru\/wp-json\/wp\/v2\/product\/20921","targetHints":{"allow":["GET"]}}],"collection":[{"href":"https:\/\/exlibris.ee\/ru\/wp-json\/wp\/v2\/product"}],"about":[{"href":"https:\/\/exlibris.ee\/ru\/wp-json\/wp\/v2\/types\/product"}],"wp:featuredmedia":[{"embeddable":true,"href":"https:\/\/exlibris.ee\/ru\/wp-json\/wp\/v2\/media\/71302"}],"wp:attachment":[{"href":"https:\/\/exlibris.ee\/ru\/wp-json\/wp\/v2\/media?parent=20921"}],"wp:term":[{"taxonomy":"product_brand","embeddable":true,"href":"https:\/\/exlibris.ee\/ru\/wp-json\/wp\/v2\/product_brand?post=20921"},{"taxonomy":"product_cat","embeddable":true,"href":"https:\/\/exlibris.ee\/ru\/wp-json\/wp\/v2\/product_cat?post=20921"},{"taxonomy":"product_tag","embeddable":true,"href":"https:\/\/exlibris.ee\/ru\/wp-json\/wp\/v2\/product_tag?post=20921"},{"taxonomy":"series","embeddable":true,"href":"https:\/\/exlibris.ee\/ru\/wp-json\/wp\/v2\/series?post=20921"},{"taxonomy":"publisher","embeddable":true,"href":"https:\/\/exlibris.ee\/ru\/wp-json\/wp\/v2\/publisher?post=20921"}],"curies":[{"name":"wp","href":"https:\/\/api.w.org\/{rel}","templated":true}]}}