{"id":20929,"date":"2023-02-27T13:40:59","date_gmt":"2023-02-27T11:40:59","guid":{"rendered":"https:\/\/exlibris.ee\/toode\/landeskunde-zur-orientierung-kursbuch-mit-audiocd\/"},"modified":"2026-04-03T09:15:25","modified_gmt":"2026-04-03T06:15:25","slug":"landeskunde-zur-orientierung-kursbuch-mit-audiocd","status":"publish","type":"product","link":"https:\/\/exlibris.ee\/ru\/produkt\/landeskunde-zur-orientierung-kursbuch-mit-audiocd\/","title":{"rendered":"Zur Orientierung  Basiswissen Deutschland \/ Kursbuch mit Audio-CD"},"content":{"rendered":"<p>Das Kursbuch Zur Orientierung (8. Auflage) vermittelt Basiswissen \u00fcber Politik, Geschichte und Kultur in Deutschland und orientiert sich an den Vorgaben des Bundesamtes f\u00fcr Migration und Fl\u00fcchtlinge f\u00fcr Orientierungskurse. Es deckt das BAMF-Curriculum mit 100 Unterrichtseinheiten ab. Dem Kursbuch ist eine Audio-CD mit H\u00f6rtexten beigef\u00fcgt. Das Lehrerhandbuch steht als kostenloser PDF-Download im Lehrwerkservice zur Verf\u00fcgung.<\/p>\n","protected":false},"excerpt":{"rendered":"<p>Das Kursbuch Zur Orientierung (8. Auflage) vermittelt Basiswissen \u00fcber Politik, Geschichte und Kultur in Deutschland und orientiert sich an den Vorgaben des Bundesamtes f\u00fcr Migration und Fl\u00fcchtlinge f\u00fcr Orientierungskurse. Es deckt das BAMF-Curriculum mit 100 Unterrichtseinheiten ab. Dem Kursbuch ist&#8230;<\/p>\n","protected":false},"featured_media":55438,"template":"","meta":{"_acf_changed":false,"inline_featured_image":false},"product_brand":[],"product_cat":[897],"product_tag":[],"series":[{"id":491,"name":"Landeskunde","slug":"landeskunde"}],"publisher":[{"id":473,"name":"Klett Verlag","slug":"klett-verlag"}],"class_list":{"0":"post-20929","1":"product","2":"type-product","3":"status-publish","4":"has-post-thumbnail","6":"product_cat-keeleope-leiunurk","7":"series-landeskunde","8":"publisher-klett-verlag","10":"first","11":"instock","12":"taxable","13":"shipping-taxable","14":"purchasable","15":"product-type-simple"},"acf":[],"_links":{"self":[{"href":"https:\/\/exlibris.ee\/ru\/wp-json\/wp\/v2\/product\/20929","targetHints":{"allow":["GET"]}}],"collection":[{"href":"https:\/\/exlibris.ee\/ru\/wp-json\/wp\/v2\/product"}],"about":[{"href":"https:\/\/exlibris.ee\/ru\/wp-json\/wp\/v2\/types\/product"}],"wp:featuredmedia":[{"embeddable":true,"href":"https:\/\/exlibris.ee\/ru\/wp-json\/wp\/v2\/media\/55438"}],"wp:attachment":[{"href":"https:\/\/exlibris.ee\/ru\/wp-json\/wp\/v2\/media?parent=20929"}],"wp:term":[{"taxonomy":"product_brand","embeddable":true,"href":"https:\/\/exlibris.ee\/ru\/wp-json\/wp\/v2\/product_brand?post=20929"},{"taxonomy":"product_cat","embeddable":true,"href":"https:\/\/exlibris.ee\/ru\/wp-json\/wp\/v2\/product_cat?post=20929"},{"taxonomy":"product_tag","embeddable":true,"href":"https:\/\/exlibris.ee\/ru\/wp-json\/wp\/v2\/product_tag?post=20929"},{"taxonomy":"series","embeddable":true,"href":"https:\/\/exlibris.ee\/ru\/wp-json\/wp\/v2\/series?post=20929"},{"taxonomy":"publisher","embeddable":true,"href":"https:\/\/exlibris.ee\/ru\/wp-json\/wp\/v2\/publisher?post=20929"}],"curies":[{"name":"wp","href":"https:\/\/api.w.org\/{rel}","templated":true}]}}