{"id":20934,"date":"2023-02-27T13:41:00","date_gmt":"2023-02-27T11:41:00","guid":{"rendered":"https:\/\/exlibris.ee\/toode\/fit-fur-den-testdaf-tipps-und-ubungen-paket\/"},"modified":"2026-04-06T09:10:26","modified_gmt":"2026-04-06T06:10:26","slug":"fit-fur-den-testdaf-tipps-und-ubungen-paket","status":"publish","type":"product","link":"https:\/\/exlibris.ee\/ru\/produkt\/fit-fur-den-testdaf-tipps-und-ubungen-paket\/","title":{"rendered":"Fit f\u00fcr den TestDaF  Tipps und \u00dcbungen \/ Paket"},"content":{"rendered":"<p>Das gemeinsame Pr\u00fcfungstraining von TestDaF-Institut, Goethe Institut und Ludwig-Maximilians-Universit\u00e4t M\u00fcnchen Voraussetzungen: Kenntnisse auf dem Niveau B2\/C1 des Europ\u00e4ischen Referenzrahmens. Zielgruppe: Lernende mit mindestens Mittelstufenkenntnissen, die an einer deutschsprachigen Universit\u00e4t studieren und daf\u00fcr die Pr\u00fcfung TestDaF ablegen wollen. Lernziel: Pr\u00fcfung TestDaF Konzeption: Die Selbstevaluation hilft zun\u00e4chst dem Lernenden, seinen Kenntnisstand einzusch\u00e4tzen. In den Vorbereitungseinheiten werden die verschiedenen Aufgaben zu den vier Fertigkeiten einzeln detailliert vorgestellt und kleinschrittig einge\u00fcbt. Eine komplette und autorisierte Musterpr\u00fcfung stellt den Ablauf der Pr\u00fcfung vor und dient als &#171;Generalprobe&#187;. Die H\u00f6rtexte zu den Trainingsaufgaben und zur Musterpr\u00fcfung befinden sich auf den integrierten Audio-CDs. Das seit 2005 ge\u00e4nderte Format des Pr\u00fcfungsteils &#171;M\u00fcndlicher Ausdruck&#187; wird in Fit f\u00fcr den TestDaF ber\u00fccksichtigt. Das Buch enth\u00e4lt auch die L\u00f6sungen zu allen Aufgaben und die Transkriptionen der H\u00f6rtexte. Dadurch eignet sich das Material f\u00fcr Vorbereitungskurse und auch f\u00fcr das Selbstlernen.<\/p>\n","protected":false},"excerpt":{"rendered":"<p>Das gemeinsame Pr\u00fcfungstraining von TestDaF-Institut, Goethe Institut und Ludwig-Maximilians-Universit\u00e4t M\u00fcnchen Voraussetzungen: Kenntnisse auf dem Niveau B2\/C1 des Europ\u00e4ischen Referenzrahmens. Zielgruppe: Lernende mit mindestens Mittelstufenkenntnissen, die an einer deutschsprachigen Universit\u00e4t studieren und daf\u00fcr die Pr\u00fcfung TestDaF ablegen wollen. Lernziel: Pr\u00fcfung TestDaF&#8230;<\/p>\n","protected":false},"featured_media":55510,"template":"","meta":{"_acf_changed":false,"inline_featured_image":false},"product_brand":[],"product_cat":[507],"product_tag":[],"series":[{"id":531,"name":"Fit F\u00fcr","slug":"fit-fur"}],"publisher":[{"id":497,"name":"Hueber Verlag","slug":"hueber-verlag"}],"class_list":{"0":"post-20934","1":"product","2":"type-product","3":"status-publish","4":"has-post-thumbnail","6":"product_cat-prufungsvorbereitung","7":"series-fit-fur","8":"publisher-hueber-verlag","10":"first","11":"onbackorder","12":"taxable","13":"shipping-taxable","14":"purchasable","15":"product-type-simple"},"acf":[],"_links":{"self":[{"href":"https:\/\/exlibris.ee\/ru\/wp-json\/wp\/v2\/product\/20934","targetHints":{"allow":["GET"]}}],"collection":[{"href":"https:\/\/exlibris.ee\/ru\/wp-json\/wp\/v2\/product"}],"about":[{"href":"https:\/\/exlibris.ee\/ru\/wp-json\/wp\/v2\/types\/product"}],"wp:featuredmedia":[{"embeddable":true,"href":"https:\/\/exlibris.ee\/ru\/wp-json\/wp\/v2\/media\/55510"}],"wp:attachment":[{"href":"https:\/\/exlibris.ee\/ru\/wp-json\/wp\/v2\/media?parent=20934"}],"wp:term":[{"taxonomy":"product_brand","embeddable":true,"href":"https:\/\/exlibris.ee\/ru\/wp-json\/wp\/v2\/product_brand?post=20934"},{"taxonomy":"product_cat","embeddable":true,"href":"https:\/\/exlibris.ee\/ru\/wp-json\/wp\/v2\/product_cat?post=20934"},{"taxonomy":"product_tag","embeddable":true,"href":"https:\/\/exlibris.ee\/ru\/wp-json\/wp\/v2\/product_tag?post=20934"},{"taxonomy":"series","embeddable":true,"href":"https:\/\/exlibris.ee\/ru\/wp-json\/wp\/v2\/series?post=20934"},{"taxonomy":"publisher","embeddable":true,"href":"https:\/\/exlibris.ee\/ru\/wp-json\/wp\/v2\/publisher?post=20934"}],"curies":[{"name":"wp","href":"https:\/\/api.w.org\/{rel}","templated":true}]}}