{"id":20942,"date":"2023-02-27T13:41:02","date_gmt":"2023-02-27T11:41:02","guid":{"rendered":"https:\/\/exlibris.ee\/toode\/momente-a1-1-kursbuch-plus-interaktive-version\/"},"modified":"2026-04-03T09:15:29","modified_gmt":"2026-04-03T06:15:29","slug":"momente-a1-1-kursbuch-plus-interaktive-version","status":"publish","type":"product","link":"https:\/\/exlibris.ee\/ru\/produkt\/momente-a1-1-kursbuch-plus-interaktive-version\/","title":{"rendered":"Momente A1.1  Kursbuch plus interaktive Version"},"content":{"rendered":"<p>Kursbuch plus interaktive Version (\u00fcber Code im Buch abrufbar) Der Teilband Momente A1.1 umfasst 4 Module. So ist ein Kursbuch-Modul aufgebaut: \u2022 3 Lektionen, die die Lese- und H\u00f6rstrategien trainieren. Auch die produktiven Fertigkeiten Sprechen und Schreiben werden systematisch aufgebaut: \u2022 Eine abwechslungsreiche Geschichte mit vielen Identifikationsm\u00f6glichkeiten bildet den thematischen Rahmen jeder Lektion. \u2022 Aktionsseiten erm\u00f6glichen echte Kommunikation im Kursraum. Das neue Wortfeld der Lektion findet man als Bildlexikon in der Fu\u00dfzeile. \u2022 Die einzelnen W\u00f6rter k\u00f6nnen in einem Erkl\u00e4r-Clip geh\u00f6rt und nachgesprochen werden. Dazu gibt es eine interaktive \u00dcbung. \u2022 Ein fakultativer Extra-Film erz\u00e4hlt gegen Ende der Lektion die Geschichte weiter. \u2022 Jede Lektion schlie\u00dft mit einem Schnelltest, der den Lernerfolg \u00fcberpr\u00fcft. Binnendifferenzierende, interaktive Zusatz\u00fcbungen erm\u00f6glichen das individuelle Weiterlernen. \u2022 Ein buntes Magazin, das die Kursthemen aus neuen Perspektiven beleuchtet, die plurikulturelle Kompetenz f\u00f6rdert, bietet spannende und vielseitige Themen aus den deutschsprachigen L\u00e4ndern \u2022 Au\u00dferdem gibt es klare \u00dcbersichten \u00fcber Grammatik und Redemittel (Kommunikation).<\/p>\n","protected":false},"excerpt":{"rendered":"<p>Kursbuch plus interaktive Version (\u00fcber Code im Buch abrufbar) Der Teilband Momente A1.1 umfasst 4 Module. So ist ein Kursbuch-Modul aufgebaut: \u2022 3 Lektionen, die die Lese- und H\u00f6rstrategien trainieren. Auch die produktiven Fertigkeiten Sprechen und Schreiben werden systematisch aufgebaut:&#8230;<\/p>\n","protected":false},"featured_media":55531,"template":"","meta":{"_acf_changed":false,"inline_featured_image":false},"product_brand":[],"product_cat":[1121],"product_tag":[],"series":[{"id":539,"name":"Momente A1.1","slug":"momente-a1-1"}],"publisher":[{"id":497,"name":"Hueber Verlag","slug":"hueber-verlag"}],"class_list":{"0":"post-20942","1":"product","2":"type-product","3":"status-publish","4":"has-post-thumbnail","6":"product_cat-lehrwerke-fur-jugendliche-und-erwachsene","7":"series-momente-a1-1","8":"publisher-hueber-verlag","10":"first","11":"instock","12":"taxable","13":"shipping-taxable","14":"purchasable","15":"product-type-simple"},"acf":[],"_links":{"self":[{"href":"https:\/\/exlibris.ee\/ru\/wp-json\/wp\/v2\/product\/20942","targetHints":{"allow":["GET"]}}],"collection":[{"href":"https:\/\/exlibris.ee\/ru\/wp-json\/wp\/v2\/product"}],"about":[{"href":"https:\/\/exlibris.ee\/ru\/wp-json\/wp\/v2\/types\/product"}],"wp:featuredmedia":[{"embeddable":true,"href":"https:\/\/exlibris.ee\/ru\/wp-json\/wp\/v2\/media\/55531"}],"wp:attachment":[{"href":"https:\/\/exlibris.ee\/ru\/wp-json\/wp\/v2\/media?parent=20942"}],"wp:term":[{"taxonomy":"product_brand","embeddable":true,"href":"https:\/\/exlibris.ee\/ru\/wp-json\/wp\/v2\/product_brand?post=20942"},{"taxonomy":"product_cat","embeddable":true,"href":"https:\/\/exlibris.ee\/ru\/wp-json\/wp\/v2\/product_cat?post=20942"},{"taxonomy":"product_tag","embeddable":true,"href":"https:\/\/exlibris.ee\/ru\/wp-json\/wp\/v2\/product_tag?post=20942"},{"taxonomy":"series","embeddable":true,"href":"https:\/\/exlibris.ee\/ru\/wp-json\/wp\/v2\/series?post=20942"},{"taxonomy":"publisher","embeddable":true,"href":"https:\/\/exlibris.ee\/ru\/wp-json\/wp\/v2\/publisher?post=20942"}],"curies":[{"name":"wp","href":"https:\/\/api.w.org\/{rel}","templated":true}]}}