{"id":20945,"date":"2023-02-27T13:41:02","date_gmt":"2023-02-27T11:41:02","guid":{"rendered":"https:\/\/exlibris.ee\/toode\/ideen-sprachniveau-2-kursbuch\/"},"modified":"2026-04-03T09:15:29","modified_gmt":"2026-04-03T06:15:29","slug":"ideen-sprachniveau-2-kursbuch","status":"publish","type":"product","link":"https:\/\/exlibris.ee\/ru\/produkt\/ideen-sprachniveau-2-kursbuch\/","title":{"rendered":"Ideen 2  Kursbuch"},"content":{"rendered":"<p>Zielgruppe: Jugendliche und junge Erwachsene im In- und Ausland ohne Vorkenntnisse. Lernziel: F\u00fchrt zur Niveaustufe A2 des Europ\u00e4ischen Referenzrahmens und bereitet auf die Pr\u00fcfung Fit in Deutsch 2 vor. Neue Ideen f\u00fcr den Unterricht mit Jugendlichen! Jugendliche zu unterrichten ist eine interessante, aber nicht immer leichte Aufgabe. Die Ursachen f\u00fcr viele Probleme liegen oft in der komplexen entwicklungsbedingten Situation, in der sich die Jugendlichen in diesem Alter befinden. In der \u00dcbergangsphase von der Kindheit zum Erwachsenenleben m\u00fcssen sie ihre eigene Identit\u00e4t neu definieren.<\/p>\n","protected":false},"excerpt":{"rendered":"<p>Zielgruppe: Jugendliche und junge Erwachsene im In- und Ausland ohne Vorkenntnisse. Lernziel: F\u00fchrt zur Niveaustufe A2 des Europ\u00e4ischen Referenzrahmens und bereitet auf die Pr\u00fcfung Fit in Deutsch 2 vor. Neue Ideen f\u00fcr den Unterricht mit Jugendlichen! Jugendliche zu unterrichten ist&#8230;<\/p>\n","protected":false},"featured_media":55540,"template":"","meta":{"_acf_changed":false,"inline_featured_image":false},"product_brand":[],"product_cat":[1121],"product_tag":[],"series":[{"id":542,"name":"Ideen Sprachniveau 2","slug":"ideen-sprachniveau-2"}],"publisher":[{"id":497,"name":"Hueber Verlag","slug":"hueber-verlag"}],"class_list":{"0":"post-20945","1":"product","2":"type-product","3":"status-publish","4":"has-post-thumbnail","6":"product_cat-lehrwerke-fur-jugendliche-und-erwachsene","7":"series-ideen-sprachniveau-2","8":"publisher-hueber-verlag","10":"first","11":"onbackorder","12":"taxable","13":"shipping-taxable","14":"purchasable","15":"product-type-simple"},"acf":[],"_links":{"self":[{"href":"https:\/\/exlibris.ee\/ru\/wp-json\/wp\/v2\/product\/20945","targetHints":{"allow":["GET"]}}],"collection":[{"href":"https:\/\/exlibris.ee\/ru\/wp-json\/wp\/v2\/product"}],"about":[{"href":"https:\/\/exlibris.ee\/ru\/wp-json\/wp\/v2\/types\/product"}],"wp:featuredmedia":[{"embeddable":true,"href":"https:\/\/exlibris.ee\/ru\/wp-json\/wp\/v2\/media\/55540"}],"wp:attachment":[{"href":"https:\/\/exlibris.ee\/ru\/wp-json\/wp\/v2\/media?parent=20945"}],"wp:term":[{"taxonomy":"product_brand","embeddable":true,"href":"https:\/\/exlibris.ee\/ru\/wp-json\/wp\/v2\/product_brand?post=20945"},{"taxonomy":"product_cat","embeddable":true,"href":"https:\/\/exlibris.ee\/ru\/wp-json\/wp\/v2\/product_cat?post=20945"},{"taxonomy":"product_tag","embeddable":true,"href":"https:\/\/exlibris.ee\/ru\/wp-json\/wp\/v2\/product_tag?post=20945"},{"taxonomy":"series","embeddable":true,"href":"https:\/\/exlibris.ee\/ru\/wp-json\/wp\/v2\/series?post=20945"},{"taxonomy":"publisher","embeddable":true,"href":"https:\/\/exlibris.ee\/ru\/wp-json\/wp\/v2\/publisher?post=20945"}],"curies":[{"name":"wp","href":"https:\/\/api.w.org\/{rel}","templated":true}]}}