{"id":20950,"date":"2023-02-27T13:41:03","date_gmt":"2023-02-27T11:41:03","guid":{"rendered":"https:\/\/exlibris.ee\/toode\/fit-fur-12-tipps-und-ubungen-lehrbuch-mit-integrierter-cd\/"},"modified":"2026-04-04T03:14:58","modified_gmt":"2026-04-04T00:14:58","slug":"fit-fur-12-tipps-und-ubungen-lehrbuch-mit-integrierter-cd","status":"publish","type":"product","link":"https:\/\/exlibris.ee\/ru\/produkt\/fit-fur-12-tipps-und-ubungen-lehrbuch-mit-integrierter-cd\/","title":{"rendered":"Fit f\u00fcr Fit in Deutsch 1 und 2  Tipps und \u00dcbungen \/ Lehrbuch mit integrierter Audio-CD"},"content":{"rendered":"<p>Zielgruppe: Das Buch wendet sich an Jugendliche in der Grundstufe auf dem Niveau A1 und A2, die sich gezielt auf die Pr\u00fcfungen Fit in Deutsch 1 und Fit in Deutsch 2 vorbereiten m\u00f6chten. Entsprechende Sprachkenntnisse werden vorausgesetzt. Die Lerner werden Schritt f\u00fcr Schritt in allen vier Fertigkeiten auf die Pr\u00fcfungsaufgaben vorbereitet. Wertvolle Tipps zeigen den Lernern dabei Strategien auf, um die Pr\u00fcfung leichter zu bestehen. Dazu gibt es weitere Aufgaben im Testformat. Modelltests nach jeder Niveaustufe schlie\u00dfen die Pr\u00fcfungsvorbereitung ab. Das Buch enth\u00e4lt neben Arbeitsbl\u00e4ttern als Kopiervorlage die Transkriptionen und L\u00f6sungen sowie eine Audio-CD mit H\u00f6rtexten.<\/p>\n","protected":false},"excerpt":{"rendered":"<p>Zielgruppe: Das Buch wendet sich an Jugendliche in der Grundstufe auf dem Niveau A1 und A2, die sich gezielt auf die Pr\u00fcfungen Fit in Deutsch 1 und Fit in Deutsch 2 vorbereiten m\u00f6chten. Entsprechende Sprachkenntnisse werden vorausgesetzt. Die Lerner werden&#8230;<\/p>\n","protected":false},"featured_media":55555,"template":"","meta":{"_acf_changed":false,"inline_featured_image":false},"product_brand":[],"product_cat":[507],"product_tag":[],"series":[{"id":531,"name":"Fit F\u00fcr","slug":"fit-fur"}],"publisher":[{"id":497,"name":"Hueber Verlag","slug":"hueber-verlag"}],"class_list":{"0":"post-20950","1":"product","2":"type-product","3":"status-publish","4":"has-post-thumbnail","6":"product_cat-prufungsvorbereitung","7":"series-fit-fur","8":"publisher-hueber-verlag","10":"first","11":"instock","12":"taxable","13":"shipping-taxable","14":"purchasable","15":"product-type-simple"},"acf":[],"_links":{"self":[{"href":"https:\/\/exlibris.ee\/ru\/wp-json\/wp\/v2\/product\/20950","targetHints":{"allow":["GET"]}}],"collection":[{"href":"https:\/\/exlibris.ee\/ru\/wp-json\/wp\/v2\/product"}],"about":[{"href":"https:\/\/exlibris.ee\/ru\/wp-json\/wp\/v2\/types\/product"}],"wp:featuredmedia":[{"embeddable":true,"href":"https:\/\/exlibris.ee\/ru\/wp-json\/wp\/v2\/media\/55555"}],"wp:attachment":[{"href":"https:\/\/exlibris.ee\/ru\/wp-json\/wp\/v2\/media?parent=20950"}],"wp:term":[{"taxonomy":"product_brand","embeddable":true,"href":"https:\/\/exlibris.ee\/ru\/wp-json\/wp\/v2\/product_brand?post=20950"},{"taxonomy":"product_cat","embeddable":true,"href":"https:\/\/exlibris.ee\/ru\/wp-json\/wp\/v2\/product_cat?post=20950"},{"taxonomy":"product_tag","embeddable":true,"href":"https:\/\/exlibris.ee\/ru\/wp-json\/wp\/v2\/product_tag?post=20950"},{"taxonomy":"series","embeddable":true,"href":"https:\/\/exlibris.ee\/ru\/wp-json\/wp\/v2\/series?post=20950"},{"taxonomy":"publisher","embeddable":true,"href":"https:\/\/exlibris.ee\/ru\/wp-json\/wp\/v2\/publisher?post=20950"}],"curies":[{"name":"wp","href":"https:\/\/api.w.org\/{rel}","templated":true}]}}