{"id":20951,"date":"2023-02-27T13:41:03","date_gmt":"2023-02-27T11:41:03","guid":{"rendered":"https:\/\/exlibris.ee\/toode\/fit-fur-goethe-zertifikat-tipps-und-ubungen-lehrbuch-mit-integrierter-audio-cd\/"},"modified":"2026-04-05T15:25:47","modified_gmt":"2026-04-05T12:25:47","slug":"fit-fur-goethe-zertifikat-tipps-und-ubungen-lehrbuch-mit-integrierter-audio-cd","status":"publish","type":"product","link":"https:\/\/exlibris.ee\/ru\/produkt\/fit-fur-goethe-zertifikat-tipps-und-ubungen-lehrbuch-mit-integrierter-audio-cd\/","title":{"rendered":"Fit f\u00fcrs Goethe-Zertifikat A1  Start Deutsch 1 \/ Lehrbuch mit integrierter Audio-CD"},"content":{"rendered":"<p>Zielgruppe: Das Buch und die Audio-CD richten sich an Lernende der Grundstufe auf dem Niveau A1, die sich gezielt auf die Pr\u00fcfung Goethe-Zertifikat A1 \/ Start Deutsch 1 vorbereiten wollen, aber auch an jene, die ein Fertigkeitentraining auf diesem Niveau suchen. Voraussetzungen: Das \u00dcbungs- und Trainingsmaterial setzt Sprachkenntnisse auf dem Niveau A1 voraus. Lernziel: Die Lerner trainieren intensiv die zwei produktiven Fertigkeiten Sprechen und Schreiben sowie die beiden rezeptiven Fertigkeiten H\u00f6ren und Lesen. Dabei werden sie Schritt f\u00fcr Schritt auf die Pr\u00fcfungsaufgaben vorbereitet. Hilfreiche Tipps erleichtern das Erreichen des Lernziels. Ein Testmodell schlie\u00dft die Pr\u00fcfungsvorbereitung ab. Konzeption: Gezielte \u00dcbungen vermitteln dem Lerner Schritt f\u00fcr Schritt die notwendigen Fertigkeiten und Techniken. Im Hinblick auf den geringen Sprachstand wurde bei der Konzeptentwicklung auf erkl\u00e4rende Texte verzichtet. Die Aufgabenstellungen sind so, dass der Lerner sie leicht versteht. Die \u00dcbungen sind so angelegt, dass sich das Wesentliche aus der \u00dcbung heraus erkl\u00e4rt. Die einzelnen \u00dcbungen bauen aufeinander auf und trainieren so die jeweilige Fertigkeit. Am Ende des Lehrbuchs befindet sich ein L\u00f6sungsschl\u00fcssel.<\/p>\n","protected":false},"excerpt":{"rendered":"<p>Zielgruppe: Das Buch und die Audio-CD richten sich an Lernende der Grundstufe auf dem Niveau A1, die sich gezielt auf die Pr\u00fcfung Goethe-Zertifikat A1 \/ Start Deutsch 1 vorbereiten wollen, aber auch an jene, die ein Fertigkeitentraining auf diesem Niveau&#8230;<\/p>\n","protected":false},"featured_media":55561,"template":"","meta":{"_acf_changed":false,"inline_featured_image":false},"product_brand":[],"product_cat":[507],"product_tag":[],"series":[{"id":531,"name":"Fit F\u00fcr","slug":"fit-fur"}],"publisher":[{"id":497,"name":"Hueber Verlag","slug":"hueber-verlag"}],"class_list":{"0":"post-20951","1":"product","2":"type-product","3":"status-publish","4":"has-post-thumbnail","6":"product_cat-prufungsvorbereitung","7":"series-fit-fur","8":"publisher-hueber-verlag","10":"first","11":"instock","12":"taxable","13":"shipping-taxable","14":"purchasable","15":"product-type-simple"},"acf":[],"_links":{"self":[{"href":"https:\/\/exlibris.ee\/ru\/wp-json\/wp\/v2\/product\/20951","targetHints":{"allow":["GET"]}}],"collection":[{"href":"https:\/\/exlibris.ee\/ru\/wp-json\/wp\/v2\/product"}],"about":[{"href":"https:\/\/exlibris.ee\/ru\/wp-json\/wp\/v2\/types\/product"}],"wp:featuredmedia":[{"embeddable":true,"href":"https:\/\/exlibris.ee\/ru\/wp-json\/wp\/v2\/media\/55561"}],"wp:attachment":[{"href":"https:\/\/exlibris.ee\/ru\/wp-json\/wp\/v2\/media?parent=20951"}],"wp:term":[{"taxonomy":"product_brand","embeddable":true,"href":"https:\/\/exlibris.ee\/ru\/wp-json\/wp\/v2\/product_brand?post=20951"},{"taxonomy":"product_cat","embeddable":true,"href":"https:\/\/exlibris.ee\/ru\/wp-json\/wp\/v2\/product_cat?post=20951"},{"taxonomy":"product_tag","embeddable":true,"href":"https:\/\/exlibris.ee\/ru\/wp-json\/wp\/v2\/product_tag?post=20951"},{"taxonomy":"series","embeddable":true,"href":"https:\/\/exlibris.ee\/ru\/wp-json\/wp\/v2\/series?post=20951"},{"taxonomy":"publisher","embeddable":true,"href":"https:\/\/exlibris.ee\/ru\/wp-json\/wp\/v2\/publisher?post=20951"}],"curies":[{"name":"wp","href":"https:\/\/api.w.org\/{rel}","templated":true}]}}