{"id":20980,"date":"2023-02-27T13:41:10","date_gmt":"2023-02-27T11:41:10","guid":{"rendered":"https:\/\/exlibris.ee\/toode\/ausblick-sprachniveau-2-arbeitsbuch-mit-cd\/"},"modified":"2026-04-04T03:15:59","modified_gmt":"2026-04-04T00:15:59","slug":"ausblick-sprachniveau-2-arbeitsbuch-mit-cd","status":"publish","type":"product","link":"https:\/\/exlibris.ee\/ru\/produkt\/ausblick-sprachniveau-2-arbeitsbuch-mit-cd\/","title":{"rendered":"AusBlick 2  \/ Arbeitsbuch mit Audio-CD"},"content":{"rendered":"<p>Das Arbeitsbuch zu AusBlick 2 ist f\u00fcr das selbstst\u00e4ndige Arbeiten zu Hause sowie f\u00fcr den Einsatz im Kurs geeignet. Es enth\u00e4lt: &#8212; \u00dcbungen zur Grammatik &#8212; \u00dcbungen zum Wortschatz &#8212; eine Liste mit dem Lernwortschatz &#8212; zus\u00e4tzliches Angebot an Lese- und H\u00f6rtexten- Pr\u00fcfungstraining (Deutsches Sprachdiplom der KMK Stufe 1 f\u00fcr die deutschen Schulen im Ausland) &#8212; Schreibtraining &#8212; Phonetik &#8212; Lernerfolgskontrolle &#8212; Audio-CD mit Aussprache\u00fcbungen und H\u00f6rverst\u00e4ndnis-Testaufgaben<\/p>\n","protected":false},"excerpt":{"rendered":"<p>Das Arbeitsbuch zu AusBlick 2 ist f\u00fcr das selbstst\u00e4ndige Arbeiten zu Hause sowie f\u00fcr den Einsatz im Kurs geeignet. Es enth\u00e4lt: &#8212; \u00dcbungen zur Grammatik &#8212; \u00dcbungen zum Wortschatz &#8212; eine Liste mit dem Lernwortschatz &#8212; zus\u00e4tzliches Angebot an Lese-&#8230;<\/p>\n","protected":false},"featured_media":55765,"template":"","meta":{"_acf_changed":false,"inline_featured_image":false},"product_brand":[],"product_cat":[1121],"product_tag":[],"series":[{"id":545,"name":"Ausblick Sprachniveau 2","slug":"ausblick-sprachniveau-2"}],"publisher":[{"id":497,"name":"Hueber Verlag","slug":"hueber-verlag"}],"class_list":{"0":"post-20980","1":"product","2":"type-product","3":"status-publish","4":"has-post-thumbnail","6":"product_cat-lehrwerke-fur-jugendliche-und-erwachsene","7":"series-ausblick-sprachniveau-2","8":"publisher-hueber-verlag","10":"first","11":"onbackorder","12":"taxable","13":"shipping-taxable","14":"purchasable","15":"product-type-simple"},"acf":[],"_links":{"self":[{"href":"https:\/\/exlibris.ee\/ru\/wp-json\/wp\/v2\/product\/20980","targetHints":{"allow":["GET"]}}],"collection":[{"href":"https:\/\/exlibris.ee\/ru\/wp-json\/wp\/v2\/product"}],"about":[{"href":"https:\/\/exlibris.ee\/ru\/wp-json\/wp\/v2\/types\/product"}],"wp:featuredmedia":[{"embeddable":true,"href":"https:\/\/exlibris.ee\/ru\/wp-json\/wp\/v2\/media\/55765"}],"wp:attachment":[{"href":"https:\/\/exlibris.ee\/ru\/wp-json\/wp\/v2\/media?parent=20980"}],"wp:term":[{"taxonomy":"product_brand","embeddable":true,"href":"https:\/\/exlibris.ee\/ru\/wp-json\/wp\/v2\/product_brand?post=20980"},{"taxonomy":"product_cat","embeddable":true,"href":"https:\/\/exlibris.ee\/ru\/wp-json\/wp\/v2\/product_cat?post=20980"},{"taxonomy":"product_tag","embeddable":true,"href":"https:\/\/exlibris.ee\/ru\/wp-json\/wp\/v2\/product_tag?post=20980"},{"taxonomy":"series","embeddable":true,"href":"https:\/\/exlibris.ee\/ru\/wp-json\/wp\/v2\/series?post=20980"},{"taxonomy":"publisher","embeddable":true,"href":"https:\/\/exlibris.ee\/ru\/wp-json\/wp\/v2\/publisher?post=20980"}],"curies":[{"name":"wp","href":"https:\/\/api.w.org\/{rel}","templated":true}]}}