{"id":20995,"date":"2023-02-27T13:41:12","date_gmt":"2023-02-27T11:41:12","guid":{"rendered":"https:\/\/exlibris.ee\/toode\/ideen-sprachniveau-2-lehrerhandbuch\/"},"modified":"2026-04-24T01:41:51","modified_gmt":"2026-04-23T22:41:51","slug":"ideen-sprachniveau-2-lehrerhandbuch","status":"publish","type":"product","link":"https:\/\/exlibris.ee\/ru\/produkt\/ideen-sprachniveau-2-lehrerhandbuch\/","title":{"rendered":"Ideen 2  Lehrerhandbuch"},"content":{"rendered":"<p>Das Lehrerhandbuch ist klar strukturiert, im Unterricht einfach einzusetzen und bietet Schritt f\u00fcr Schritt-Anleitungen f\u00fcr die Umsetzung der Unterrichtseinheiten und Hintergrundinformationen \u00fcber allgemeine Inhalte, kulturelle und sprachliche Aspekte. Weiterf\u00fchrende Ideen f\u00fcr den Unterricht und Kopiervorlagen f\u00fcr zus\u00e4tzliche \u00dcbungs- und Unterrichtseinheiten vervollst\u00e4ndigen das Angebot.<\/p>\n","protected":false},"excerpt":{"rendered":"<p>Das Lehrerhandbuch ist klar strukturiert, im Unterricht einfach einzusetzen und bietet Schritt f\u00fcr Schritt-Anleitungen f\u00fcr die Umsetzung der Unterrichtseinheiten und Hintergrundinformationen \u00fcber allgemeine Inhalte, kulturelle und sprachliche Aspekte. Weiterf\u00fchrende Ideen f\u00fcr den Unterricht und Kopiervorlagen f\u00fcr zus\u00e4tzliche \u00dcbungs- und Unterrichtseinheiten&#8230;<\/p>\n","protected":false},"featured_media":55885,"template":"","meta":{"_acf_changed":false,"inline_featured_image":false},"product_brand":[],"product_cat":[1121],"product_tag":[],"series":[{"id":542,"name":"Ideen Sprachniveau 2","slug":"ideen-sprachniveau-2"}],"publisher":[{"id":497,"name":"Hueber Verlag","slug":"hueber-verlag"}],"class_list":{"0":"post-20995","1":"product","2":"type-product","3":"status-publish","4":"has-post-thumbnail","6":"product_cat-lehrwerke-fur-jugendliche-und-erwachsene","7":"series-ideen-sprachniveau-2","8":"publisher-hueber-verlag","10":"first","11":"instock","12":"taxable","13":"shipping-taxable","14":"purchasable","15":"product-type-simple"},"acf":[],"_links":{"self":[{"href":"https:\/\/exlibris.ee\/ru\/wp-json\/wp\/v2\/product\/20995","targetHints":{"allow":["GET"]}}],"collection":[{"href":"https:\/\/exlibris.ee\/ru\/wp-json\/wp\/v2\/product"}],"about":[{"href":"https:\/\/exlibris.ee\/ru\/wp-json\/wp\/v2\/types\/product"}],"wp:featuredmedia":[{"embeddable":true,"href":"https:\/\/exlibris.ee\/ru\/wp-json\/wp\/v2\/media\/55885"}],"wp:attachment":[{"href":"https:\/\/exlibris.ee\/ru\/wp-json\/wp\/v2\/media?parent=20995"}],"wp:term":[{"taxonomy":"product_brand","embeddable":true,"href":"https:\/\/exlibris.ee\/ru\/wp-json\/wp\/v2\/product_brand?post=20995"},{"taxonomy":"product_cat","embeddable":true,"href":"https:\/\/exlibris.ee\/ru\/wp-json\/wp\/v2\/product_cat?post=20995"},{"taxonomy":"product_tag","embeddable":true,"href":"https:\/\/exlibris.ee\/ru\/wp-json\/wp\/v2\/product_tag?post=20995"},{"taxonomy":"series","embeddable":true,"href":"https:\/\/exlibris.ee\/ru\/wp-json\/wp\/v2\/series?post=20995"},{"taxonomy":"publisher","embeddable":true,"href":"https:\/\/exlibris.ee\/ru\/wp-json\/wp\/v2\/publisher?post=20995"}],"curies":[{"name":"wp","href":"https:\/\/api.w.org\/{rel}","templated":true}]}}