{"id":20999,"date":"2023-02-27T13:41:12","date_gmt":"2023-02-27T11:41:12","guid":{"rendered":"https:\/\/exlibris.ee\/toode\/fit-fur-goethe-zertifikat-start-deutsch-1-lehrbuch-interaktive-version\/"},"modified":"2026-04-05T15:28:36","modified_gmt":"2026-04-05T12:28:36","slug":"fit-fur-goethe-zertifikat-start-deutsch-1-lehrbuch-interaktive-version","status":"publish","type":"product","link":"https:\/\/exlibris.ee\/ru\/produkt\/fit-fur-goethe-zertifikat-start-deutsch-1-lehrbuch-interaktive-version\/","title":{"rendered":"Fit f\u00fcrs Goethe-Zertifikat A2   \/ Lehrbuch mit Audio-CD"},"content":{"rendered":"<p>Der Trainingsband macht mit den Inhalten und dem Format der Pr\u00fcfung Goethe-Zertifikat A2, Deutschpr\u00fcfung f\u00fcr Erwachsene vertraut, erkl\u00e4rt, worauf es in der Pr\u00fcfung ankommt, und gibt authentisches \u00dcbungsmaterial an die Hand. Die Lernenden werden Schritt f\u00fcr Schritt in allen Fertigkeiten auf die Pr\u00fcfungsaufgaben vorbereitet: &#8212; Training der Pr\u00fcfungsmodule Lesen, H\u00f6ren, Schreiben und Sprechen &#8212; abschlie\u00dfende Pr\u00fcfungssimulation zu jedem Modul &#8212; Tipps zu jeder Pr\u00fcfungsaufgabe &#8212; mit integrierten Audiodateien aller H\u00f6rtexte &#8212; mit Transkriptionen und integriertem L\u00f6sungsschl\u00fcssel &#8212; geeignet f\u00fcr das gemeinsame Lernen im Kurs und f\u00fcr das selbst\u00e4ndige Wiederholen und \u00dcben zu Hause.<\/p>\n","protected":false},"excerpt":{"rendered":"<p>Der Trainingsband macht mit den Inhalten und dem Format der Pr\u00fcfung Goethe-Zertifikat A2, Deutschpr\u00fcfung f\u00fcr Erwachsene vertraut, erkl\u00e4rt, worauf es in der Pr\u00fcfung ankommt, und gibt authentisches \u00dcbungsmaterial an die Hand. Die Lernenden werden Schritt f\u00fcr Schritt in allen Fertigkeiten&#8230;<\/p>\n","protected":false},"featured_media":55900,"template":"","meta":{"_acf_changed":false,"inline_featured_image":false},"product_brand":[],"product_cat":[507],"product_tag":[],"series":[{"id":531,"name":"Fit F\u00fcr","slug":"fit-fur"}],"publisher":[{"id":497,"name":"Hueber Verlag","slug":"hueber-verlag"}],"class_list":{"0":"post-20999","1":"product","2":"type-product","3":"status-publish","4":"has-post-thumbnail","6":"product_cat-prufungsvorbereitung","7":"series-fit-fur","8":"publisher-hueber-verlag","10":"first","11":"instock","12":"taxable","13":"shipping-taxable","14":"purchasable","15":"product-type-simple"},"acf":[],"_links":{"self":[{"href":"https:\/\/exlibris.ee\/ru\/wp-json\/wp\/v2\/product\/20999","targetHints":{"allow":["GET"]}}],"collection":[{"href":"https:\/\/exlibris.ee\/ru\/wp-json\/wp\/v2\/product"}],"about":[{"href":"https:\/\/exlibris.ee\/ru\/wp-json\/wp\/v2\/types\/product"}],"wp:featuredmedia":[{"embeddable":true,"href":"https:\/\/exlibris.ee\/ru\/wp-json\/wp\/v2\/media\/55900"}],"wp:attachment":[{"href":"https:\/\/exlibris.ee\/ru\/wp-json\/wp\/v2\/media?parent=20999"}],"wp:term":[{"taxonomy":"product_brand","embeddable":true,"href":"https:\/\/exlibris.ee\/ru\/wp-json\/wp\/v2\/product_brand?post=20999"},{"taxonomy":"product_cat","embeddable":true,"href":"https:\/\/exlibris.ee\/ru\/wp-json\/wp\/v2\/product_cat?post=20999"},{"taxonomy":"product_tag","embeddable":true,"href":"https:\/\/exlibris.ee\/ru\/wp-json\/wp\/v2\/product_tag?post=20999"},{"taxonomy":"series","embeddable":true,"href":"https:\/\/exlibris.ee\/ru\/wp-json\/wp\/v2\/series?post=20999"},{"taxonomy":"publisher","embeddable":true,"href":"https:\/\/exlibris.ee\/ru\/wp-json\/wp\/v2\/publisher?post=20999"}],"curies":[{"name":"wp","href":"https:\/\/api.w.org\/{rel}","templated":true}]}}