{"id":21014,"date":"2023-02-27T13:41:15","date_gmt":"2023-02-27T11:41:15","guid":{"rendered":"https:\/\/exlibris.ee\/toode\/spielerisch-deutsch-lernen-lernstufe-3\/"},"modified":"2026-04-05T15:28:40","modified_gmt":"2026-04-05T12:28:40","slug":"spielerisch-deutsch-lernen-lernstufe-3","status":"publish","type":"product","link":"https:\/\/exlibris.ee\/ru\/produkt\/spielerisch-deutsch-lernen-lernstufe-3\/","title":{"rendered":"Wortschatzvertiefung und Grammatik  Lernstufe 3 \/ Buch"},"content":{"rendered":"<p>Vertieftes \u00dcben der Zeiten, Imperativ, Personalpronomen, Pr\u00e4positionen, komplexere Satzstrukturen (Akkusativ, Dativ, Nebens\u00e4tze) etc. Die Reihe Spielerisch Deutsch lernen wurde zur F\u00f6rderung der Sprachkompetenz von Kindern mit Migrationshintergrund entwickelt. Vier Hefte auf unterschiedlichen Lernstufen f\u00fcr die Vorschule bzw. die ersten Schuljahre vermitteln anhand von entwicklungs- und erfahrungsgerechten Alltagssituationen spielerisch und kindgerecht die wichtigsten Grundkenntnisse in Grammatik und Wortschatz und helfen so die sprachlichen Defizite der Kinder auszugleichen. Die liebevoll illustrierten Materialien sind sowohl zum Lernen und \u00dcben mit den Eltern zu Hause als auch f\u00fcr den Unterricht bestens geeignet.<\/p>\n","protected":false},"excerpt":{"rendered":"<p>Vertieftes \u00dcben der Zeiten, Imperativ, Personalpronomen, Pr\u00e4positionen, komplexere Satzstrukturen (Akkusativ, Dativ, Nebens\u00e4tze) etc. Die Reihe Spielerisch Deutsch lernen wurde zur F\u00f6rderung der Sprachkompetenz von Kindern mit Migrationshintergrund entwickelt. Vier Hefte auf unterschiedlichen Lernstufen f\u00fcr die Vorschule bzw. die ersten Schuljahre&#8230;<\/p>\n","protected":false},"featured_media":56008,"template":"","meta":{"_acf_changed":false,"inline_featured_image":false},"product_brand":[],"product_cat":[480],"product_tag":[],"series":[{"id":550,"name":"Spielerisch deutsch lernen","slug":"spielerisch-deutsch-lernen"}],"publisher":[{"id":497,"name":"Hueber Verlag","slug":"hueber-verlag"}],"class_list":{"0":"post-21014","1":"product","2":"type-product","3":"status-publish","4":"has-post-thumbnail","6":"product_cat-grammatiken","7":"series-spielerisch-deutsch-lernen","8":"publisher-hueber-verlag","10":"first","11":"instock","12":"taxable","13":"shipping-taxable","14":"purchasable","15":"product-type-simple"},"acf":[],"_links":{"self":[{"href":"https:\/\/exlibris.ee\/ru\/wp-json\/wp\/v2\/product\/21014","targetHints":{"allow":["GET"]}}],"collection":[{"href":"https:\/\/exlibris.ee\/ru\/wp-json\/wp\/v2\/product"}],"about":[{"href":"https:\/\/exlibris.ee\/ru\/wp-json\/wp\/v2\/types\/product"}],"wp:featuredmedia":[{"embeddable":true,"href":"https:\/\/exlibris.ee\/ru\/wp-json\/wp\/v2\/media\/56008"}],"wp:attachment":[{"href":"https:\/\/exlibris.ee\/ru\/wp-json\/wp\/v2\/media?parent=21014"}],"wp:term":[{"taxonomy":"product_brand","embeddable":true,"href":"https:\/\/exlibris.ee\/ru\/wp-json\/wp\/v2\/product_brand?post=21014"},{"taxonomy":"product_cat","embeddable":true,"href":"https:\/\/exlibris.ee\/ru\/wp-json\/wp\/v2\/product_cat?post=21014"},{"taxonomy":"product_tag","embeddable":true,"href":"https:\/\/exlibris.ee\/ru\/wp-json\/wp\/v2\/product_tag?post=21014"},{"taxonomy":"series","embeddable":true,"href":"https:\/\/exlibris.ee\/ru\/wp-json\/wp\/v2\/series?post=21014"},{"taxonomy":"publisher","embeddable":true,"href":"https:\/\/exlibris.ee\/ru\/wp-json\/wp\/v2\/publisher?post=21014"}],"curies":[{"name":"wp","href":"https:\/\/api.w.org\/{rel}","templated":true}]}}