{"id":21015,"date":"2023-02-27T13:41:15","date_gmt":"2023-02-27T11:41:15","guid":{"rendered":"https:\/\/exlibris.ee\/toode\/sprachspiele-und-mehr-gute-reise\/"},"modified":"2026-04-13T23:34:13","modified_gmt":"2026-04-13T20:34:13","slug":"sprachspiele-und-mehr-gute-reise","status":"publish","type":"product","link":"https:\/\/exlibris.ee\/ru\/produkt\/sprachspiele-und-mehr-gute-reise\/","title":{"rendered":"Gute Reise! Das Sprach- und Reisespiel, das Urlaubslaune macht  Reiseabenteuer erleben und Deutsch lernen \/ Sprachspiel"},"content":{"rendered":"<p>Auf Reisen passieren oft ungeplante Dinge \u2013 von \u00e4rgerlichen Pannen bis zu hocherfreulichen \u00dcberraschungen: Flugzeug verpasst, Ticket vergessen, bei der Stadtbesichtigung verlaufen \u2026 oder aber ein Upgrade in die Business Class, ein tolles Hotelzimmer mit spektakul\u00e4rer Aussicht, nette Reisebekanntschaften. 100 solcher Reiseerlebnisse werden in kurzen Texten beschrieben. Die Spieler m\u00fcssen zu den vorgelesenen Erlebnissen Karten mit passenden S\u00e4tzen ausspielen. Das Spiel Gute Reise! ist lustig und sehr kommunikativ, obendrein bietet es ein vielseitiges Sprachtraining: vorlesen, zuh\u00f6ren, verstehen, die passenden S\u00e4tze finden und laut aussprechen. F\u00fcr 2-6 Spieler mit ersten Grundkenntnissen und Fortgeschrittene ab 12 Jahren (Niveau A2-B2), Spieldauer ca. 20 Minuten. Das Spiel besteht aus: 6 Gep\u00e4ckst\u00fccktableaus f\u00fcr Reiseutensilien, 36 K\u00e4rtchen mit Reiseutensilien, 100 Erlebniskarten, 100 Was nun?-Karten.<\/p>\n","protected":false},"excerpt":{"rendered":"<p>Auf Reisen passieren oft ungeplante Dinge \u2013 von \u00e4rgerlichen Pannen bis zu hocherfreulichen \u00dcberraschungen: Flugzeug verpasst, Ticket vergessen, bei der Stadtbesichtigung verlaufen \u2026 oder aber ein Upgrade in die Business Class, ein tolles Hotelzimmer mit spektakul\u00e4rer Aussicht, nette Reisebekanntschaften. 100&#8230;<\/p>\n","protected":false},"featured_media":56011,"template":"","meta":{"_acf_changed":false,"inline_featured_image":false},"product_brand":[],"product_cat":[503],"product_tag":[],"series":[{"id":504,"name":"Sprachspiele und Mehr","slug":"sprachspiele-und-mehr"}],"publisher":[{"id":473,"name":"Klett Verlag","slug":"klett-verlag"}],"class_list":{"0":"post-21015","1":"product","2":"type-product","3":"status-publish","4":"has-post-thumbnail","6":"product_cat-lernen-mit-bildern-und-spielen","7":"series-sprachspiele-und-mehr","8":"publisher-klett-verlag","10":"first","11":"onbackorder","12":"taxable","13":"shipping-taxable","14":"purchasable","15":"product-type-simple"},"acf":[],"_links":{"self":[{"href":"https:\/\/exlibris.ee\/ru\/wp-json\/wp\/v2\/product\/21015","targetHints":{"allow":["GET"]}}],"collection":[{"href":"https:\/\/exlibris.ee\/ru\/wp-json\/wp\/v2\/product"}],"about":[{"href":"https:\/\/exlibris.ee\/ru\/wp-json\/wp\/v2\/types\/product"}],"wp:featuredmedia":[{"embeddable":true,"href":"https:\/\/exlibris.ee\/ru\/wp-json\/wp\/v2\/media\/56011"}],"wp:attachment":[{"href":"https:\/\/exlibris.ee\/ru\/wp-json\/wp\/v2\/media?parent=21015"}],"wp:term":[{"taxonomy":"product_brand","embeddable":true,"href":"https:\/\/exlibris.ee\/ru\/wp-json\/wp\/v2\/product_brand?post=21015"},{"taxonomy":"product_cat","embeddable":true,"href":"https:\/\/exlibris.ee\/ru\/wp-json\/wp\/v2\/product_cat?post=21015"},{"taxonomy":"product_tag","embeddable":true,"href":"https:\/\/exlibris.ee\/ru\/wp-json\/wp\/v2\/product_tag?post=21015"},{"taxonomy":"series","embeddable":true,"href":"https:\/\/exlibris.ee\/ru\/wp-json\/wp\/v2\/series?post=21015"},{"taxonomy":"publisher","embeddable":true,"href":"https:\/\/exlibris.ee\/ru\/wp-json\/wp\/v2\/publisher?post=21015"}],"curies":[{"name":"wp","href":"https:\/\/api.w.org\/{rel}","templated":true}]}}