{"id":21029,"date":"2023-02-27T13:41:17","date_gmt":"2023-02-27T11:41:17","guid":{"rendered":"https:\/\/exlibris.ee\/toode\/paul-lisa-co-anfangerniveau-digitalisiertes-kursbuch-mit-integrierten-audiodateien\/"},"modified":"2026-04-23T05:44:41","modified_gmt":"2026-04-23T02:44:41","slug":"paul-lisa-co-anfangerniveau-digitalisiertes-kursbuch-mit-integrierten-audiodateien","status":"publish","type":"product","link":"https:\/\/exlibris.ee\/ru\/produkt\/paul-lisa-co-anfangerniveau-digitalisiertes-kursbuch-mit-integrierten-audiodateien\/","title":{"rendered":"Paul, Lisa &amp; Co Starter \u2013 Interaktive Version  Deutsch f\u00fcr Kinder \/ Digitalisiertes Kursbuch mit integrierten Audiodateien und interaktiven \u00dcbungen"},"content":{"rendered":"<p>Interaktive Version mit integrierten Audiodateien und zahlreichen interaktiven \u00dcbungen &#8212; modularer Aufbau: f\u00fcnf Module mit je zwei kurzen Lektionen &#8212; die attraktive Moduleinstiegsseite stellt jeweils einen oder mehrere Protagonisten in einer konkreten Lebenssituation vor und fasst die Lernziele des Moduls zusammen -die vielseitigen Modulendseiten greifen Gelerntes in Form von Projekten, Reimen, Liedern, Aussprache\u00fcbungen und einem altersgerechten Portfolio auf &#8212; die Lernziel\u00fcbersicht erfasst noch einmal \u00fcbersichtlich und transparent die Modulinhalte &#8212; intuitives Unterrichten: die Lektionen sind kleinschrittig aufgebaut und vermitteln Lernziele kontextualisiert und in einer flachen Progression &#8212; zahlreiche Spiele lockern den Unterricht auf &#8212; fakultative und erg\u00e4nzende Seiten im Anhang mit landeskundlichem Schwerpunkt &#8212; Starterband mit einem spielerischeren, leichten Einstieg in die deutsche Sprache: Paul, Lisa &amp; Co Starter erm\u00f6glicht einen besonders sanften und imitativen Einstieg in die deutsche Sprache ohne Grammatikvermittlung und bereitet auf Paul, Lisa &amp; Co A1.1 vor.<\/p>\n","protected":false},"excerpt":{"rendered":"<p>Interaktive Version mit integrierten Audiodateien und zahlreichen interaktiven \u00dcbungen &#8212; modularer Aufbau: f\u00fcnf Module mit je zwei kurzen Lektionen &#8212; die attraktive Moduleinstiegsseite stellt jeweils einen oder mehrere Protagonisten in einer konkreten Lebenssituation vor und fasst die Lernziele des Moduls&#8230;<\/p>\n","protected":false},"featured_media":56095,"template":"","meta":{"_acf_changed":false,"inline_featured_image":false},"product_brand":[],"product_cat":[471],"product_tag":[],"series":[{"id":527,"name":"Paul, Lisa &amp; Co Anf\u00e4ngerniveau","slug":"paul-lisa-co-anfangerniveau"}],"publisher":[{"id":497,"name":"Hueber Verlag","slug":"hueber-verlag"}],"class_list":{"0":"post-21029","1":"product","2":"type-product","3":"status-publish","4":"has-post-thumbnail","6":"product_cat-lehrwerke-fur-kinder","7":"series-paul-lisa-co-anfangerniveau","8":"publisher-hueber-verlag","10":"first","11":"onbackorder","12":"taxable","13":"shipping-taxable","14":"purchasable","15":"product-type-simple"},"acf":[],"_links":{"self":[{"href":"https:\/\/exlibris.ee\/ru\/wp-json\/wp\/v2\/product\/21029","targetHints":{"allow":["GET"]}}],"collection":[{"href":"https:\/\/exlibris.ee\/ru\/wp-json\/wp\/v2\/product"}],"about":[{"href":"https:\/\/exlibris.ee\/ru\/wp-json\/wp\/v2\/types\/product"}],"wp:featuredmedia":[{"embeddable":true,"href":"https:\/\/exlibris.ee\/ru\/wp-json\/wp\/v2\/media\/56095"}],"wp:attachment":[{"href":"https:\/\/exlibris.ee\/ru\/wp-json\/wp\/v2\/media?parent=21029"}],"wp:term":[{"taxonomy":"product_brand","embeddable":true,"href":"https:\/\/exlibris.ee\/ru\/wp-json\/wp\/v2\/product_brand?post=21029"},{"taxonomy":"product_cat","embeddable":true,"href":"https:\/\/exlibris.ee\/ru\/wp-json\/wp\/v2\/product_cat?post=21029"},{"taxonomy":"product_tag","embeddable":true,"href":"https:\/\/exlibris.ee\/ru\/wp-json\/wp\/v2\/product_tag?post=21029"},{"taxonomy":"series","embeddable":true,"href":"https:\/\/exlibris.ee\/ru\/wp-json\/wp\/v2\/series?post=21029"},{"taxonomy":"publisher","embeddable":true,"href":"https:\/\/exlibris.ee\/ru\/wp-json\/wp\/v2\/publisher?post=21029"}],"curies":[{"name":"wp","href":"https:\/\/api.w.org\/{rel}","templated":true}]}}