{"id":21031,"date":"2023-02-27T13:41:17","date_gmt":"2023-02-27T11:41:17","guid":{"rendered":"https:\/\/exlibris.ee\/toode\/deutsch-com-sprachniveau-1-audiocds-zum-kb\/"},"modified":"2026-04-13T23:35:33","modified_gmt":"2026-04-13T20:35:33","slug":"deutsch-com-sprachniveau-1-audiocds-zum-kb","status":"publish","type":"product","link":"https:\/\/exlibris.ee\/ru\/produkt\/deutsch-com-sprachniveau-1-audiocds-zum-kb\/","title":{"rendered":"deutsch.com 1  2 Audio-CDs zum Kursbuch"},"content":{"rendered":"<p>Die methodisch-didaktischen Hinweise dienen dem Lehrenden dazu, seine Stundenplanung je nach Lernergruppe optimal zu gestalten, Wiederholungsschleifen einzubauen und den Unterricht durch das zus\u00e4tzliche Angebot an Tests, Kopiervorlagen und Spielideen abwechslungsreich zu gestalten. deutsch.com erm\u00f6glicht mit seiner Variationsbreite an Aufgaben und Themen &#8212; einen abwechslungsreichen, handlungsorientierten Unterricht zu gestalten &#8212; der Heterogenit\u00e4t einer Lerngruppe gerecht zu werden &#8212; die Lernenden aktiv in das Geschehen mit einzubeziehen &#8212; ein f\u00fcr die Jugendlichen interessantes Bild der deutschsprachigen L\u00e4nder.<\/p>\n","protected":false},"excerpt":{"rendered":"<p>Die methodisch-didaktischen Hinweise dienen dem Lehrenden dazu, seine Stundenplanung je nach Lernergruppe optimal zu gestalten, Wiederholungsschleifen einzubauen und den Unterricht durch das zus\u00e4tzliche Angebot an Tests, Kopiervorlagen und Spielideen abwechslungsreich zu gestalten. deutsch.com erm\u00f6glicht mit seiner Variationsbreite an Aufgaben und&#8230;<\/p>\n","protected":false},"featured_media":56104,"template":"","meta":{"_acf_changed":false,"inline_featured_image":false},"product_brand":[],"product_cat":[477],"product_tag":[],"series":[{"id":528,"name":"Deutsch.com Sprachniveau 1","slug":"deutsch-com-sprachniveau-1"}],"publisher":[{"id":497,"name":"Hueber Verlag","slug":"hueber-verlag"}],"class_list":{"0":"post-21031","1":"product","2":"type-product","3":"status-publish","4":"has-post-thumbnail","6":"product_cat-lehrwerke-fur-jugendliche","7":"series-deutsch-com-sprachniveau-1","8":"publisher-hueber-verlag","10":"first","11":"instock","12":"taxable","13":"shipping-taxable","14":"purchasable","15":"product-type-simple"},"acf":[],"_links":{"self":[{"href":"https:\/\/exlibris.ee\/ru\/wp-json\/wp\/v2\/product\/21031","targetHints":{"allow":["GET"]}}],"collection":[{"href":"https:\/\/exlibris.ee\/ru\/wp-json\/wp\/v2\/product"}],"about":[{"href":"https:\/\/exlibris.ee\/ru\/wp-json\/wp\/v2\/types\/product"}],"wp:featuredmedia":[{"embeddable":true,"href":"https:\/\/exlibris.ee\/ru\/wp-json\/wp\/v2\/media\/56104"}],"wp:attachment":[{"href":"https:\/\/exlibris.ee\/ru\/wp-json\/wp\/v2\/media?parent=21031"}],"wp:term":[{"taxonomy":"product_brand","embeddable":true,"href":"https:\/\/exlibris.ee\/ru\/wp-json\/wp\/v2\/product_brand?post=21031"},{"taxonomy":"product_cat","embeddable":true,"href":"https:\/\/exlibris.ee\/ru\/wp-json\/wp\/v2\/product_cat?post=21031"},{"taxonomy":"product_tag","embeddable":true,"href":"https:\/\/exlibris.ee\/ru\/wp-json\/wp\/v2\/product_tag?post=21031"},{"taxonomy":"series","embeddable":true,"href":"https:\/\/exlibris.ee\/ru\/wp-json\/wp\/v2\/series?post=21031"},{"taxonomy":"publisher","embeddable":true,"href":"https:\/\/exlibris.ee\/ru\/wp-json\/wp\/v2\/publisher?post=21031"}],"curies":[{"name":"wp","href":"https:\/\/api.w.org\/{rel}","templated":true}]}}