{"id":21034,"date":"2023-02-27T13:41:18","date_gmt":"2023-02-27T11:41:18","guid":{"rendered":"https:\/\/exlibris.ee\/toode\/dabei-a1-2-testtrainer-mit-audio-cd\/"},"modified":"2026-04-04T03:17:57","modified_gmt":"2026-04-04T00:17:57","slug":"dabei-a1-2-testtrainer-mit-audio-cd","status":"publish","type":"product","link":"https:\/\/exlibris.ee\/ru\/produkt\/dabei-a1-2-testtrainer-mit-audio-cd\/","title":{"rendered":"Dabei! A1  \/ Testtrainer mit Audio-CD"},"content":{"rendered":"<p>Testtrainer mit eingelegter Audio-CD Zielgruppe Lehrende, die mit Dabei! A1.1 und A1.2 unterrichten und ihre Sch\u00fclerinnen und Sch\u00fcler auf Pr\u00fcfungen vorbereiten m\u00f6chten. Zu jedem Modul gibt es drei Tests, die jeweils die Inhalte eines Moduls \u00fcberpr\u00fcfen. Jeder Test umfasst eine Doppelseite. Pr\u00fcfungsrubriken pro Modul: &#8212; H\u00f6ren &#8212; Lesen &#8212; Schreiben &#8212; Grammatik &#8212; Wortschatz &#8212; Redemittel &#8212; Rechtschreiben &#8212; Aussprache \u00dcber ein Punktebewertungssystem kann der Lernstand genau \u00fcberpr\u00fcft werden. Mit Strategietraining zur Pr\u00fcfungsvorbereitung. Anhang mit L\u00f6sungsschl\u00fcssel und Transkriptionen.<\/p>\n","protected":false},"excerpt":{"rendered":"<p>Testtrainer mit eingelegter Audio-CD Zielgruppe Lehrende, die mit Dabei! A1.1 und A1.2 unterrichten und ihre Sch\u00fclerinnen und Sch\u00fcler auf Pr\u00fcfungen vorbereiten m\u00f6chten. Zu jedem Modul gibt es drei Tests, die jeweils die Inhalte eines Moduls \u00fcberpr\u00fcfen. Jeder Test umfasst eine&#8230;<\/p>\n","protected":false},"featured_media":56113,"template":"","meta":{"_acf_changed":false,"inline_featured_image":false},"product_brand":[],"product_cat":[1127],"product_tag":[],"series":[{"id":561,"name":"Dabei! A1.2","slug":"dabei-a1-2"}],"publisher":[{"id":497,"name":"Hueber Verlag","slug":"hueber-verlag"}],"class_list":{"0":"post-21034","1":"product","2":"type-product","3":"status-publish","4":"has-post-thumbnail","6":"product_cat-deutsch-fur-jugendliche","7":"series-dabei-a1-2","8":"publisher-hueber-verlag","10":"first","11":"onbackorder","12":"taxable","13":"shipping-taxable","14":"purchasable","15":"product-type-simple"},"acf":[],"_links":{"self":[{"href":"https:\/\/exlibris.ee\/ru\/wp-json\/wp\/v2\/product\/21034","targetHints":{"allow":["GET"]}}],"collection":[{"href":"https:\/\/exlibris.ee\/ru\/wp-json\/wp\/v2\/product"}],"about":[{"href":"https:\/\/exlibris.ee\/ru\/wp-json\/wp\/v2\/types\/product"}],"wp:featuredmedia":[{"embeddable":true,"href":"https:\/\/exlibris.ee\/ru\/wp-json\/wp\/v2\/media\/56113"}],"wp:attachment":[{"href":"https:\/\/exlibris.ee\/ru\/wp-json\/wp\/v2\/media?parent=21034"}],"wp:term":[{"taxonomy":"product_brand","embeddable":true,"href":"https:\/\/exlibris.ee\/ru\/wp-json\/wp\/v2\/product_brand?post=21034"},{"taxonomy":"product_cat","embeddable":true,"href":"https:\/\/exlibris.ee\/ru\/wp-json\/wp\/v2\/product_cat?post=21034"},{"taxonomy":"product_tag","embeddable":true,"href":"https:\/\/exlibris.ee\/ru\/wp-json\/wp\/v2\/product_tag?post=21034"},{"taxonomy":"series","embeddable":true,"href":"https:\/\/exlibris.ee\/ru\/wp-json\/wp\/v2\/series?post=21034"},{"taxonomy":"publisher","embeddable":true,"href":"https:\/\/exlibris.ee\/ru\/wp-json\/wp\/v2\/publisher?post=21034"}],"curies":[{"name":"wp","href":"https:\/\/api.w.org\/{rel}","templated":true}]}}