{"id":21058,"date":"2023-02-27T13:41:33","date_gmt":"2023-02-27T11:41:33","guid":{"rendered":"https:\/\/exlibris.ee\/toode\/schritte-international-neu-sprachniveau-34-kursbuch\/"},"modified":"2026-04-12T11:31:13","modified_gmt":"2026-04-12T08:31:13","slug":"schritte-international-neu-sprachniveau-34-kursbuch","status":"publish","type":"product","link":"https:\/\/exlibris.ee\/ru\/produkt\/schritte-international-neu-sprachniveau-34-kursbuch\/","title":{"rendered":"Schritte international Neu 3+4  Kursbuch"},"content":{"rendered":"<p>Lehrwerk f\u00fcr Anf\u00e4nger, die zielgerichtet Deutsch lernen und sich auf das Zertifikat Deutsch B1 vorbereiten wollen. Grundlegende \u00dcberarbeitung des bew\u00e4hrten Lehrwerks mithilfe von R\u00fcckmeldungen von Kursleitern aus verschiedenen L\u00e4ndern (Europa, Asien, Latein\/S\u00fcdamerika). Vollband Niveau A2 &#8212; Hoher emotionaler Faktor durch neue Foto-H\u00f6rgeschichte &#8212; Audiovisuelle Elemente bereichern die Lektionen (verschiedene Videos) &#8212; Mehr Lernhilfen: Genusmarkierungen, Formensymbolik f\u00fcr Verb\/Subjekt &#8212; Gro\u00dfe Anzahl (gut angebundener) Kranzprodukte, vorallem im digitalen Bereich.<\/p>\n","protected":false},"excerpt":{"rendered":"<p>Lehrwerk f\u00fcr Anf\u00e4nger, die zielgerichtet Deutsch lernen und sich auf das Zertifikat Deutsch B1 vorbereiten wollen. Grundlegende \u00dcberarbeitung des bew\u00e4hrten Lehrwerks mithilfe von R\u00fcckmeldungen von Kursleitern aus verschiedenen L\u00e4ndern (Europa, Asien, Latein\/S\u00fcdamerika). Vollband Niveau A2 &#8212; Hoher emotionaler Faktor durch&#8230;<\/p>\n","protected":false},"featured_media":219140,"template":"","meta":{"_acf_changed":false,"inline_featured_image":false},"product_brand":[],"product_cat":[1121],"product_tag":[],"series":[{"id":568,"name":"Schritte International Neu Sprachniveau 3+4","slug":"schritte-international-neu-sprachniveau-34"}],"publisher":[{"id":497,"name":"Hueber Verlag","slug":"hueber-verlag"}],"class_list":{"0":"post-21058","1":"product","2":"type-product","3":"status-publish","4":"has-post-thumbnail","6":"product_cat-lehrwerke-fur-jugendliche-und-erwachsene","7":"series-schritte-international-neu-sprachniveau-34","8":"publisher-hueber-verlag","10":"first","11":"instock","12":"taxable","13":"shipping-taxable","14":"purchasable","15":"product-type-simple"},"acf":[],"_links":{"self":[{"href":"https:\/\/exlibris.ee\/ru\/wp-json\/wp\/v2\/product\/21058","targetHints":{"allow":["GET"]}}],"collection":[{"href":"https:\/\/exlibris.ee\/ru\/wp-json\/wp\/v2\/product"}],"about":[{"href":"https:\/\/exlibris.ee\/ru\/wp-json\/wp\/v2\/types\/product"}],"wp:featuredmedia":[{"embeddable":true,"href":"https:\/\/exlibris.ee\/ru\/wp-json\/wp\/v2\/media\/219140"}],"wp:attachment":[{"href":"https:\/\/exlibris.ee\/ru\/wp-json\/wp\/v2\/media?parent=21058"}],"wp:term":[{"taxonomy":"product_brand","embeddable":true,"href":"https:\/\/exlibris.ee\/ru\/wp-json\/wp\/v2\/product_brand?post=21058"},{"taxonomy":"product_cat","embeddable":true,"href":"https:\/\/exlibris.ee\/ru\/wp-json\/wp\/v2\/product_cat?post=21058"},{"taxonomy":"product_tag","embeddable":true,"href":"https:\/\/exlibris.ee\/ru\/wp-json\/wp\/v2\/product_tag?post=21058"},{"taxonomy":"series","embeddable":true,"href":"https:\/\/exlibris.ee\/ru\/wp-json\/wp\/v2\/series?post=21058"},{"taxonomy":"publisher","embeddable":true,"href":"https:\/\/exlibris.ee\/ru\/wp-json\/wp\/v2\/publisher?post=21058"}],"curies":[{"name":"wp","href":"https:\/\/api.w.org\/{rel}","templated":true}]}}