{"id":21062,"date":"2023-02-27T13:41:34","date_gmt":"2023-02-27T11:41:34","guid":{"rendered":"https:\/\/exlibris.ee\/toode\/sicher-c1-medienpaket\/"},"modified":"2026-04-13T05:31:55","modified_gmt":"2026-04-13T02:31:55","slug":"sicher-c1-medienpaket","status":"publish","type":"product","link":"https:\/\/exlibris.ee\/ru\/produkt\/sicher-c1-medienpaket\/","title":{"rendered":"Sicher! C1  2 Audio-CDs und 2 DVDs zum Kursbuch \/ Medienpaket"},"content":{"rendered":"<p>2 Audio-CDs zum Kursbuch &#8212; 2 DVDs mit den Filmen zum Baustein \u201eSehen und H\u00f6ren\u201c &#8212; zus\u00e4tzlicher Service: Audiodateien im Format MP3 \u00fcber portable digitale Ger\u00e4te jederzeit im Internet abrufbar unter www.hueber.de\/sicher.<\/p>\n","protected":false},"excerpt":{"rendered":"<p>2 Audio-CDs zum Kursbuch &#8212; 2 DVDs mit den Filmen zum Baustein \u201eSehen und H\u00f6ren\u201c &#8212; zus\u00e4tzlicher Service: Audiodateien im Format MP3 \u00fcber portable digitale Ger\u00e4te jederzeit im Internet abrufbar unter www.hueber.de\/sicher.<\/p>\n","protected":false},"featured_media":235857,"template":"","meta":{"_acf_changed":false,"inline_featured_image":false},"product_brand":[],"product_cat":[885],"product_tag":[],"series":[{"id":526,"name":"Sicher! C1","slug":"sicher-c1"}],"publisher":[{"id":497,"name":"Hueber Verlag","slug":"hueber-verlag"}],"class_list":{"0":"post-21062","1":"product","2":"type-product","3":"status-publish","4":"has-post-thumbnail","6":"product_cat-berufssprache","7":"series-sicher-c1","8":"publisher-hueber-verlag","10":"first","11":"instock","12":"taxable","13":"shipping-taxable","14":"purchasable","15":"product-type-simple"},"acf":[],"_links":{"self":[{"href":"https:\/\/exlibris.ee\/ru\/wp-json\/wp\/v2\/product\/21062","targetHints":{"allow":["GET"]}}],"collection":[{"href":"https:\/\/exlibris.ee\/ru\/wp-json\/wp\/v2\/product"}],"about":[{"href":"https:\/\/exlibris.ee\/ru\/wp-json\/wp\/v2\/types\/product"}],"wp:featuredmedia":[{"embeddable":true,"href":"https:\/\/exlibris.ee\/ru\/wp-json\/wp\/v2\/media\/235857"}],"wp:attachment":[{"href":"https:\/\/exlibris.ee\/ru\/wp-json\/wp\/v2\/media?parent=21062"}],"wp:term":[{"taxonomy":"product_brand","embeddable":true,"href":"https:\/\/exlibris.ee\/ru\/wp-json\/wp\/v2\/product_brand?post=21062"},{"taxonomy":"product_cat","embeddable":true,"href":"https:\/\/exlibris.ee\/ru\/wp-json\/wp\/v2\/product_cat?post=21062"},{"taxonomy":"product_tag","embeddable":true,"href":"https:\/\/exlibris.ee\/ru\/wp-json\/wp\/v2\/product_tag?post=21062"},{"taxonomy":"series","embeddable":true,"href":"https:\/\/exlibris.ee\/ru\/wp-json\/wp\/v2\/series?post=21062"},{"taxonomy":"publisher","embeddable":true,"href":"https:\/\/exlibris.ee\/ru\/wp-json\/wp\/v2\/publisher?post=21062"}],"curies":[{"name":"wp","href":"https:\/\/api.w.org\/{rel}","templated":true}]}}