{"id":21065,"date":"2023-02-27T13:41:35","date_gmt":"2023-02-27T11:41:35","guid":{"rendered":"https:\/\/exlibris.ee\/toode\/dabei-b1-2-digitalisiertes-kursbuch\/"},"modified":"2026-04-23T05:46:53","modified_gmt":"2026-04-23T02:46:53","slug":"dabei-b1-2-digitalisiertes-kursbuch","status":"publish","type":"product","link":"https:\/\/exlibris.ee\/ru\/produkt\/dabei-b1-2-digitalisiertes-kursbuch\/","title":{"rendered":"Dabei! B1.2 \u2013 \/ Digitalisiertes Kursbuch mit integrierten Audiodateien"},"content":{"rendered":"<p>Digitalisiertes Kursbuch mit integrierten Audiodateien im MP3-Format sowie zahlreichen interaktiven \u00dcbungen Zielgruppe Jugendliche Deutschlerner:innen (11-15 Jahre) im In- und Ausland Dabei! besteht aus je zwei Halbb\u00e4nden pro Niveaustufe. &#8212; Das Kursbuch gliedert sich in 4 Module (&#171;Themenkreise&#187;) mit je 2 abwechslungsreichen Lektionen. &#8212; Den Moduleinstieg bildet eine Bild-Text-Seite mit einer Einstiegsaufgabe und der Ank\u00fcndigung aller Modulthemen und Lernziele. &#8212; Jede Lektion beginnt mit einem prominenten Einstieg, der das Interesse f\u00fcr das Thema weckt und einen Bezug zur Lebenswelt der Heranwachsenden herstellt. Auch auf dem Niveau B1 begleiten Protagonisten die Lernenden durch die Module, treten aber gegen\u00fcber den A-Niveaus zugunsten der Sachthemen in dern Hintergrund. -Bei vielen Aufgaben befinden sich Kommunikationsk\u00e4sten, in denen die Sch\u00fcler systematisch aufbereitete Redemittel finden, die sie f\u00fcr die m\u00fcndliche oder schriftliche Produktion ben\u00f6tigen. In der Grammatikarbeit werden Inhalte aus den A-Niveau wiederholt und mit dem neuen Lernstoff verkn\u00fcpft. Im Arbeitsbuch k\u00f6nnen die Sch\u00fclerinnen und Sch\u00fcler die Themen dann noch einmal selbstst\u00e4ndig erarbeiten. &#8212; Am Ende jedes Moduls gibt es eine Doppelseite &#171;Zum Schluss&#187; mit wiederkehrenden Rubriken wie z.B. Landeskunde, Projektarbeit und Sprechen sowie eine Modul-Zusammenfassung &#171;Das kann ich schon&#187; auf der letzten Modulseite. Hier werden die auf der Moduleinstiegsseiten genannten Lernziele mit Beispielen wieder aufgef\u00fchrt. &#8212; Magazin-Seiten mit lektionsbezogenen Spielen und weitere Spielideen sowie landeskundliche Informationen Zus\u00e4tzliche Funktionen auf der Lern-Plattform BlinkLearning In der Sch\u00fclerversion: Notenanzeige und Leistungsstandspeicherung bei den interaktiven \u00dcbungen. In der Version f\u00fcr Lehrkr\u00e4fte: Der Leistungsstand Ihrer einzelnen Sch\u00fcler\/innen und Ihrer Klasse wird Ihnen \u00fcbersichtlich angezeigt. Mit einem Klick k\u00f6nnen Sie Ihren Sch\u00fcler\/innen eine passende \u00dcbung zuweisen.<\/p>\n","protected":false},"excerpt":{"rendered":"<p>Digitalisiertes Kursbuch mit integrierten Audiodateien im MP3-Format sowie zahlreichen interaktiven \u00dcbungen Zielgruppe Jugendliche Deutschlerner:innen (11-15 Jahre) im In- und Ausland Dabei! besteht aus je zwei Halbb\u00e4nden pro Niveaustufe. &#8212; Das Kursbuch gliedert sich in 4 Module (&#171;Themenkreise&#187;) mit je 2&#8230;<\/p>\n","protected":false},"featured_media":56464,"template":"","meta":{"_acf_changed":false,"inline_featured_image":false},"product_brand":[],"product_cat":[1127],"product_tag":[],"series":[{"id":537,"name":"Dabei! B1.2","slug":"dabei-b1-2"}],"publisher":[{"id":497,"name":"Hueber Verlag","slug":"hueber-verlag"}],"class_list":{"0":"post-21065","1":"product","2":"type-product","3":"status-publish","4":"has-post-thumbnail","6":"product_cat-deutsch-fur-jugendliche","7":"series-dabei-b1-2","8":"publisher-hueber-verlag","10":"first","11":"onbackorder","12":"taxable","13":"shipping-taxable","14":"purchasable","15":"product-type-simple"},"acf":[],"_links":{"self":[{"href":"https:\/\/exlibris.ee\/ru\/wp-json\/wp\/v2\/product\/21065","targetHints":{"allow":["GET"]}}],"collection":[{"href":"https:\/\/exlibris.ee\/ru\/wp-json\/wp\/v2\/product"}],"about":[{"href":"https:\/\/exlibris.ee\/ru\/wp-json\/wp\/v2\/types\/product"}],"wp:featuredmedia":[{"embeddable":true,"href":"https:\/\/exlibris.ee\/ru\/wp-json\/wp\/v2\/media\/56464"}],"wp:attachment":[{"href":"https:\/\/exlibris.ee\/ru\/wp-json\/wp\/v2\/media?parent=21065"}],"wp:term":[{"taxonomy":"product_brand","embeddable":true,"href":"https:\/\/exlibris.ee\/ru\/wp-json\/wp\/v2\/product_brand?post=21065"},{"taxonomy":"product_cat","embeddable":true,"href":"https:\/\/exlibris.ee\/ru\/wp-json\/wp\/v2\/product_cat?post=21065"},{"taxonomy":"product_tag","embeddable":true,"href":"https:\/\/exlibris.ee\/ru\/wp-json\/wp\/v2\/product_tag?post=21065"},{"taxonomy":"series","embeddable":true,"href":"https:\/\/exlibris.ee\/ru\/wp-json\/wp\/v2\/series?post=21065"},{"taxonomy":"publisher","embeddable":true,"href":"https:\/\/exlibris.ee\/ru\/wp-json\/wp\/v2\/publisher?post=21065"}],"curies":[{"name":"wp","href":"https:\/\/api.w.org\/{rel}","templated":true}]}}