{"id":21066,"date":"2023-02-27T13:41:35","date_gmt":"2023-02-27T11:41:35","guid":{"rendered":"https:\/\/exlibris.ee\/toode\/ideen-sprachniveau-1-arbeitsbuch-mit-audio-cd-zum-arbeitsbuch-cd-rom\/"},"modified":"2026-04-14T19:25:20","modified_gmt":"2026-04-14T16:25:20","slug":"ideen-sprachniveau-1-arbeitsbuch-mit-audio-cd-zum-arbeitsbuch-cd-rom","status":"publish","type":"product","link":"https:\/\/exlibris.ee\/ru\/produkt\/ideen-sprachniveau-1-arbeitsbuch-mit-audio-cd-zum-arbeitsbuch-cd-rom\/","title":{"rendered":"Ideen 1  Arbeitsbuch mit Audio-CD zum Arbeitsbuch + CD-ROM"},"content":{"rendered":"<p>Eine Vielfalt unterschiedlicher Aktivit\u00e4ten und Aufgabenstellungen gibt den Lernenden zus\u00e4tzliche M\u00f6glichkeiten f\u00fcr ein erweitertes \u00dcben und Festigen der sprachlichen Mittel, die sie in der Lektion gelernt haben. Das Arbeitsbuch kann im Unterricht oder zu Hause im Selbststudium (z.B. als Hausaufgabe) verwendet werden. Da bekanntlich die meisten Lehrpersonen mit sehr heterogenen Lerngruppen konfrontiert sind, sind die Aufgabenstellungen im Arbeitsbuch so konzipiert, dass sie Lernenden auf sehr unterschiedlichen Kompetenzniveaus Erfolgserlebnisse vermitteln k\u00f6nnen. Das Arbeitsbuch enth\u00e4lt eine Audio-CD mit den H\u00f6rtexten. Als Erweiterung zu Kurs-und Arbeitsbuch bietet die CD-ROM zahlreiche Zusatz\u00fcbungen zum Stoff der einzelnen Lektionen. Die CD-ROM eignet sich besonders zur selbstst\u00e4ndigen Vertiefung des Lernstoffs zu Hause und bietet viele M\u00f6glichkeiten zum interaktiven und spielerischen \u00dcben. Die CD-ROM ist integriert in der entsprechenden Ausgabe des Arbeitsbuchs oder einzeln erh\u00e4ltlich.<\/p>\n","protected":false},"excerpt":{"rendered":"<p>Eine Vielfalt unterschiedlicher Aktivit\u00e4ten und Aufgabenstellungen gibt den Lernenden zus\u00e4tzliche M\u00f6glichkeiten f\u00fcr ein erweitertes \u00dcben und Festigen der sprachlichen Mittel, die sie in der Lektion gelernt haben. Das Arbeitsbuch kann im Unterricht oder zu Hause im Selbststudium (z.B. als Hausaufgabe)&#8230;<\/p>\n","protected":false},"featured_media":23742,"template":"","meta":{"_acf_changed":false,"inline_featured_image":false},"product_brand":[],"product_cat":[1121],"product_tag":[],"series":[{"id":541,"name":"Ideen Sprachniveau 1","slug":"ideen-sprachniveau-1"}],"publisher":[{"id":497,"name":"Hueber Verlag","slug":"hueber-verlag"}],"class_list":{"0":"post-21066","1":"product","2":"type-product","3":"status-publish","4":"has-post-thumbnail","6":"product_cat-lehrwerke-fur-jugendliche-und-erwachsene","7":"series-ideen-sprachniveau-1","8":"publisher-hueber-verlag","10":"first","11":"onbackorder","12":"taxable","13":"shipping-taxable","14":"purchasable","15":"product-type-simple"},"acf":[],"_links":{"self":[{"href":"https:\/\/exlibris.ee\/ru\/wp-json\/wp\/v2\/product\/21066","targetHints":{"allow":["GET"]}}],"collection":[{"href":"https:\/\/exlibris.ee\/ru\/wp-json\/wp\/v2\/product"}],"about":[{"href":"https:\/\/exlibris.ee\/ru\/wp-json\/wp\/v2\/types\/product"}],"wp:featuredmedia":[{"embeddable":true,"href":"https:\/\/exlibris.ee\/ru\/wp-json\/wp\/v2\/media\/23742"}],"wp:attachment":[{"href":"https:\/\/exlibris.ee\/ru\/wp-json\/wp\/v2\/media?parent=21066"}],"wp:term":[{"taxonomy":"product_brand","embeddable":true,"href":"https:\/\/exlibris.ee\/ru\/wp-json\/wp\/v2\/product_brand?post=21066"},{"taxonomy":"product_cat","embeddable":true,"href":"https:\/\/exlibris.ee\/ru\/wp-json\/wp\/v2\/product_cat?post=21066"},{"taxonomy":"product_tag","embeddable":true,"href":"https:\/\/exlibris.ee\/ru\/wp-json\/wp\/v2\/product_tag?post=21066"},{"taxonomy":"series","embeddable":true,"href":"https:\/\/exlibris.ee\/ru\/wp-json\/wp\/v2\/series?post=21066"},{"taxonomy":"publisher","embeddable":true,"href":"https:\/\/exlibris.ee\/ru\/wp-json\/wp\/v2\/publisher?post=21066"}],"curies":[{"name":"wp","href":"https:\/\/api.w.org\/{rel}","templated":true}]}}