{"id":21067,"date":"2023-02-27T13:41:35","date_gmt":"2023-02-27T11:41:35","guid":{"rendered":"https:\/\/exlibris.ee\/toode\/ideen-sprachniveau-2-arbeitsbuch-mit-2-audio-cds-zum-arbeitsbuch-cd-rom\/"},"modified":"2026-04-13T05:31:57","modified_gmt":"2026-04-13T02:31:57","slug":"ideen-sprachniveau-2-arbeitsbuch-mit-2-audio-cds-zum-arbeitsbuch-cd-rom","status":"publish","type":"product","link":"https:\/\/exlibris.ee\/ru\/produkt\/ideen-sprachniveau-2-arbeitsbuch-mit-2-audio-cds-zum-arbeitsbuch-cd-rom\/","title":{"rendered":"Ideen 2  Arbeitsbuch mit 2 Audio-CDs zum Arbeitsbuch + CD-ROM"},"content":{"rendered":"<p>Das Arbeitsbuch dient zum selbstst\u00e4ndigen \u00dcben und Vertiefen des Lernstoffs im Kursbuch Ideen. Es gibt \u00dcbungsteile zur Textarbeit, zu Grammatik und Wortschatz, zur Aussprache, zu alltagssprachlichen Wendungen sowie ein Fertigkeitentraining zu den Fertigkeiten H\u00f6ren, Lesen und Schreiben. Nach jedem Modul befindet sich ein Modul-Test mit der M\u00f6glichkeit zur Selbstkontrolle. Die L\u00f6sungen hierzu befinden sich im Anhang des Arbeitsbuchs. Eine Audio-CD mit dem H\u00f6rtexten zum AB sowie eine CD-ROM mit zahlreichen vertiefenden \u00dcbungen f\u00fcr das Selbststudium sind eingelegt. Die CD-ROM enth\u00e4lt zahlreiche interaktive \u00dcbungen zum Selbstlernen. Das \u00dcbungsmaterial besteht aus einer Vielzahl zus\u00e4tzlicher Aufgaben und bietet eine abwechslungsreiche Zusatzangebot zu Kurs- und Arbeitsbuch. Das \u00dcbungsmaterial ist f\u00fcr Selbstlerner konzipiert und bietet pro Lektion ca. 15 zus\u00e4tzliche \u00dcbungen, die genau auf die Progression des Kursbuchs zugeschnitten sind. Die \u00dcbungstypologie ist breit angelegt und garantiert eine abwechslungsreiche \u00dcbungsabfolge. Es gibt zus\u00e4tzliche \u00dcbungen zu Wortschatz und Grammatik, Lesen und H\u00f6ren sowie Diktate, Spiele, Quizfragen etc.<\/p>\n","protected":false},"excerpt":{"rendered":"<p>Das Arbeitsbuch dient zum selbstst\u00e4ndigen \u00dcben und Vertiefen des Lernstoffs im Kursbuch Ideen. Es gibt \u00dcbungsteile zur Textarbeit, zu Grammatik und Wortschatz, zur Aussprache, zu alltagssprachlichen Wendungen sowie ein Fertigkeitentraining zu den Fertigkeiten H\u00f6ren, Lesen und Schreiben. Nach jedem Modul&#8230;<\/p>\n","protected":false},"featured_media":56470,"template":"","meta":{"_acf_changed":false,"inline_featured_image":false},"product_brand":[],"product_cat":[1121],"product_tag":[],"series":[{"id":542,"name":"Ideen Sprachniveau 2","slug":"ideen-sprachniveau-2"}],"publisher":[{"id":497,"name":"Hueber Verlag","slug":"hueber-verlag"}],"class_list":{"0":"post-21067","1":"product","2":"type-product","3":"status-publish","4":"has-post-thumbnail","6":"product_cat-lehrwerke-fur-jugendliche-und-erwachsene","7":"series-ideen-sprachniveau-2","8":"publisher-hueber-verlag","10":"first","11":"instock","12":"taxable","13":"shipping-taxable","14":"purchasable","15":"product-type-simple"},"acf":[],"_links":{"self":[{"href":"https:\/\/exlibris.ee\/ru\/wp-json\/wp\/v2\/product\/21067","targetHints":{"allow":["GET"]}}],"collection":[{"href":"https:\/\/exlibris.ee\/ru\/wp-json\/wp\/v2\/product"}],"about":[{"href":"https:\/\/exlibris.ee\/ru\/wp-json\/wp\/v2\/types\/product"}],"wp:featuredmedia":[{"embeddable":true,"href":"https:\/\/exlibris.ee\/ru\/wp-json\/wp\/v2\/media\/56470"}],"wp:attachment":[{"href":"https:\/\/exlibris.ee\/ru\/wp-json\/wp\/v2\/media?parent=21067"}],"wp:term":[{"taxonomy":"product_brand","embeddable":true,"href":"https:\/\/exlibris.ee\/ru\/wp-json\/wp\/v2\/product_brand?post=21067"},{"taxonomy":"product_cat","embeddable":true,"href":"https:\/\/exlibris.ee\/ru\/wp-json\/wp\/v2\/product_cat?post=21067"},{"taxonomy":"product_tag","embeddable":true,"href":"https:\/\/exlibris.ee\/ru\/wp-json\/wp\/v2\/product_tag?post=21067"},{"taxonomy":"series","embeddable":true,"href":"https:\/\/exlibris.ee\/ru\/wp-json\/wp\/v2\/series?post=21067"},{"taxonomy":"publisher","embeddable":true,"href":"https:\/\/exlibris.ee\/ru\/wp-json\/wp\/v2\/publisher?post=21067"}],"curies":[{"name":"wp","href":"https:\/\/api.w.org\/{rel}","templated":true}]}}