{"id":21068,"date":"2023-02-27T13:41:35","date_gmt":"2023-02-27T11:41:35","guid":{"rendered":"https:\/\/exlibris.ee\/toode\/digitalisiertes-kursbuch-mit-integrierten-audiodateien\/"},"modified":"2026-04-03T09:18:14","modified_gmt":"2026-04-03T06:18:14","slug":"digitalisiertes-kursbuch-mit-integrierten-audiodateien","status":"publish","type":"product","link":"https:\/\/exlibris.ee\/ru\/produkt\/digitalisiertes-kursbuch-mit-integrierten-audiodateien\/","title":{"rendered":"Planetino 1 \u2013 Digitale Ausgabe  Deutsch f\u00fcr Kinder \/ Digitalisiertes Kursbuch mit integrierten Audiodateien"},"content":{"rendered":"<p>Zielgruppe: Der Kurs wendet sich an acht- bis elfj\u00e4hrige Kinder, die im In- oder Ausland ohne Vorkenntnisse Deutsch lernen. Digitalisiertes Kursbuch &#8212; f\u00fcnf Module mit je vier kurzen Lektionen &#8212; flache, spiralige Progression &#8212; einfache, kindgerechte Sprache &#8212; Lernstrategien unterst\u00fctzen eigenst\u00e4ndiges Lernen &#8212; \u00dcbersicht \u00fcber die gelernte Grammatik und wichtige Redemittel &#8212; Phonetik wird von Anfang an ge\u00fcbt &#8212; Theaterst\u00fcck und landeskundliche Lektion &#8212; chronologische Wortliste Integrierte MP3-Dateien &#8212; H\u00f6r- und Lesetexte &#8212; \u00dcbungen zur Aussprache &#8212; Lieder (auch als Playbackfassung zum Mitsingen) &#8212; Theaterst\u00fcck.<\/p>\n","protected":false},"excerpt":{"rendered":"<p>Zielgruppe: Der Kurs wendet sich an acht- bis elfj\u00e4hrige Kinder, die im In- oder Ausland ohne Vorkenntnisse Deutsch lernen. Digitalisiertes Kursbuch &#8212; f\u00fcnf Module mit je vier kurzen Lektionen &#8212; flache, spiralige Progression &#8212; einfache, kindgerechte Sprache &#8212; Lernstrategien unterst\u00fctzen&#8230;<\/p>\n","protected":false},"featured_media":56515,"template":"","meta":{"_acf_changed":false,"inline_featured_image":false},"product_brand":[],"product_cat":[471],"product_tag":[],"series":[{"id":570,"name":"Planetino Sprachniveau 1","slug":"planetino-sprachniveau-1"}],"publisher":[{"id":497,"name":"Hueber Verlag","slug":"hueber-verlag"}],"class_list":{"0":"post-21068","1":"product","2":"type-product","3":"status-publish","4":"has-post-thumbnail","6":"product_cat-lehrwerke-fur-kinder","7":"series-planetino-sprachniveau-1","8":"publisher-hueber-verlag","10":"first","11":"onbackorder","12":"taxable","13":"shipping-taxable","14":"purchasable","15":"product-type-simple"},"acf":[],"_links":{"self":[{"href":"https:\/\/exlibris.ee\/ru\/wp-json\/wp\/v2\/product\/21068","targetHints":{"allow":["GET"]}}],"collection":[{"href":"https:\/\/exlibris.ee\/ru\/wp-json\/wp\/v2\/product"}],"about":[{"href":"https:\/\/exlibris.ee\/ru\/wp-json\/wp\/v2\/types\/product"}],"wp:featuredmedia":[{"embeddable":true,"href":"https:\/\/exlibris.ee\/ru\/wp-json\/wp\/v2\/media\/56515"}],"wp:attachment":[{"href":"https:\/\/exlibris.ee\/ru\/wp-json\/wp\/v2\/media?parent=21068"}],"wp:term":[{"taxonomy":"product_brand","embeddable":true,"href":"https:\/\/exlibris.ee\/ru\/wp-json\/wp\/v2\/product_brand?post=21068"},{"taxonomy":"product_cat","embeddable":true,"href":"https:\/\/exlibris.ee\/ru\/wp-json\/wp\/v2\/product_cat?post=21068"},{"taxonomy":"product_tag","embeddable":true,"href":"https:\/\/exlibris.ee\/ru\/wp-json\/wp\/v2\/product_tag?post=21068"},{"taxonomy":"series","embeddable":true,"href":"https:\/\/exlibris.ee\/ru\/wp-json\/wp\/v2\/series?post=21068"},{"taxonomy":"publisher","embeddable":true,"href":"https:\/\/exlibris.ee\/ru\/wp-json\/wp\/v2\/publisher?post=21068"}],"curies":[{"name":"wp","href":"https:\/\/api.w.org\/{rel}","templated":true}]}}