{"id":21069,"date":"2023-02-27T13:41:35","date_gmt":"2023-02-27T11:41:35","guid":{"rendered":"https:\/\/exlibris.ee\/toode\/spielerisch-deutsch-lernen-grundwortschatz-ratsel-f-das-1-schuljahr\/"},"modified":"2026-04-05T15:31:30","modified_gmt":"2026-04-05T12:31:30","slug":"spielerisch-deutsch-lernen-grundwortschatz-ratsel-f-das-1-schuljahr","status":"publish","type":"product","link":"https:\/\/exlibris.ee\/ru\/produkt\/spielerisch-deutsch-lernen-grundwortschatz-ratsel-f-das-1-schuljahr\/","title":{"rendered":"Grundwortschatz-R\u00e4tsel f\u00fcr das 1. Schuljahr  Buch"},"content":{"rendered":"<p>Von der Vorschule bis zur Lernstufe 3 \u2013 Spielerisch Deutsch lernen bietet Kindern eine wichtige Unterst\u00fctzung beim Lernen der deutschen Sprache, egal ob als Fremd- oder Zweitsprache. Die neuen Grundwortschatz-R\u00e4tsel vertiefen Wortschatz, Rechtschreibung und Grammatik aus dem 1. Schuljahr und sichern so die Basis f\u00fcr den weiteren Lern- und Schulerfolg. Inhalte sind z. B. Laute und Anlaute, Silben, Nomen, Verben, Gro\u00df- und Kleinschreibung, Reimw\u00f6rter, einfache Satzstrukturen etc.<\/p>\n","protected":false},"excerpt":{"rendered":"<p>Von der Vorschule bis zur Lernstufe 3 \u2013 Spielerisch Deutsch lernen bietet Kindern eine wichtige Unterst\u00fctzung beim Lernen der deutschen Sprache, egal ob als Fremd- oder Zweitsprache. Die neuen Grundwortschatz-R\u00e4tsel vertiefen Wortschatz, Rechtschreibung und Grammatik aus dem 1. Schuljahr und&#8230;<\/p>\n","protected":false},"featured_media":56518,"template":"","meta":{"_acf_changed":false,"inline_featured_image":false},"product_brand":[],"product_cat":[884],"product_tag":[],"series":[{"id":550,"name":"Spielerisch deutsch lernen","slug":"spielerisch-deutsch-lernen"}],"publisher":[{"id":497,"name":"Hueber Verlag","slug":"hueber-verlag"}],"class_list":{"0":"post-21069","1":"product","2":"type-product","3":"status-publish","4":"has-post-thumbnail","6":"product_cat-wortschatz","7":"series-spielerisch-deutsch-lernen","8":"publisher-hueber-verlag","10":"first","11":"onbackorder","12":"taxable","13":"shipping-taxable","14":"purchasable","15":"product-type-simple"},"acf":[],"_links":{"self":[{"href":"https:\/\/exlibris.ee\/ru\/wp-json\/wp\/v2\/product\/21069","targetHints":{"allow":["GET"]}}],"collection":[{"href":"https:\/\/exlibris.ee\/ru\/wp-json\/wp\/v2\/product"}],"about":[{"href":"https:\/\/exlibris.ee\/ru\/wp-json\/wp\/v2\/types\/product"}],"wp:featuredmedia":[{"embeddable":true,"href":"https:\/\/exlibris.ee\/ru\/wp-json\/wp\/v2\/media\/56518"}],"wp:attachment":[{"href":"https:\/\/exlibris.ee\/ru\/wp-json\/wp\/v2\/media?parent=21069"}],"wp:term":[{"taxonomy":"product_brand","embeddable":true,"href":"https:\/\/exlibris.ee\/ru\/wp-json\/wp\/v2\/product_brand?post=21069"},{"taxonomy":"product_cat","embeddable":true,"href":"https:\/\/exlibris.ee\/ru\/wp-json\/wp\/v2\/product_cat?post=21069"},{"taxonomy":"product_tag","embeddable":true,"href":"https:\/\/exlibris.ee\/ru\/wp-json\/wp\/v2\/product_tag?post=21069"},{"taxonomy":"series","embeddable":true,"href":"https:\/\/exlibris.ee\/ru\/wp-json\/wp\/v2\/series?post=21069"},{"taxonomy":"publisher","embeddable":true,"href":"https:\/\/exlibris.ee\/ru\/wp-json\/wp\/v2\/publisher?post=21069"}],"curies":[{"name":"wp","href":"https:\/\/api.w.org\/{rel}","templated":true}]}}