{"id":21071,"date":"2023-02-27T13:41:35","date_gmt":"2023-02-27T11:41:35","guid":{"rendered":"https:\/\/exlibris.ee\/toode\/schritte-international-neu-sprachniveau-12-arbeitsbuchcds-zum-arbeitsbuch\/"},"modified":"2026-04-16T17:34:31","modified_gmt":"2026-04-16T14:34:31","slug":"schritte-international-neu-sprachniveau-12-arbeitsbuchcds-zum-arbeitsbuch","status":"publish","type":"product","link":"https:\/\/exlibris.ee\/ru\/produkt\/schritte-international-neu-sprachniveau-12-arbeitsbuchcds-zum-arbeitsbuch\/","title":{"rendered":"Schritte international Neu 1+2  Arbeitsbuch + 2 CDs zum Arbeitsbuch"},"content":{"rendered":"<p>Arbeitsbuch zur dreib\u00e4ndigen Ausgabe &#8212; \u00dcbungen und Wiederholungs\u00fcbungen in verschiedenen Schwierigkeitsstufen zur Binnendifferenzierung &#8212; ein systematisch aufgebautes Schreibtraining &#8212; Wortschatztraining f\u00fcr einen gezielten Wortschatzerwerb &#8212; ein ausf\u00fchrliches Phonetikprogramm &#8212; Aufgaben zum Mehrsprachigkeitsansatz &#8212; Pr\u00fcfungsaufgaben &#8212; Lernertests mit Selbstauswertung und weiterf\u00fchrendem Trainingsprogramm im Lehrwerkservice &#8212; integrierte Fokus-Seiten bieten zahlreiche zus\u00e4tzliche Materialien zu den Themen Beruf und Alltag. &#8212; Lernwortschatz-Seiten am Ende des Buches mit Illustrationen und Beispiels\u00e4tzen, Schreibzeilen und Lerntipps &#8212; eine systematische Grammatik-\u00dcbersicht im Anhang.<\/p>\n","protected":false},"excerpt":{"rendered":"<p>Arbeitsbuch zur dreib\u00e4ndigen Ausgabe &#8212; \u00dcbungen und Wiederholungs\u00fcbungen in verschiedenen Schwierigkeitsstufen zur Binnendifferenzierung &#8212; ein systematisch aufgebautes Schreibtraining &#8212; Wortschatztraining f\u00fcr einen gezielten Wortschatzerwerb &#8212; ein ausf\u00fchrliches Phonetikprogramm &#8212; Aufgaben zum Mehrsprachigkeitsansatz &#8212; Pr\u00fcfungsaufgaben &#8212; Lernertests mit Selbstauswertung und weiterf\u00fchrendem&#8230;<\/p>\n","protected":false},"featured_media":303724,"template":"","meta":{"_acf_changed":false,"inline_featured_image":false},"product_brand":[],"product_cat":[1121],"product_tag":[],"series":[{"id":567,"name":"Schritte International Neu Sprachniveau 1+2","slug":"schritte-international-neu-sprachniveau-12"}],"publisher":[{"id":497,"name":"Hueber Verlag","slug":"hueber-verlag"}],"class_list":{"0":"post-21071","1":"product","2":"type-product","3":"status-publish","4":"has-post-thumbnail","6":"product_cat-lehrwerke-fur-jugendliche-und-erwachsene","7":"series-schritte-international-neu-sprachniveau-12","8":"publisher-hueber-verlag","10":"first","11":"instock","12":"taxable","13":"shipping-taxable","14":"purchasable","15":"product-type-simple"},"acf":[],"_links":{"self":[{"href":"https:\/\/exlibris.ee\/ru\/wp-json\/wp\/v2\/product\/21071","targetHints":{"allow":["GET"]}}],"collection":[{"href":"https:\/\/exlibris.ee\/ru\/wp-json\/wp\/v2\/product"}],"about":[{"href":"https:\/\/exlibris.ee\/ru\/wp-json\/wp\/v2\/types\/product"}],"wp:featuredmedia":[{"embeddable":true,"href":"https:\/\/exlibris.ee\/ru\/wp-json\/wp\/v2\/media\/303724"}],"wp:attachment":[{"href":"https:\/\/exlibris.ee\/ru\/wp-json\/wp\/v2\/media?parent=21071"}],"wp:term":[{"taxonomy":"product_brand","embeddable":true,"href":"https:\/\/exlibris.ee\/ru\/wp-json\/wp\/v2\/product_brand?post=21071"},{"taxonomy":"product_cat","embeddable":true,"href":"https:\/\/exlibris.ee\/ru\/wp-json\/wp\/v2\/product_cat?post=21071"},{"taxonomy":"product_tag","embeddable":true,"href":"https:\/\/exlibris.ee\/ru\/wp-json\/wp\/v2\/product_tag?post=21071"},{"taxonomy":"series","embeddable":true,"href":"https:\/\/exlibris.ee\/ru\/wp-json\/wp\/v2\/series?post=21071"},{"taxonomy":"publisher","embeddable":true,"href":"https:\/\/exlibris.ee\/ru\/wp-json\/wp\/v2\/publisher?post=21071"}],"curies":[{"name":"wp","href":"https:\/\/api.w.org\/{rel}","templated":true}]}}