{"id":21072,"date":"2023-02-27T13:41:36","date_gmt":"2023-02-27T11:41:36","guid":{"rendered":"https:\/\/exlibris.ee\/toode\/schritte-international-neu-sprachniveau-34-arbeitsbuchcds-zum-arbeitsbuch\/"},"modified":"2026-04-18T15:37:31","modified_gmt":"2026-04-18T12:37:31","slug":"schritte-international-neu-sprachniveau-34-arbeitsbuchcds-zum-arbeitsbuch","status":"publish","type":"product","link":"https:\/\/exlibris.ee\/ru\/produkt\/schritte-international-neu-sprachniveau-34-arbeitsbuchcds-zum-arbeitsbuch\/","title":{"rendered":"Schritte international Neu 3+4  Arbeitsbuch + 2 CDs zum Arbeitsbuch"},"content":{"rendered":"<p>Arbeitsbuch zur dreib\u00e4ndigen Ausgabe Lehrwerk f\u00fcr Anf\u00e4nger, die zielgerichtet Deutsch lernen und sich auf das Zertifikat Deutsch B1 vorbereiten wollen. Grundlegende \u00dcberarbeitung des bew\u00e4hrten Lehrwerks mithilfe von R\u00fcckmeldungen von Kursleitern aus verschiedenen L\u00e4ndern (Europa, Asien, Latein\/S\u00fcdamerika). Was ist neu? &#8212; Layout 4-farbig &#8212; Optimierung alter \u00dcbungen \/ tw. neue \u00dcbungen &#8212; Neue Rubrik: Wortschatztraining &#8212; Lernwortschatz als zusammenh\u00e4ngender Block zur besseren \u00dcbersicht; gezielteres W\u00f6rterlernen m\u00f6glich &#8212; eine neue Berufsseite in die Arbeitsbuchlektion integriert: &#171;Fokus Beruf&#187; &#8212; Phonetik mehr kontextualisiert &#8212; Lernertest (mit Ampelauswertung, \u00e4hnlich Menschen, mit binnendifferenzierenden \u00dcbungen zum Weiterlernen im Lehrwerkservice) Das bleibt: &#8212; Binnendifferenzierung (\u00fcber Layout klarer erkennbar) &#8212; Rubriken: Grammatik entdecken, Schreibtraining, Wiederholung.<\/p>\n","protected":false},"excerpt":{"rendered":"<p>Arbeitsbuch zur dreib\u00e4ndigen Ausgabe Lehrwerk f\u00fcr Anf\u00e4nger, die zielgerichtet Deutsch lernen und sich auf das Zertifikat Deutsch B1 vorbereiten wollen. Grundlegende \u00dcberarbeitung des bew\u00e4hrten Lehrwerks mithilfe von R\u00fcckmeldungen von Kursleitern aus verschiedenen L\u00e4ndern (Europa, Asien, Latein\/S\u00fcdamerika). Was ist neu? &#8212;&#8230;<\/p>\n","protected":false},"featured_media":338027,"template":"","meta":{"_acf_changed":false,"inline_featured_image":false},"product_brand":[],"product_cat":[1121],"product_tag":[],"series":[{"id":568,"name":"Schritte International Neu Sprachniveau 3+4","slug":"schritte-international-neu-sprachniveau-34"}],"publisher":[{"id":497,"name":"Hueber Verlag","slug":"hueber-verlag"}],"class_list":{"0":"post-21072","1":"product","2":"type-product","3":"status-publish","4":"has-post-thumbnail","6":"product_cat-lehrwerke-fur-jugendliche-und-erwachsene","7":"series-schritte-international-neu-sprachniveau-34","8":"publisher-hueber-verlag","10":"first","11":"instock","12":"taxable","13":"shipping-taxable","14":"purchasable","15":"product-type-simple"},"acf":[],"_links":{"self":[{"href":"https:\/\/exlibris.ee\/ru\/wp-json\/wp\/v2\/product\/21072","targetHints":{"allow":["GET"]}}],"collection":[{"href":"https:\/\/exlibris.ee\/ru\/wp-json\/wp\/v2\/product"}],"about":[{"href":"https:\/\/exlibris.ee\/ru\/wp-json\/wp\/v2\/types\/product"}],"wp:featuredmedia":[{"embeddable":true,"href":"https:\/\/exlibris.ee\/ru\/wp-json\/wp\/v2\/media\/338027"}],"wp:attachment":[{"href":"https:\/\/exlibris.ee\/ru\/wp-json\/wp\/v2\/media?parent=21072"}],"wp:term":[{"taxonomy":"product_brand","embeddable":true,"href":"https:\/\/exlibris.ee\/ru\/wp-json\/wp\/v2\/product_brand?post=21072"},{"taxonomy":"product_cat","embeddable":true,"href":"https:\/\/exlibris.ee\/ru\/wp-json\/wp\/v2\/product_cat?post=21072"},{"taxonomy":"product_tag","embeddable":true,"href":"https:\/\/exlibris.ee\/ru\/wp-json\/wp\/v2\/product_tag?post=21072"},{"taxonomy":"series","embeddable":true,"href":"https:\/\/exlibris.ee\/ru\/wp-json\/wp\/v2\/series?post=21072"},{"taxonomy":"publisher","embeddable":true,"href":"https:\/\/exlibris.ee\/ru\/wp-json\/wp\/v2\/publisher?post=21072"}],"curies":[{"name":"wp","href":"https:\/\/api.w.org\/{rel}","templated":true}]}}