{"id":21075,"date":"2023-02-27T13:41:36","date_gmt":"2023-02-27T11:41:36","guid":{"rendered":"https:\/\/exlibris.ee\/toode\/dabei-b1-2-digitalisiertes-arbeitsbuch\/"},"modified":"2026-04-23T05:46:56","modified_gmt":"2026-04-23T02:46:56","slug":"dabei-b1-2-digitalisiertes-arbeitsbuch","status":"publish","type":"product","link":"https:\/\/exlibris.ee\/ru\/produkt\/dabei-b1-2-digitalisiertes-arbeitsbuch\/","title":{"rendered":"Dabei! B1.2 \u2013  \/ Digitalisiertes Arbeitsbuch mit integrierten Audiodateien und interaktiven \u00dcbungen"},"content":{"rendered":"<p>Digitalisiertes Arbeitsbuch mit integrierten Audiodateien im MP3-Format sowie zahlreichen interaktiven \u00dcbungen Zielgruppe Jugendliche Deutschlerner:innen (11-15 Jahre) im In- und Ausland Dabei! besteht aus je zwei Halbb\u00e4nden pro Niveaustufe. Das Arbeitsbuch integriert Schreib-, H\u00f6r- und Lesetraining sowie Grammatik zum Selbstentdecken in den \u00dcbungsablauf. Die \u00dcbungen zur Aussprache sind auf den jeweiligen Lerngegenstand abgestimmt. Wiederholungsseiten (Das habe ich gelernt) sowie Tests am Ende jedes Moduls erm\u00f6glichen die Selbst\u00fcberpr\u00fcfung des Lernfortschritts. Im Anhang: &#8212; illustrierter Lernwortschatz pro Lektion mit Beispielen sowie mit einer Schreibzeile f\u00fcr die \u00dcbersetzung in die Muttersprache &#8212; Listen mit unregelm\u00e4\u00dfigen Verben und Verben mit Pr\u00e4positionen. &#8212; L\u00f6sungen f\u00fcr die Das habe ich gelernt-Seiten Zus\u00e4tzliche Funktionen auf der Lern-Plattform BlinkLearning In der Sch\u00fclerversion: Notenanzeige und Leistungsstandspeicherung bei den interaktiven \u00dcbungen. In der Version f\u00fcr Lehrkr\u00e4fte: Der Leistungsstand Ihrer einzelnen Sch\u00fcler:innen und Ihrer Klasse wird Ihnen \u00fcbersichtlich angezeigt. Mit einem Klick k\u00f6nnen Sie Ihren Sch\u00fcler:innen eine passende \u00dcbung zuweisen.<\/p>\n","protected":false},"excerpt":{"rendered":"<p>Digitalisiertes Arbeitsbuch mit integrierten Audiodateien im MP3-Format sowie zahlreichen interaktiven \u00dcbungen Zielgruppe Jugendliche Deutschlerner:innen (11-15 Jahre) im In- und Ausland Dabei! besteht aus je zwei Halbb\u00e4nden pro Niveaustufe. Das Arbeitsbuch integriert Schreib-, H\u00f6r- und Lesetraining sowie Grammatik zum Selbstentdecken in&#8230;<\/p>\n","protected":false},"featured_media":56566,"template":"","meta":{"_acf_changed":false,"inline_featured_image":false},"product_brand":[],"product_cat":[1127],"product_tag":[],"series":[{"id":537,"name":"Dabei! B1.2","slug":"dabei-b1-2"}],"publisher":[{"id":497,"name":"Hueber Verlag","slug":"hueber-verlag"}],"class_list":{"0":"post-21075","1":"product","2":"type-product","3":"status-publish","4":"has-post-thumbnail","6":"product_cat-deutsch-fur-jugendliche","7":"series-dabei-b1-2","8":"publisher-hueber-verlag","10":"first","11":"onbackorder","12":"taxable","13":"shipping-taxable","14":"purchasable","15":"product-type-simple"},"acf":[],"_links":{"self":[{"href":"https:\/\/exlibris.ee\/ru\/wp-json\/wp\/v2\/product\/21075","targetHints":{"allow":["GET"]}}],"collection":[{"href":"https:\/\/exlibris.ee\/ru\/wp-json\/wp\/v2\/product"}],"about":[{"href":"https:\/\/exlibris.ee\/ru\/wp-json\/wp\/v2\/types\/product"}],"wp:featuredmedia":[{"embeddable":true,"href":"https:\/\/exlibris.ee\/ru\/wp-json\/wp\/v2\/media\/56566"}],"wp:attachment":[{"href":"https:\/\/exlibris.ee\/ru\/wp-json\/wp\/v2\/media?parent=21075"}],"wp:term":[{"taxonomy":"product_brand","embeddable":true,"href":"https:\/\/exlibris.ee\/ru\/wp-json\/wp\/v2\/product_brand?post=21075"},{"taxonomy":"product_cat","embeddable":true,"href":"https:\/\/exlibris.ee\/ru\/wp-json\/wp\/v2\/product_cat?post=21075"},{"taxonomy":"product_tag","embeddable":true,"href":"https:\/\/exlibris.ee\/ru\/wp-json\/wp\/v2\/product_tag?post=21075"},{"taxonomy":"series","embeddable":true,"href":"https:\/\/exlibris.ee\/ru\/wp-json\/wp\/v2\/series?post=21075"},{"taxonomy":"publisher","embeddable":true,"href":"https:\/\/exlibris.ee\/ru\/wp-json\/wp\/v2\/publisher?post=21075"}],"curies":[{"name":"wp","href":"https:\/\/api.w.org\/{rel}","templated":true}]}}