{"id":21085,"date":"2023-02-27T13:41:38","date_gmt":"2023-02-27T11:41:38","guid":{"rendered":"https:\/\/exlibris.ee\/toode\/menschen-a1-paket-lehrerhandbuch-a1-1-und-a1-2\/"},"modified":"2026-04-05T15:31:34","modified_gmt":"2026-04-05T12:31:34","slug":"menschen-a1-paket-lehrerhandbuch-a1-1-und-a1-2","status":"publish","type":"product","link":"https:\/\/exlibris.ee\/ru\/produkt\/menschen-a1-paket-lehrerhandbuch-a1-1-und-a1-2\/","title":{"rendered":"Menschen A1: Paket Lehrerhandbuch A1.1 und A1.2"},"content":{"rendered":"<p>Konzeptbeschreibung<br \/>\n&#8212; ausf\u00fchrliches Unterrichtsraster mit Tipps zu Methodik, Landeskunde uvm.<br \/>\n&#8212; zus\u00e4tzliche Kopiervorlagen zu den Lektionen<br \/>\n&#8212; Transkriptionen der H\u00f6rtexte<br \/>\n&#8212; L\u00f6sungen zum Kurs- und Arbeitsbuch.<\/p>\n","protected":false},"excerpt":{"rendered":"<p>Konzeptbeschreibung &#8212; ausf\u00fchrliches Unterrichtsraster mit Tipps zu Methodik, Landeskunde uvm. &#8212; zus\u00e4tzliche Kopiervorlagen zu den Lektionen &#8212; Transkriptionen der H\u00f6rtexte &#8212; L\u00f6sungen zum Kurs- und Arbeitsbuch.<\/p>\n","protected":false},"featured_media":23826,"template":"","meta":{"_acf_changed":false,"inline_featured_image":false},"product_brand":[],"product_cat":[1121],"product_tag":[],"series":[{"id":554,"name":"Menschen A1","slug":"menschen-a1"}],"publisher":[{"id":497,"name":"Hueber Verlag","slug":"hueber-verlag"}],"class_list":{"0":"post-21085","1":"product","2":"type-product","3":"status-publish","4":"has-post-thumbnail","6":"product_cat-lehrwerke-fur-jugendliche-und-erwachsene","7":"series-menschen-a1","8":"publisher-hueber-verlag","10":"first","11":"instock","12":"taxable","13":"shipping-taxable","14":"purchasable","15":"product-type-simple"},"acf":[],"_links":{"self":[{"href":"https:\/\/exlibris.ee\/ru\/wp-json\/wp\/v2\/product\/21085","targetHints":{"allow":["GET"]}}],"collection":[{"href":"https:\/\/exlibris.ee\/ru\/wp-json\/wp\/v2\/product"}],"about":[{"href":"https:\/\/exlibris.ee\/ru\/wp-json\/wp\/v2\/types\/product"}],"wp:featuredmedia":[{"embeddable":true,"href":"https:\/\/exlibris.ee\/ru\/wp-json\/wp\/v2\/media\/23826"}],"wp:attachment":[{"href":"https:\/\/exlibris.ee\/ru\/wp-json\/wp\/v2\/media?parent=21085"}],"wp:term":[{"taxonomy":"product_brand","embeddable":true,"href":"https:\/\/exlibris.ee\/ru\/wp-json\/wp\/v2\/product_brand?post=21085"},{"taxonomy":"product_cat","embeddable":true,"href":"https:\/\/exlibris.ee\/ru\/wp-json\/wp\/v2\/product_cat?post=21085"},{"taxonomy":"product_tag","embeddable":true,"href":"https:\/\/exlibris.ee\/ru\/wp-json\/wp\/v2\/product_tag?post=21085"},{"taxonomy":"series","embeddable":true,"href":"https:\/\/exlibris.ee\/ru\/wp-json\/wp\/v2\/series?post=21085"},{"taxonomy":"publisher","embeddable":true,"href":"https:\/\/exlibris.ee\/ru\/wp-json\/wp\/v2\/publisher?post=21085"}],"curies":[{"name":"wp","href":"https:\/\/api.w.org\/{rel}","templated":true}]}}