{"id":21093,"date":"2023-02-27T13:41:39","date_gmt":"2023-02-27T11:41:39","guid":{"rendered":"https:\/\/exlibris.ee\/toode\/spielerisch-deutsch-lernen-neue-geschichten-wortschatz-grammatik\/"},"modified":"2026-04-18T15:39:20","modified_gmt":"2026-04-18T12:39:20","slug":"spielerisch-deutsch-lernen-neue-geschichten-wortschatz-grammatik","status":"publish","type":"product","link":"https:\/\/exlibris.ee\/ru\/produkt\/spielerisch-deutsch-lernen-neue-geschichten-wortschatz-grammatik\/","title":{"rendered":"Wortschatz und Grammatik \u2013 neue Geschichten  Lernstufe 1 \/ Buch"},"content":{"rendered":"<p>Spielerisch Deutsch lernen \u2013 neue Geschichten \u2013 Wortschatz und Grammatik \u2013 Lernstufe 1 unterst\u00fctzt Kinder in den ersten Schuljahren beim Erwerb der ersten Wortschatz- und Grammatikkenntnisse in Deutsch. Einfache und unterhaltsame \u00dcbungen (z. B. Mal-, Zuweisungs- oder Erg\u00e4nzungs\u00fcbungen) und Spiele (z. B. Domino- oder Satzbauspiele) bieten eine kurzweilige Besch\u00e4ftigung mit der deutschen Sprache. Dabei werden Formen der Nomen, Artikel, Verben, Adjektive und einfache Satzstrukturen ge\u00fcbt. Die Seiten \u201eWiederholung \/ Was ich schon kann\u201c erm\u00f6glichen den Kindern, ihren eigenen Lernerfolg zu messen.<\/p>\n","protected":false},"excerpt":{"rendered":"<p>Spielerisch Deutsch lernen \u2013 neue Geschichten \u2013 Wortschatz und Grammatik \u2013 Lernstufe 1 unterst\u00fctzt Kinder in den ersten Schuljahren beim Erwerb der ersten Wortschatz- und Grammatikkenntnisse in Deutsch. Einfache und unterhaltsame \u00dcbungen (z. B. Mal-, Zuweisungs- oder Erg\u00e4nzungs\u00fcbungen) und Spiele&#8230;<\/p>\n","protected":false},"featured_media":56761,"template":"","meta":{"_acf_changed":false,"inline_featured_image":false},"product_brand":[],"product_cat":[480],"product_tag":[],"series":[{"id":550,"name":"Spielerisch deutsch lernen","slug":"spielerisch-deutsch-lernen"}],"publisher":[{"id":497,"name":"Hueber Verlag","slug":"hueber-verlag"}],"class_list":{"0":"post-21093","1":"product","2":"type-product","3":"status-publish","4":"has-post-thumbnail","6":"product_cat-grammatiken","7":"series-spielerisch-deutsch-lernen","8":"publisher-hueber-verlag","10":"first","11":"onbackorder","12":"taxable","13":"shipping-taxable","14":"purchasable","15":"product-type-simple"},"acf":[],"_links":{"self":[{"href":"https:\/\/exlibris.ee\/ru\/wp-json\/wp\/v2\/product\/21093","targetHints":{"allow":["GET"]}}],"collection":[{"href":"https:\/\/exlibris.ee\/ru\/wp-json\/wp\/v2\/product"}],"about":[{"href":"https:\/\/exlibris.ee\/ru\/wp-json\/wp\/v2\/types\/product"}],"wp:featuredmedia":[{"embeddable":true,"href":"https:\/\/exlibris.ee\/ru\/wp-json\/wp\/v2\/media\/56761"}],"wp:attachment":[{"href":"https:\/\/exlibris.ee\/ru\/wp-json\/wp\/v2\/media?parent=21093"}],"wp:term":[{"taxonomy":"product_brand","embeddable":true,"href":"https:\/\/exlibris.ee\/ru\/wp-json\/wp\/v2\/product_brand?post=21093"},{"taxonomy":"product_cat","embeddable":true,"href":"https:\/\/exlibris.ee\/ru\/wp-json\/wp\/v2\/product_cat?post=21093"},{"taxonomy":"product_tag","embeddable":true,"href":"https:\/\/exlibris.ee\/ru\/wp-json\/wp\/v2\/product_tag?post=21093"},{"taxonomy":"series","embeddable":true,"href":"https:\/\/exlibris.ee\/ru\/wp-json\/wp\/v2\/series?post=21093"},{"taxonomy":"publisher","embeddable":true,"href":"https:\/\/exlibris.ee\/ru\/wp-json\/wp\/v2\/publisher?post=21093"}],"curies":[{"name":"wp","href":"https:\/\/api.w.org\/{rel}","templated":true}]}}