{"id":21097,"date":"2023-02-27T13:41:39","date_gmt":"2023-02-27T11:41:39","guid":{"rendered":"https:\/\/exlibris.ee\/toode\/spielerisch-deutsch-lernen-buchstaben-und-worter-lernstufe-1\/"},"modified":"2026-04-05T15:33:00","modified_gmt":"2026-04-05T12:33:00","slug":"spielerisch-deutsch-lernen-buchstaben-und-worter-lernstufe-1","status":"publish","type":"product","link":"https:\/\/exlibris.ee\/ru\/produkt\/spielerisch-deutsch-lernen-buchstaben-und-worter-lernstufe-1\/","title":{"rendered":"Buchstaben und W\u00f6rter  Lernstufe 1 \/ Buch"},"content":{"rendered":"<p>Der Fokus dieses \u00dcbungsheftes: Spielerisch Deutsch lernen Buchstaben und W\u00f6rter \u2013 Lernstufe 1 liegt auf zentralen Vor- und Grundschulthemen wie erstes Schreiben, Kombinieren und Zuordnen. Au\u00dferdem werden F\u00e4higkeiten trainiert, die die Grundlage f\u00fcr das sp\u00e4tere Lernen in der Schule bilden: Ged\u00e4chtnis, Konzentration, Ausdauer und Kreativit\u00e4t.<\/p>\n","protected":false},"excerpt":{"rendered":"<p>Der Fokus dieses \u00dcbungsheftes: Spielerisch Deutsch lernen Buchstaben und W\u00f6rter \u2013 Lernstufe 1 liegt auf zentralen Vor- und Grundschulthemen wie erstes Schreiben, Kombinieren und Zuordnen. Au\u00dferdem werden F\u00e4higkeiten trainiert, die die Grundlage f\u00fcr das sp\u00e4tere Lernen in der Schule bilden:&#8230;<\/p>\n","protected":false},"featured_media":56791,"template":"","meta":{"_acf_changed":false,"inline_featured_image":false},"product_brand":[],"product_cat":[503],"product_tag":[],"series":[{"id":550,"name":"Spielerisch deutsch lernen","slug":"spielerisch-deutsch-lernen"}],"publisher":[{"id":497,"name":"Hueber Verlag","slug":"hueber-verlag"}],"class_list":{"0":"post-21097","1":"product","2":"type-product","3":"status-publish","4":"has-post-thumbnail","6":"product_cat-lernen-mit-bildern-und-spielen","7":"series-spielerisch-deutsch-lernen","8":"publisher-hueber-verlag","10":"first","11":"onbackorder","12":"taxable","13":"shipping-taxable","14":"purchasable","15":"product-type-simple"},"acf":[],"_links":{"self":[{"href":"https:\/\/exlibris.ee\/ru\/wp-json\/wp\/v2\/product\/21097","targetHints":{"allow":["GET"]}}],"collection":[{"href":"https:\/\/exlibris.ee\/ru\/wp-json\/wp\/v2\/product"}],"about":[{"href":"https:\/\/exlibris.ee\/ru\/wp-json\/wp\/v2\/types\/product"}],"wp:featuredmedia":[{"embeddable":true,"href":"https:\/\/exlibris.ee\/ru\/wp-json\/wp\/v2\/media\/56791"}],"wp:attachment":[{"href":"https:\/\/exlibris.ee\/ru\/wp-json\/wp\/v2\/media?parent=21097"}],"wp:term":[{"taxonomy":"product_brand","embeddable":true,"href":"https:\/\/exlibris.ee\/ru\/wp-json\/wp\/v2\/product_brand?post=21097"},{"taxonomy":"product_cat","embeddable":true,"href":"https:\/\/exlibris.ee\/ru\/wp-json\/wp\/v2\/product_cat?post=21097"},{"taxonomy":"product_tag","embeddable":true,"href":"https:\/\/exlibris.ee\/ru\/wp-json\/wp\/v2\/product_tag?post=21097"},{"taxonomy":"series","embeddable":true,"href":"https:\/\/exlibris.ee\/ru\/wp-json\/wp\/v2\/series?post=21097"},{"taxonomy":"publisher","embeddable":true,"href":"https:\/\/exlibris.ee\/ru\/wp-json\/wp\/v2\/publisher?post=21097"}],"curies":[{"name":"wp","href":"https:\/\/api.w.org\/{rel}","templated":true}]}}